{"id":15790,"date":"2022-12-02T11:16:46","date_gmt":"2022-12-02T11:16:46","guid":{"rendered":"https:\/\/www.enabel.be\/?page_id=15790"},"modified":"2023-04-21T09:02:21","modified_gmt":"2023-04-21T09:02:21","slug":"publication-dinformations-sur-les-contractants-des-marches-publics-des-accords-de-cooperation-public-public-et-des-subsides","status":"publish","type":"page","link":"https:\/\/www.enabel.be\/fr\/publication-dinformations-sur-les-contractants-des-marches-publics-des-accords-de-cooperation-public-public-et-des-subsides\/","title":{"rendered":"Publication d&rsquo;informations sur les contractants des march\u00e9s publics, des accords de coop\u00e9ration public-public et des subsides"},"content":{"rendered":"<header class=\"header--big relative flex align-center items-center min-h-[50vh] mt-[115px]\">\n\t<div class=\"z-20 container grid grid-cols-12\">\n\t\t<div class=\"z-30 relative col-span-12 md:col-span-8 col-start-1 md:col-start-3 text-center text-white\">\n\t\t\t\t\t\t<h1 data-aos=\"fade-up mb-0\">Publication d&rsquo;informations sur les contractants des march\u00e9s publics, des accords de coop\u00e9ration public-public et des subsides<\/h1>\n\t\t\t\t\t<\/div>\n\t<\/div>\n\t\t\t\t\t\t\t<img decoding=\"async\" width=\"1920\" height=\"920\" src=\"https:\/\/www.enabel.be\/app\/uploads\/2022\/09\/img_20210211_105609_454.jpg\" class=\"z-0 absolute inset-0 w-full h-full object-cover object-top wp-post-image\" alt=\"construction men standing by photovoltaic panels\" srcset=\"https:\/\/www.enabel.be\/app\/uploads\/2022\/09\/img_20210211_105609_454.jpg 1920w, https:\/\/www.enabel.be\/app\/uploads\/2022\/09\/img_20210211_105609_454-300x144.jpg 300w, https:\/\/www.enabel.be\/app\/uploads\/2022\/09\/img_20210211_105609_454-1024x491.jpg 1024w, https:\/\/www.enabel.be\/app\/uploads\/2022\/09\/img_20210211_105609_454-768x368.jpg 768w, https:\/\/www.enabel.be\/app\/uploads\/2022\/09\/img_20210211_105609_454-1536x736.jpg 1536w\" sizes=\"(max-width: 1920px) 100vw, 1920px\" \/>\n\t\t\t\t\t<div class=\"scroll rellax\" data-rellax-percentage=\"0.5\" data-rellax-speed=\"-1.5\">\n\t\t<p>\n\t\t\tScroll\n\t\t<\/p>\n\t<\/div>\n<\/header>\n\n<section class=\"section--article-content\">\n    <div class=\"container grid grid-cols-12\">\n        <div class=\"col-span-12 col-start-1 md:col-span-8 md:col-start-3\">\n            <h2><span class=\"text-primary-500\"><strong>Dans le cadre de sa politique de Transparence, Enabel s\u2019engage \u00e0 publier chaque ann\u00e9e les informations suivantes sur les march\u00e9s publics, les accords de coop\u00e9ration public-public et les subsides d&rsquo;un montant sup\u00e9rieur \u00e0 15.000 EUR : <\/strong><\/span><\/h2>\n<p>&nbsp;<\/p>\n<ul style=\"list-style-type: disc;\">\n<li>projet ;<\/li>\n<li>objet du march\u00e9 \/ accord public-public\/ subside (titre) ;<\/li>\n<li>type de contrat (march\u00e9 \/ accord public-public\/ subside) ;<\/li>\n<li>montant du march\u00e9 \/ accord public-public \/ subside ;<\/li>\n<li>date du contrat ;<\/li>\n<li>nom et adresse du contractant ou du b\u00e9n\u00e9ficiaire du subside.<\/li>\n<\/ul>\n<p>Les personnes int\u00e9ress\u00e9es peuvent <a href=\"https:\/\/open.enabel.be\/iati\/contractors.xlsx\">t\u00e9l\u00e9charger le document ici<\/a> en format Excel et peuvent \u00e9galement \u00a0trouver <a href=\"https:\/\/iatiregistry.org\/dataset\/enabel-contractors\" target=\"_blank\" rel=\"noopener\">un lien vers la publication des donn\u00e9es selon le standard IATI.<\/a><\/p>\n<p>Ces informations sont publi\u00e9es dans le respect des exigences de confidentialit\u00e9 et en particulier de protection des donn\u00e9es personnelles.<\/p>\n<p>La publication n\u2019aura pas lieu si cette divulgation risque de menacer les droits et libert\u00e9s prot\u00e9g\u00e9s par la Charte des droits fondamentaux de l&rsquo;Union europ\u00e9enne ou de nuire aux int\u00e9r\u00eats commerciaux des contractants ou des b\u00e9n\u00e9ficiaires de subsides.<\/p>\n<p>Cette renonciation \u00e0 la publication peut \u00eatre d\u00e9cid\u00e9e par Enabel sur la base d&rsquo;une appr\u00e9ciation au cas par cas.<\/p>\n<p>&nbsp;<\/p>\n<p>&nbsp;<\/p>\n\n        <\/div>\n    <\/div>\n<\/section>\n\n\n\n<div style=\"height:113px\" aria-hidden=\"true\" class=\"wp-block-spacer\"><\/div>\n","protected":false},"excerpt":{"rendered":"","protected":false},"author":3,"featured_media":6657,"parent":0,"menu_order":0,"comment_status":"closed","ping_status":"closed","template":"","meta":{"_acf_changed":false,"inline_featured_image":false,"footnotes":""},"class_list":["post-15790","page","type-page","status-publish","has-post-thumbnail","hentry"],"yoast_head":"<!-- This site is optimized with the Yoast SEO plugin v25.9 - https:\/\/yoast.com\/wordpress\/plugins\/seo\/ -->\n<title>Publication d&#039;informations sur les contractants des march\u00e9s publics, des accords de coop\u00e9ration public-public et des subsides - Enabel - Agence belge de coop\u00e9ration internationale<\/title>\n<meta name=\"description\" content=\"Publication d&#039;informations sur les contractants des march\u00e9s publics, des accords de coop\u00e9ration public-public et des subsides\" \/>\n<meta name=\"robots\" content=\"index, follow, max-snippet:-1, max-image-preview:large, max-video-preview:-1\" \/>\n<link rel=\"canonical\" href=\"https:\/\/www.enabel.be\/fr\/publication-dinformations-sur-les-contractants-des-marches-publics-des-accords-de-cooperation-public-public-et-des-subsides\/\" \/>\n<meta property=\"og:locale\" content=\"fr_FR\" \/>\n<meta property=\"og:type\" content=\"article\" \/>\n<meta property=\"og:title\" content=\"Publication d&#039;informations sur les contractants des march\u00e9s publics, des accords de coop\u00e9ration public-public et des subsides - Enabel - Agence belge de coop\u00e9ration internationale\" \/>\n<meta property=\"og:description\" content=\"Publication d&#039;informations sur les contractants des march\u00e9s publics, des accords de coop\u00e9ration public-public et des subsides\" \/>\n<meta property=\"og:url\" content=\"https:\/\/www.enabel.be\/fr\/publication-dinformations-sur-les-contractants-des-marches-publics-des-accords-de-cooperation-public-public-et-des-subsides\/\" \/>\n<meta property=\"og:site_name\" content=\"Enabel - Agence belge de coop\u00e9ration internationale\" \/>\n<meta property=\"article:publisher\" content=\"https:\/\/www.facebook.com\/EnabelBelgium\/\" \/>\n<meta property=\"article:modified_time\" content=\"2023-04-21T09:02:21+00:00\" \/>\n<meta property=\"og:image\" content=\"https:\/\/www.enabel.be\/app\/uploads\/2022\/09\/img_20210211_105609_454.jpg\" \/>\n\t<meta property=\"og:image:width\" content=\"1920\" \/>\n\t<meta property=\"og:image:height\" content=\"920\" \/>\n\t<meta property=\"og:image:type\" content=\"image\/jpeg\" \/>\n<meta name=\"twitter:card\" content=\"summary_large_image\" \/>\n<meta name=\"twitter:site\" content=\"@Enabel_Belgium\" \/>\n<script type=\"application\/ld+json\" class=\"yoast-schema-graph\">{\"@context\":\"https:\/\/schema.org\",\"@graph\":[{\"@type\":\"WebPage\",\"@id\":\"https:\/\/www.enabel.be\/fr\/publication-dinformations-sur-les-contractants-des-marches-publics-des-accords-de-cooperation-public-public-et-des-subsides\/\",\"url\":\"https:\/\/www.enabel.be\/fr\/publication-dinformations-sur-les-contractants-des-marches-publics-des-accords-de-cooperation-public-public-et-des-subsides\/\",\"name\":\"Publication d'informations sur les contractants des march\u00e9s publics, des accords de coop\u00e9ration public-public et des subsides - Enabel - Agence belge de coop\u00e9ration internationale\",\"isPartOf\":{\"@id\":\"https:\/\/www.enabel.be\/fr\/#website\"},\"primaryImageOfPage\":{\"@id\":\"https:\/\/www.enabel.be\/fr\/publication-dinformations-sur-les-contractants-des-marches-publics-des-accords-de-cooperation-public-public-et-des-subsides\/#primaryimage\"},\"image\":{\"@id\":\"https:\/\/www.enabel.be\/fr\/publication-dinformations-sur-les-contractants-des-marches-publics-des-accords-de-cooperation-public-public-et-des-subsides\/#primaryimage\"},\"thumbnailUrl\":\"https:\/\/www.enabel.be\/app\/uploads\/2022\/09\/img_20210211_105609_454.jpg\",\"datePublished\":\"2022-12-02T11:16:46+00:00\",\"dateModified\":\"2023-04-21T09:02:21+00:00\",\"description\":\"Publication d'informations sur les contractants des march\u00e9s publics, des accords de coop\u00e9ration public-public et des subsides\",\"breadcrumb\":{\"@id\":\"https:\/\/www.enabel.be\/fr\/publication-dinformations-sur-les-contractants-des-marches-publics-des-accords-de-cooperation-public-public-et-des-subsides\/#breadcrumb\"},\"inLanguage\":\"fr-FR\",\"potentialAction\":[{\"@type\":\"ReadAction\",\"target\":[\"https:\/\/www.enabel.be\/fr\/publication-dinformations-sur-les-contractants-des-marches-publics-des-accords-de-cooperation-public-public-et-des-subsides\/\"]}]},{\"@type\":\"ImageObject\",\"inLanguage\":\"fr-FR\",\"@id\":\"https:\/\/www.enabel.be\/fr\/publication-dinformations-sur-les-contractants-des-marches-publics-des-accords-de-cooperation-public-public-et-des-subsides\/#primaryimage\",\"url\":\"https:\/\/www.enabel.be\/app\/uploads\/2022\/09\/img_20210211_105609_454.jpg\",\"contentUrl\":\"https:\/\/www.enabel.be\/app\/uploads\/2022\/09\/img_20210211_105609_454.jpg\",\"width\":1920,\"height\":920,\"caption\":\"construction men standing by photovoltaic panels\"},{\"@type\":\"BreadcrumbList\",\"@id\":\"https:\/\/www.enabel.be\/fr\/publication-dinformations-sur-les-contractants-des-marches-publics-des-accords-de-cooperation-public-public-et-des-subsides\/#breadcrumb\",\"itemListElement\":[{\"@type\":\"ListItem\",\"position\":1,\"name\":\"Home\",\"item\":\"https:\/\/www.enabel.be\/fr\/\"},{\"@type\":\"ListItem\",\"position\":2,\"name\":\"Publication d&#8217;informations sur les contractants des march\u00e9s publics, des accords de coop\u00e9ration public-public et des subsides\"}]},{\"@type\":\"WebSite\",\"@id\":\"https:\/\/www.enabel.be\/fr\/#website\",\"url\":\"https:\/\/www.enabel.be\/fr\/\",\"name\":\"Enabel - Agence belge de coop\u00e9ration internationale\",\"description\":\"Enabling Change\",\"publisher\":{\"@id\":\"https:\/\/www.enabel.be\/fr\/#organization\"},\"potentialAction\":[{\"@type\":\"SearchAction\",\"target\":{\"@type\":\"EntryPoint\",\"urlTemplate\":\"https:\/\/www.enabel.be\/fr\/?s={search_term_string}\"},\"query-input\":{\"@type\":\"PropertyValueSpecification\",\"valueRequired\":true,\"valueName\":\"search_term_string\"}}],\"inLanguage\":\"fr-FR\"},{\"@type\":\"Organization\",\"@id\":\"https:\/\/www.enabel.be\/fr\/#organization\",\"name\":\"Enabel - Agence belge de coop\u00e9ration internationale\",\"url\":\"https:\/\/www.enabel.be\/fr\/\",\"logo\":{\"@type\":\"ImageObject\",\"inLanguage\":\"fr-FR\",\"@id\":\"https:\/\/www.enabel.be\/fr\/#\/schema\/logo\/image\/\",\"url\":\"https:\/\/www.enabel.be\/app\/uploads\/2022\/06\/enabel-logo-color.svg\",\"contentUrl\":\"https:\/\/www.enabel.be\/app\/uploads\/2022\/06\/enabel-logo-color.svg\",\"width\":103,\"height\":35,\"caption\":\"Enabel - Agence belge de coop\u00e9ration internationale\"},\"image\":{\"@id\":\"https:\/\/www.enabel.be\/fr\/#\/schema\/logo\/image\/\"},\"sameAs\":[\"https:\/\/www.facebook.com\/EnabelBelgium\/\",\"https:\/\/x.com\/Enabel_Belgium\",\"https:\/\/www.instagram.com\/enabel_be\/\",\"https:\/\/www.linkedin.com\/company\/enabel\/\",\"https:\/\/www.youtube.com\/channel\/UCHGr3iOQ9n2jORzgtkv5FyQ\"]}]}<\/script>\n<!-- \/ Yoast SEO plugin. -->","yoast_head_json":{"title":"Publication d'informations sur les contractants des march\u00e9s publics, des accords de coop\u00e9ration public-public et des subsides - Enabel - Agence belge de coop\u00e9ration internationale","description":"Publication d'informations sur les contractants des march\u00e9s publics, des accords de coop\u00e9ration public-public et des subsides","robots":{"index":"index","follow":"follow","max-snippet":"max-snippet:-1","max-image-preview":"max-image-preview:large","max-video-preview":"max-video-preview:-1"},"canonical":"https:\/\/www.enabel.be\/fr\/publication-dinformations-sur-les-contractants-des-marches-publics-des-accords-de-cooperation-public-public-et-des-subsides\/","og_locale":"fr_FR","og_type":"article","og_title":"Publication d'informations sur les contractants des march\u00e9s publics, des accords de coop\u00e9ration public-public et des subsides - Enabel - Agence belge de coop\u00e9ration internationale","og_description":"Publication d'informations sur les contractants des march\u00e9s publics, des accords de coop\u00e9ration public-public et des subsides","og_url":"https:\/\/www.enabel.be\/fr\/publication-dinformations-sur-les-contractants-des-marches-publics-des-accords-de-cooperation-public-public-et-des-subsides\/","og_site_name":"Enabel - Agence belge de coop\u00e9ration internationale","article_publisher":"https:\/\/www.facebook.com\/EnabelBelgium\/","article_modified_time":"2023-04-21T09:02:21+00:00","og_image":[{"width":1920,"height":920,"url":"https:\/\/www.enabel.be\/app\/uploads\/2022\/09\/img_20210211_105609_454.jpg","type":"image\/jpeg"}],"twitter_card":"summary_large_image","twitter_site":"@Enabel_Belgium","schema":{"@context":"https:\/\/schema.org","@graph":[{"@type":"WebPage","@id":"https:\/\/www.enabel.be\/fr\/publication-dinformations-sur-les-contractants-des-marches-publics-des-accords-de-cooperation-public-public-et-des-subsides\/","url":"https:\/\/www.enabel.be\/fr\/publication-dinformations-sur-les-contractants-des-marches-publics-des-accords-de-cooperation-public-public-et-des-subsides\/","name":"Publication d'informations sur les contractants des march\u00e9s publics, des accords de coop\u00e9ration public-public et des subsides - Enabel - Agence belge de coop\u00e9ration internationale","isPartOf":{"@id":"https:\/\/www.enabel.be\/fr\/#website"},"primaryImageOfPage":{"@id":"https:\/\/www.enabel.be\/fr\/publication-dinformations-sur-les-contractants-des-marches-publics-des-accords-de-cooperation-public-public-et-des-subsides\/#primaryimage"},"image":{"@id":"https:\/\/www.enabel.be\/fr\/publication-dinformations-sur-les-contractants-des-marches-publics-des-accords-de-cooperation-public-public-et-des-subsides\/#primaryimage"},"thumbnailUrl":"https:\/\/www.enabel.be\/app\/uploads\/2022\/09\/img_20210211_105609_454.jpg","datePublished":"2022-12-02T11:16:46+00:00","dateModified":"2023-04-21T09:02:21+00:00","description":"Publication d'informations sur les contractants des march\u00e9s publics, des accords de coop\u00e9ration public-public et des subsides","breadcrumb":{"@id":"https:\/\/www.enabel.be\/fr\/publication-dinformations-sur-les-contractants-des-marches-publics-des-accords-de-cooperation-public-public-et-des-subsides\/#breadcrumb"},"inLanguage":"fr-FR","potentialAction":[{"@type":"ReadAction","target":["https:\/\/www.enabel.be\/fr\/publication-dinformations-sur-les-contractants-des-marches-publics-des-accords-de-cooperation-public-public-et-des-subsides\/"]}]},{"@type":"ImageObject","inLanguage":"fr-FR","@id":"https:\/\/www.enabel.be\/fr\/publication-dinformations-sur-les-contractants-des-marches-publics-des-accords-de-cooperation-public-public-et-des-subsides\/#primaryimage","url":"https:\/\/www.enabel.be\/app\/uploads\/2022\/09\/img_20210211_105609_454.jpg","contentUrl":"https:\/\/www.enabel.be\/app\/uploads\/2022\/09\/img_20210211_105609_454.jpg","width":1920,"height":920,"caption":"construction men standing by photovoltaic panels"},{"@type":"BreadcrumbList","@id":"https:\/\/www.enabel.be\/fr\/publication-dinformations-sur-les-contractants-des-marches-publics-des-accords-de-cooperation-public-public-et-des-subsides\/#breadcrumb","itemListElement":[{"@type":"ListItem","position":1,"name":"Home","item":"https:\/\/www.enabel.be\/fr\/"},{"@type":"ListItem","position":2,"name":"Publication d&#8217;informations sur les contractants des march\u00e9s publics, des accords de coop\u00e9ration public-public et des subsides"}]},{"@type":"WebSite","@id":"https:\/\/www.enabel.be\/fr\/#website","url":"https:\/\/www.enabel.be\/fr\/","name":"Enabel - Agence belge de coop\u00e9ration internationale","description":"Enabling Change","publisher":{"@id":"https:\/\/www.enabel.be\/fr\/#organization"},"potentialAction":[{"@type":"SearchAction","target":{"@type":"EntryPoint","urlTemplate":"https:\/\/www.enabel.be\/fr\/?s={search_term_string}"},"query-input":{"@type":"PropertyValueSpecification","valueRequired":true,"valueName":"search_term_string"}}],"inLanguage":"fr-FR"},{"@type":"Organization","@id":"https:\/\/www.enabel.be\/fr\/#organization","name":"Enabel - Agence belge de coop\u00e9ration internationale","url":"https:\/\/www.enabel.be\/fr\/","logo":{"@type":"ImageObject","inLanguage":"fr-FR","@id":"https:\/\/www.enabel.be\/fr\/#\/schema\/logo\/image\/","url":"https:\/\/www.enabel.be\/app\/uploads\/2022\/06\/enabel-logo-color.svg","contentUrl":"https:\/\/www.enabel.be\/app\/uploads\/2022\/06\/enabel-logo-color.svg","width":103,"height":35,"caption":"Enabel - Agence belge de coop\u00e9ration internationale"},"image":{"@id":"https:\/\/www.enabel.be\/fr\/#\/schema\/logo\/image\/"},"sameAs":["https:\/\/www.facebook.com\/EnabelBelgium\/","https:\/\/x.com\/Enabel_Belgium","https:\/\/www.instagram.com\/enabel_be\/","https:\/\/www.linkedin.com\/company\/enabel\/","https:\/\/www.youtube.com\/channel\/UCHGr3iOQ9n2jORzgtkv5FyQ"]}]}},"acf":[],"_links":{"self":[{"href":"https:\/\/www.enabel.be\/fr\/wp-json\/wp\/v2\/pages\/15790","targetHints":{"allow":["GET"]}}],"collection":[{"href":"https:\/\/www.enabel.be\/fr\/wp-json\/wp\/v2\/pages"}],"about":[{"href":"https:\/\/www.enabel.be\/fr\/wp-json\/wp\/v2\/types\/page"}],"author":[{"embeddable":true,"href":"https:\/\/www.enabel.be\/fr\/wp-json\/wp\/v2\/users\/3"}],"replies":[{"embeddable":true,"href":"https:\/\/www.enabel.be\/fr\/wp-json\/wp\/v2\/comments?post=15790"}],"version-history":[{"count":17,"href":"https:\/\/www.enabel.be\/fr\/wp-json\/wp\/v2\/pages\/15790\/revisions"}],"predecessor-version":[{"id":25013,"href":"https:\/\/www.enabel.be\/fr\/wp-json\/wp\/v2\/pages\/15790\/revisions\/25013"}],"wp:featuredmedia":[{"embeddable":true,"href":"https:\/\/www.enabel.be\/fr\/wp-json\/wp\/v2\/media\/6657"}],"wp:attachment":[{"href":"https:\/\/www.enabel.be\/fr\/wp-json\/wp\/v2\/media?parent=15790"}],"curies":[{"name":"wp","href":"https:\/\/api.w.org\/{rel}","templated":true}]}}