{"id":24025,"date":"2023-04-11T09:52:33","date_gmt":"2023-04-11T09:52:33","guid":{"rendered":"https:\/\/www.enabel.be\/?page_id=24025"},"modified":"2025-05-16T07:36:29","modified_gmt":"2025-05-16T07:36:29","slug":"identite-graphique-denabel","status":"publish","type":"page","link":"https:\/\/www.enabel.be\/fr\/identite-graphique-denabel\/","title":{"rendered":"Identit\u00e9 graphique d&rsquo;Enabel"},"content":{"rendered":"<header class=\"header--big relative flex align-center items-center min-h-screen\">\n\t<div class=\"z-20 container grid grid-cols-12\">\n\t\t<div class=\"z-30 relative col-span-12 md:col-span-8 col-start-1 md:col-start-3 text-center text-white\">\n\t\t\t\t\t\t<h1 data-aos=\"fade-up mb-0\">Identit\u00e9 graphique d&rsquo;Enabel<\/h1>\n\t\t\t\t\t<\/div>\n\t<\/div>\n\t\t\t\t\t\t\t<img decoding=\"async\" width=\"1216\" height=\"564\" src=\"https:\/\/www.enabel.be\/app\/uploads\/2023\/04\/Header-website-B.jpg\" class=\"z-0 absolute inset-0 w-full h-full object-cover object-top wp-post-image\" alt=\"\" srcset=\"https:\/\/www.enabel.be\/app\/uploads\/2023\/04\/Header-website-B.jpg 1216w, https:\/\/www.enabel.be\/app\/uploads\/2023\/04\/Header-website-B-300x139.jpg 300w, https:\/\/www.enabel.be\/app\/uploads\/2023\/04\/Header-website-B-1024x475.jpg 1024w, https:\/\/www.enabel.be\/app\/uploads\/2023\/04\/Header-website-B-768x356.jpg 768w\" sizes=\"(max-width: 1216px) 100vw, 1216px\" \/>\n\t\t\t\t\t<div class=\"scroll rellax\" data-rellax-percentage=\"0.5\" data-rellax-speed=\"-1.5\">\n\t\t<p>\n\t\t\tScroll\n\t\t<\/p>\n\t<\/div>\n<\/header>\n\n<section class=\"section--article-content\">\n    <div class=\"container grid grid-cols-12\">\n        <div class=\"col-span-12 col-start-1 md:col-span-8 md:col-start-3\">\n            <p>&nbsp;<\/p>\n<h3 style=\"text-align: center;\"><span class=\"text-primary-500\">Pourquoi Enabel?<\/span><\/h3>\n<hr \/>\n<p>&nbsp;<\/p>\n<p>Enabel est une variante \u00ab belge \u00bb du verbe anglais \u2018to enable\u2019. S\u2019il se prononce comme le terme anglais, il s\u2019\u00e9crit toutefois avec la terminaison\u00a0 bel\u2013, soit une r\u00e9f\u00e9rence claire \u00e0 la Belgique. En faisant le lien avec l\u2019anglais, le nom de notre Agence rev\u00eat aussi toutes les significations du terme anglais qui pointent vers le contenu des activit\u00e9s de l\u2019Agence belge de d\u00e9veloppement.<\/p>\n<p>Enabel signifie en effet permettre, faciliter, autonomiser (empower). Et c\u2019est pr\u00e9cis\u00e9ment ce que fait l\u2019Agence belge de d\u00e9veloppement : nous rendons nos partenaires aptes \u00e0 faire ce qui est n\u00e9cessaire pour que le d\u00e9veloppement durable devienne une r\u00e9alit\u00e9 dans leur pays. Nous devons contribuer \u00e0 mettre en place les conditions permettant le d\u00e9veloppement, nous donnons un petit coup de pouce, nous motivons, nous encourageons, nous promouvons, nous r\u00e9unissons les partenaires et les organisations afin de faire bouger les choses, de r\u00e9aliser le changement.<\/p>\n<p>&nbsp;<\/p>\n<h3 style=\"text-align: center;\"><span class=\"text-primary-500\">Outils d&rsquo;identit\u00e9 visuelle<\/span><\/h3>\n<hr \/>\n<p>&nbsp;<\/p>\n<p><strong>Identit\u00e9 graphique d&rsquo;Enabel<\/strong><\/p>\n<ul style=\"list-style-type: disc;\">\n<li><a href=\"https:\/\/www.enabel.be\/app\/uploads\/2025\/05\/Enabel_Guide_Graphique_2025_FR.pdf\" target=\"_blank\" rel=\"noopener\">Guide graphique<\/a><\/li>\n<\/ul>\n<p><strong>Logo en couleur<\/strong><\/p>\n<ul style=\"list-style-type: disc;\">\n<li><a href=\"https:\/\/www.enabel.be\/app\/uploads\/2023\/04\/Enabel_Logo_Color_RGB.png\">RBG_png<\/a><\/li>\n<li><a href=\"https:\/\/www.enabel.be\/app\/uploads\/2023\/04\/Enabel_Logo_Color_RGB-1.jpg\">RBG_jpg<\/a><\/li>\n<li><a href=\"https:\/\/www.enabel.be\/app\/uploads\/2023\/04\/Enabel_Logo_Color_CMYK.pdf\">CMYK_pdf<\/a><\/li>\n<\/ul>\n<p><strong>Logo gris<\/strong><\/p>\n<ul style=\"list-style-type: disc;\">\n<li><a href=\"https:\/\/www.enabel.be\/app\/uploads\/2023\/04\/Enabel_Logo_Grey.png\">RBG_png<\/a><\/li>\n<li><a href=\"https:\/\/www.enabel.be\/app\/uploads\/2023\/04\/Enabel_Logo_Grey_RGB.jpg\">RBG_jpg<\/a><\/li>\n<li><a href=\"https:\/\/www.enabel.be\/app\/uploads\/2023\/04\/Enabel_Logo_Grey.pdf\">CMYK_pdf<\/a><\/li>\n<\/ul>\n<p><strong>Logo blanc<\/strong><\/p>\n<ul style=\"list-style-type: disc;\">\n<li><a href=\"https:\/\/www.enabel.be\/app\/uploads\/2023\/04\/Enabel_Logo_W.png\">RGB_png<\/a><\/li>\n<\/ul>\n<p>&nbsp;<\/p>\n<p>&nbsp;<\/p>\n\n        <\/div>\n    <\/div>\n<\/section>\n","protected":false},"excerpt":{"rendered":"","protected":false},"author":3,"featured_media":23615,"parent":0,"menu_order":3,"comment_status":"closed","ping_status":"closed","template":"","meta":{"_acf_changed":false,"inline_featured_image":false,"footnotes":""},"class_list":["post-24025","page","type-page","status-publish","has-post-thumbnail","hentry"],"yoast_head":"<!-- This site is optimized with the Yoast SEO plugin v25.9 - https:\/\/yoast.com\/wordpress\/plugins\/seo\/ -->\n<title>Identit\u00e9 graphique d&#039;Enabel - Enabel - Agence belge de coop\u00e9ration internationale<\/title>\n<meta name=\"description\" content=\"Des questions sur l&#039;identit\u00e9 graphique d&#039;Enabel ? Trouvez toutes les r\u00e9ponses ici.\" \/>\n<meta name=\"robots\" content=\"index, follow, max-snippet:-1, max-image-preview:large, max-video-preview:-1\" \/>\n<link rel=\"canonical\" href=\"https:\/\/www.enabel.be\/fr\/identite-graphique-denabel\/\" \/>\n<meta property=\"og:locale\" content=\"fr_FR\" \/>\n<meta property=\"og:type\" content=\"article\" \/>\n<meta property=\"og:title\" content=\"Identit\u00e9 graphique d&#039;Enabel - Enabel - Agence belge de coop\u00e9ration internationale\" \/>\n<meta property=\"og:description\" content=\"Des questions sur l&#039;identit\u00e9 graphique d&#039;Enabel ? Trouvez toutes les r\u00e9ponses ici.\" \/>\n<meta property=\"og:url\" content=\"https:\/\/www.enabel.be\/fr\/identite-graphique-denabel\/\" \/>\n<meta property=\"og:site_name\" content=\"Enabel - Agence belge de coop\u00e9ration internationale\" \/>\n<meta property=\"article:publisher\" content=\"https:\/\/www.facebook.com\/EnabelBelgium\/\" \/>\n<meta property=\"article:modified_time\" content=\"2025-05-16T07:36:29+00:00\" \/>\n<meta property=\"og:image\" content=\"https:\/\/www.enabel.be\/app\/uploads\/2023\/04\/Header-website-B.jpg\" \/>\n\t<meta property=\"og:image:width\" content=\"1216\" \/>\n\t<meta property=\"og:image:height\" content=\"564\" \/>\n\t<meta property=\"og:image:type\" content=\"image\/jpeg\" \/>\n<meta name=\"twitter:card\" content=\"summary_large_image\" \/>\n<meta name=\"twitter:site\" content=\"@Enabel_Belgium\" \/>\n<script type=\"application\/ld+json\" class=\"yoast-schema-graph\">{\"@context\":\"https:\/\/schema.org\",\"@graph\":[{\"@type\":\"WebPage\",\"@id\":\"https:\/\/www.enabel.be\/fr\/identite-graphique-denabel\/\",\"url\":\"https:\/\/www.enabel.be\/fr\/identite-graphique-denabel\/\",\"name\":\"Identit\u00e9 graphique d'Enabel - Enabel - Agence belge de coop\u00e9ration internationale\",\"isPartOf\":{\"@id\":\"https:\/\/www.enabel.be\/fr\/#website\"},\"primaryImageOfPage\":{\"@id\":\"https:\/\/www.enabel.be\/fr\/identite-graphique-denabel\/#primaryimage\"},\"image\":{\"@id\":\"https:\/\/www.enabel.be\/fr\/identite-graphique-denabel\/#primaryimage\"},\"thumbnailUrl\":\"https:\/\/www.enabel.be\/app\/uploads\/2023\/04\/Header-website-B.jpg\",\"datePublished\":\"2023-04-11T09:52:33+00:00\",\"dateModified\":\"2025-05-16T07:36:29+00:00\",\"description\":\"Des questions sur l'identit\u00e9 graphique d'Enabel ? Trouvez toutes les r\u00e9ponses ici.\",\"breadcrumb\":{\"@id\":\"https:\/\/www.enabel.be\/fr\/identite-graphique-denabel\/#breadcrumb\"},\"inLanguage\":\"fr-FR\",\"potentialAction\":[{\"@type\":\"ReadAction\",\"target\":[\"https:\/\/www.enabel.be\/fr\/identite-graphique-denabel\/\"]}]},{\"@type\":\"ImageObject\",\"inLanguage\":\"fr-FR\",\"@id\":\"https:\/\/www.enabel.be\/fr\/identite-graphique-denabel\/#primaryimage\",\"url\":\"https:\/\/www.enabel.be\/app\/uploads\/2023\/04\/Header-website-B.jpg\",\"contentUrl\":\"https:\/\/www.enabel.be\/app\/uploads\/2023\/04\/Header-website-B.jpg\",\"width\":1216,\"height\":564},{\"@type\":\"BreadcrumbList\",\"@id\":\"https:\/\/www.enabel.be\/fr\/identite-graphique-denabel\/#breadcrumb\",\"itemListElement\":[{\"@type\":\"ListItem\",\"position\":1,\"name\":\"Home\",\"item\":\"https:\/\/www.enabel.be\/fr\/\"},{\"@type\":\"ListItem\",\"position\":2,\"name\":\"Identit\u00e9 graphique d&#8217;Enabel\"}]},{\"@type\":\"WebSite\",\"@id\":\"https:\/\/www.enabel.be\/fr\/#website\",\"url\":\"https:\/\/www.enabel.be\/fr\/\",\"name\":\"Enabel - Agence belge de coop\u00e9ration internationale\",\"description\":\"Enabling Change\",\"publisher\":{\"@id\":\"https:\/\/www.enabel.be\/fr\/#organization\"},\"potentialAction\":[{\"@type\":\"SearchAction\",\"target\":{\"@type\":\"EntryPoint\",\"urlTemplate\":\"https:\/\/www.enabel.be\/fr\/?s={search_term_string}\"},\"query-input\":{\"@type\":\"PropertyValueSpecification\",\"valueRequired\":true,\"valueName\":\"search_term_string\"}}],\"inLanguage\":\"fr-FR\"},{\"@type\":\"Organization\",\"@id\":\"https:\/\/www.enabel.be\/fr\/#organization\",\"name\":\"Enabel - Agence belge de coop\u00e9ration internationale\",\"url\":\"https:\/\/www.enabel.be\/fr\/\",\"logo\":{\"@type\":\"ImageObject\",\"inLanguage\":\"fr-FR\",\"@id\":\"https:\/\/www.enabel.be\/fr\/#\/schema\/logo\/image\/\",\"url\":\"https:\/\/www.enabel.be\/app\/uploads\/2022\/06\/enabel-logo-color.svg\",\"contentUrl\":\"https:\/\/www.enabel.be\/app\/uploads\/2022\/06\/enabel-logo-color.svg\",\"width\":103,\"height\":35,\"caption\":\"Enabel - Agence belge de coop\u00e9ration internationale\"},\"image\":{\"@id\":\"https:\/\/www.enabel.be\/fr\/#\/schema\/logo\/image\/\"},\"sameAs\":[\"https:\/\/www.facebook.com\/EnabelBelgium\/\",\"https:\/\/x.com\/Enabel_Belgium\",\"https:\/\/www.instagram.com\/enabel_be\/\",\"https:\/\/www.linkedin.com\/company\/enabel\/\",\"https:\/\/www.youtube.com\/channel\/UCHGr3iOQ9n2jORzgtkv5FyQ\"]}]}<\/script>\n<!-- \/ Yoast SEO plugin. -->","yoast_head_json":{"title":"Identit\u00e9 graphique d'Enabel - Enabel - Agence belge de coop\u00e9ration internationale","description":"Des questions sur l'identit\u00e9 graphique d'Enabel ? Trouvez toutes les r\u00e9ponses ici.","robots":{"index":"index","follow":"follow","max-snippet":"max-snippet:-1","max-image-preview":"max-image-preview:large","max-video-preview":"max-video-preview:-1"},"canonical":"https:\/\/www.enabel.be\/fr\/identite-graphique-denabel\/","og_locale":"fr_FR","og_type":"article","og_title":"Identit\u00e9 graphique d'Enabel - Enabel - Agence belge de coop\u00e9ration internationale","og_description":"Des questions sur l'identit\u00e9 graphique d'Enabel ? Trouvez toutes les r\u00e9ponses ici.","og_url":"https:\/\/www.enabel.be\/fr\/identite-graphique-denabel\/","og_site_name":"Enabel - Agence belge de coop\u00e9ration internationale","article_publisher":"https:\/\/www.facebook.com\/EnabelBelgium\/","article_modified_time":"2025-05-16T07:36:29+00:00","og_image":[{"width":1216,"height":564,"url":"https:\/\/www.enabel.be\/app\/uploads\/2023\/04\/Header-website-B.jpg","type":"image\/jpeg"}],"twitter_card":"summary_large_image","twitter_site":"@Enabel_Belgium","schema":{"@context":"https:\/\/schema.org","@graph":[{"@type":"WebPage","@id":"https:\/\/www.enabel.be\/fr\/identite-graphique-denabel\/","url":"https:\/\/www.enabel.be\/fr\/identite-graphique-denabel\/","name":"Identit\u00e9 graphique d'Enabel - Enabel - Agence belge de coop\u00e9ration internationale","isPartOf":{"@id":"https:\/\/www.enabel.be\/fr\/#website"},"primaryImageOfPage":{"@id":"https:\/\/www.enabel.be\/fr\/identite-graphique-denabel\/#primaryimage"},"image":{"@id":"https:\/\/www.enabel.be\/fr\/identite-graphique-denabel\/#primaryimage"},"thumbnailUrl":"https:\/\/www.enabel.be\/app\/uploads\/2023\/04\/Header-website-B.jpg","datePublished":"2023-04-11T09:52:33+00:00","dateModified":"2025-05-16T07:36:29+00:00","description":"Des questions sur l'identit\u00e9 graphique d'Enabel ? Trouvez toutes les r\u00e9ponses ici.","breadcrumb":{"@id":"https:\/\/www.enabel.be\/fr\/identite-graphique-denabel\/#breadcrumb"},"inLanguage":"fr-FR","potentialAction":[{"@type":"ReadAction","target":["https:\/\/www.enabel.be\/fr\/identite-graphique-denabel\/"]}]},{"@type":"ImageObject","inLanguage":"fr-FR","@id":"https:\/\/www.enabel.be\/fr\/identite-graphique-denabel\/#primaryimage","url":"https:\/\/www.enabel.be\/app\/uploads\/2023\/04\/Header-website-B.jpg","contentUrl":"https:\/\/www.enabel.be\/app\/uploads\/2023\/04\/Header-website-B.jpg","width":1216,"height":564},{"@type":"BreadcrumbList","@id":"https:\/\/www.enabel.be\/fr\/identite-graphique-denabel\/#breadcrumb","itemListElement":[{"@type":"ListItem","position":1,"name":"Home","item":"https:\/\/www.enabel.be\/fr\/"},{"@type":"ListItem","position":2,"name":"Identit\u00e9 graphique d&#8217;Enabel"}]},{"@type":"WebSite","@id":"https:\/\/www.enabel.be\/fr\/#website","url":"https:\/\/www.enabel.be\/fr\/","name":"Enabel - Agence belge de coop\u00e9ration internationale","description":"Enabling Change","publisher":{"@id":"https:\/\/www.enabel.be\/fr\/#organization"},"potentialAction":[{"@type":"SearchAction","target":{"@type":"EntryPoint","urlTemplate":"https:\/\/www.enabel.be\/fr\/?s={search_term_string}"},"query-input":{"@type":"PropertyValueSpecification","valueRequired":true,"valueName":"search_term_string"}}],"inLanguage":"fr-FR"},{"@type":"Organization","@id":"https:\/\/www.enabel.be\/fr\/#organization","name":"Enabel - Agence belge de coop\u00e9ration internationale","url":"https:\/\/www.enabel.be\/fr\/","logo":{"@type":"ImageObject","inLanguage":"fr-FR","@id":"https:\/\/www.enabel.be\/fr\/#\/schema\/logo\/image\/","url":"https:\/\/www.enabel.be\/app\/uploads\/2022\/06\/enabel-logo-color.svg","contentUrl":"https:\/\/www.enabel.be\/app\/uploads\/2022\/06\/enabel-logo-color.svg","width":103,"height":35,"caption":"Enabel - Agence belge de coop\u00e9ration internationale"},"image":{"@id":"https:\/\/www.enabel.be\/fr\/#\/schema\/logo\/image\/"},"sameAs":["https:\/\/www.facebook.com\/EnabelBelgium\/","https:\/\/x.com\/Enabel_Belgium","https:\/\/www.instagram.com\/enabel_be\/","https:\/\/www.linkedin.com\/company\/enabel\/","https:\/\/www.youtube.com\/channel\/UCHGr3iOQ9n2jORzgtkv5FyQ"]}]}},"acf":[],"_links":{"self":[{"href":"https:\/\/www.enabel.be\/fr\/wp-json\/wp\/v2\/pages\/24025","targetHints":{"allow":["GET"]}}],"collection":[{"href":"https:\/\/www.enabel.be\/fr\/wp-json\/wp\/v2\/pages"}],"about":[{"href":"https:\/\/www.enabel.be\/fr\/wp-json\/wp\/v2\/types\/page"}],"author":[{"embeddable":true,"href":"https:\/\/www.enabel.be\/fr\/wp-json\/wp\/v2\/users\/3"}],"replies":[{"embeddable":true,"href":"https:\/\/www.enabel.be\/fr\/wp-json\/wp\/v2\/comments?post=24025"}],"version-history":[{"count":11,"href":"https:\/\/www.enabel.be\/fr\/wp-json\/wp\/v2\/pages\/24025\/revisions"}],"predecessor-version":[{"id":54670,"href":"https:\/\/www.enabel.be\/fr\/wp-json\/wp\/v2\/pages\/24025\/revisions\/54670"}],"wp:featuredmedia":[{"embeddable":true,"href":"https:\/\/www.enabel.be\/fr\/wp-json\/wp\/v2\/media\/23615"}],"wp:attachment":[{"href":"https:\/\/www.enabel.be\/fr\/wp-json\/wp\/v2\/media?parent=24025"}],"curies":[{"name":"wp","href":"https:\/\/api.w.org\/{rel}","templated":true}]}}