{"id":3509,"date":"2022-08-16T10:00:31","date_gmt":"2022-08-16T10:00:31","guid":{"rendered":"https:\/\/www.enabel.be\/?page_id=3509"},"modified":"2026-01-15T14:30:01","modified_gmt":"2026-01-15T14:30:01","slug":"tendances-demographiques","status":"publish","type":"page","link":"https:\/\/www.enabel.be\/fr\/nos-actions\/tendances-demographiques\/","title":{"rendered":"Tendances d\u00e9mographiques"},"content":{"rendered":"<header class=\"header--big relative flex align-center items-center min-h-screen\">\n\t<div class=\"z-20 container grid grid-cols-12\">\n\t\t<div class=\"z-30 relative col-span-12 md:col-span-8 col-start-1 md:col-start-3 text-center text-white\">\n\t\t\t\t\t\t\t<p class=\"h5\" data-aos=\"fade-down\">D\u00e9fis mondiaux<\/p>\n\t\t\t\t\t\t<h1 data-aos=\"fade-up mb-0\">Tendances d\u00e9mographiques<\/h1>\n\t\t\t\t\t<\/div>\n\t<\/div>\n\t\t\t\t\t\t\t<img decoding=\"async\" width=\"2560\" height=\"1707\" src=\"https:\/\/www.enabel.be\/app\/uploads\/2022\/12\/Amuddu-Solange-2-scaled.jpg\" class=\"z-0 absolute inset-0 w-full h-full object-cover object-top wp-post-image\" alt=\"\" srcset=\"https:\/\/www.enabel.be\/app\/uploads\/2022\/12\/Amuddu-Solange-2-scaled.jpg 2560w, https:\/\/www.enabel.be\/app\/uploads\/2022\/12\/Amuddu-Solange-2-300x200.jpg 300w, https:\/\/www.enabel.be\/app\/uploads\/2022\/12\/Amuddu-Solange-2-1024x683.jpg 1024w, https:\/\/www.enabel.be\/app\/uploads\/2022\/12\/Amuddu-Solange-2-768x512.jpg 768w, https:\/\/www.enabel.be\/app\/uploads\/2022\/12\/Amuddu-Solange-2-1536x1024.jpg 1536w\" sizes=\"(max-width: 2560px) 100vw, 2560px\" \/>\n\t\t\t\t\t<div class=\"scroll rellax\" data-rellax-percentage=\"0.5\" data-rellax-speed=\"-1.5\">\n\t\t<p>\n\t\t\tScroll\n\t\t<\/p>\n\t<\/div>\n<\/header>\n\n<section class=\"section--text-center mx-auto bg-greylight\">\n    <div class=\"container items-center grid-flow-row-dense grid-cols-12 lg:grid\">\n        <div class=\"relative text-center z-1 lg:col-start-2 lg:col-span-10\">\n            <h2>Dans un monde caract\u00e9ris\u00e9 par de grandes diff\u00e9rences dans le <span class=\"text-primary-500\">d\u00e9veloppement humain<\/span>, la <span class=\"text-primary-500\">mobilit\u00e9<\/span> repr\u00e9sente une option importante pour am\u00e9liorer les conditions de vie de beaucoup d\u2019individus. Bien g\u00e9r\u00e9e, elle est un <span class=\"text-primary-500\">catalyseur<\/span> d\u2019un d\u00e9veloppement \u00e9conomique et social inclusif, tant pour les personnes migrantes que pour les communaut\u00e9s et les pays de r\u00e9sidence et d\u2019origine.<\/h2>\n\n        <\/div>\n    <\/div>\n<\/section>\n\n\n<section class=\"section--action py-40 bg-white\">\n    <div class=\"container relative grid-cols-12 gap-8 md:grid\">\n                    <div class=\"z-10 flex items-center justify-between col-span-12 gap-10 mb-2 md:col-span-10 md:col-start-2 actions__title\">\n                <h2 class=\"mb-0 \">Expertise th\u00e9matique<\/h2>\n                                                                <\/div>\n        \n        <div class=\"relative z-10 flex flex-row flex-wrap content-between col-span-12 gap-10 md:col-span-10 md:col-start-2\">\n                            <a\n    href=\"https:\/\/www.enabel.be\/fr\/nos-actions\/tendances-demographiques\/mobilite-humaine\/\"\n    class=\"has-cursor card--action card--animation | overflow-hidden font-normal no-underline text-inherit w-full md:w-[46%] lg:w-[47%] \"\n    data-aos=\"fade-down\"\n    data-aos-delay=\"000\"\n    >\n    <div class=\"relative card--top h-[340px] flex items-center\">\n        <img decoding=\"async\" width=\"2835\" height=\"1890\" src=\"https:\/\/www.enabel.be\/app\/uploads\/2026\/01\/IMG_1575_AI_RET_MD_RGB.jpg\" class=\"absolute top-0 left-0 h-full w-full object-cover object-center wp-post-image\" alt=\"\" srcset=\"https:\/\/www.enabel.be\/app\/uploads\/2026\/01\/IMG_1575_AI_RET_MD_RGB.jpg 2835w, https:\/\/www.enabel.be\/app\/uploads\/2026\/01\/IMG_1575_AI_RET_MD_RGB-300x200.jpg 300w, https:\/\/www.enabel.be\/app\/uploads\/2026\/01\/IMG_1575_AI_RET_MD_RGB-1024x683.jpg 1024w, https:\/\/www.enabel.be\/app\/uploads\/2026\/01\/IMG_1575_AI_RET_MD_RGB-768x512.jpg 768w, https:\/\/www.enabel.be\/app\/uploads\/2026\/01\/IMG_1575_AI_RET_MD_RGB-1536x1024.jpg 1536w, https:\/\/www.enabel.be\/app\/uploads\/2026\/01\/IMG_1575_AI_RET_MD_RGB-2048x1365.jpg 2048w\" sizes=\"(max-width: 2835px) 100vw, 2835px\" \/>\n        <p class=\"px-[24px] z-10\">\n            Enabel accompagne la mobilit\u00e9 humaine pour un d\u00e9veloppement inclusif, soutenant la r\u00e9int\u00e9gration, l\u2019emploi, l\u2019entrepreneuriat des diasporas et la coh\u00e9sion sociale.\n        <\/p>\n    <\/div>\n    <h3 class=\"relative z-10 flex justify-between w-full p-6 mb-0\">\n        Mobilit\u00e9 humaine\n        <svg width=\"17\" height=\"12\" viewBox=\"0 0 17 12\" fill=\"none\" xmlns=\"http:\/\/www.w3.org\/2000\/svg\" class=\"min-w-[43px]\">\n\t<path d=\"M0 6.00004L16.0319 6.00004M16.0319 6.00004L10.705 0.813232M16.0319 6.00004L10.705 11.1868\" stroke=\"#012D3A\"\/>\n<\/svg>\n    <\/h3>\n<\/a>\n                            <a\n    href=\"https:\/\/www.enabel.be\/fr\/nos-actions\/tendances-demographiques\/developpement-urbain\/\"\n    class=\"has-cursor card--action card--animation | overflow-hidden font-normal no-underline text-inherit w-full md:w-[46%] lg:w-[47%] \"\n    data-aos=\"fade-down\"\n    data-aos-delay=\"100\"\n    >\n    <div class=\"relative card--top h-[340px] flex items-center\">\n        <img decoding=\"async\" width=\"2126\" height=\"1042\" src=\"https:\/\/www.enabel.be\/app\/uploads\/2025\/12\/GY5IurDWQAA6UUB_MD_RET_RGB-e1767695369483.jpg\" class=\"absolute top-0 left-0 h-full w-full object-cover object-center wp-post-image\" alt=\"woman driving a bike\" srcset=\"https:\/\/www.enabel.be\/app\/uploads\/2025\/12\/GY5IurDWQAA6UUB_MD_RET_RGB-e1767695369483.jpg 2126w, https:\/\/www.enabel.be\/app\/uploads\/2025\/12\/GY5IurDWQAA6UUB_MD_RET_RGB-e1767695369483-300x147.jpg 300w, https:\/\/www.enabel.be\/app\/uploads\/2025\/12\/GY5IurDWQAA6UUB_MD_RET_RGB-e1767695369483-1024x502.jpg 1024w, https:\/\/www.enabel.be\/app\/uploads\/2025\/12\/GY5IurDWQAA6UUB_MD_RET_RGB-e1767695369483-768x376.jpg 768w, https:\/\/www.enabel.be\/app\/uploads\/2025\/12\/GY5IurDWQAA6UUB_MD_RET_RGB-e1767695369483-1536x753.jpg 1536w, https:\/\/www.enabel.be\/app\/uploads\/2025\/12\/GY5IurDWQAA6UUB_MD_RET_RGB-e1767695369483-2048x1004.jpg 2048w\" sizes=\"(max-width: 2126px) 100vw, 2126px\" \/>\n        <p class=\"px-[24px] z-10\">\n            Enabel soutient le d\u00e9veloppement urbain durable en Afrique : villes vertes, inclusives et r\u00e9silientes, participation citoyenne et \u00e9conomie circulaire.\n        <\/p>\n    <\/div>\n    <h3 class=\"relative z-10 flex justify-between w-full p-6 mb-0\">\n        D\u00e9veloppement urbain\n        <svg width=\"17\" height=\"12\" viewBox=\"0 0 17 12\" fill=\"none\" xmlns=\"http:\/\/www.w3.org\/2000\/svg\" class=\"min-w-[43px]\">\n\t<path d=\"M0 6.00004L16.0319 6.00004M16.0319 6.00004L10.705 0.813232M16.0319 6.00004L10.705 11.1868\" stroke=\"#012D3A\"\/>\n<\/svg>\n    <\/h3>\n<\/a>\n                    <\/div>\n            <\/div>\n<\/section>\n\n\n<section class=\"relative overflow-hidden section-text-image-wave section-text-image-wave-deco bg-primary-50 pt-0 \">\n\t<div class=\"relative container py-[54px] pt-48 md:pt-[54px] lg:grid grid-cols-12 grid-flow-row-dense items-center z-20\">\n\t\t<div class=\"z-20 flex flex-col  bg-white relative z-1 lg:col-span-6 py-10 px-6 md:py-32 md:px-24 lg:col-start-7\" data-aos=\"fade-right\">\n\t\t\t<h2><span class=\"text-primary-500\">En savoir plus sur la mobilit\u00e9 humaine<\/span><\/h2>\n<p>Le monde est confront\u00e9 \u00e0 d\u2019\u00e9normes d\u00e9fis pour r\u00e9aliser les Objectifs de d\u00e9veloppement durable d\u2019ici 2030. Enabel entend y contribuer en offrant son exp\u00e9rience et son expertise dans cinq domaines sp\u00e9cifiques : la paix et la s\u00e9curit\u00e9, les changements climatiques et l\u2019environnement, les in\u00e9galit\u00e9s sociales et \u00e9conomiques, l\u2019urbanisation, ainsi que la mobilit\u00e9 humaine. Dans notre recherche de solutions appropri\u00e9es, nous prenons en compte la r\u00e9alit\u00e9 in\u00e9vitable de l&rsquo;explosion d\u00e9mographique et nous croyons fermement au pouvoir des femmes et des jeunes.<\/p>\n<p>Cette brochure d\u00e9crit comment nous int\u00e9grons la mobilit\u00e9 humaine dans nos actions.<\/p>\n<h2><\/h2>\n\n\t\t\t<a href=\"https:\/\/www.enabel.be\/app\/uploads\/2024\/12\/Note_Mob_Hum_Ed2_FR_Web.pdf\" class=\"btn--simple\" target=\"blank\">T\u00e9l\u00e9chargez la brochure<\/a>\n\t\t\t\t<\/div>\n\t\t\t\t\t\t\t\t\t\t\t\t\t<img decoding=\"async\" width=\"2126\" height=\"1417\" src=\"https:\/\/www.enabel.be\/app\/uploads\/2025\/01\/PHOTO_2022_RET_MD_RGB.jpg\" class=\"z-10 absolute inset-0 w-full h-full object-cover object-center | max-h-[256px] md:max-h-[inherit] md:-translate-x-[24%]\" alt=\"senegalese entrepreneurs in a meeting\" srcset=\"https:\/\/www.enabel.be\/app\/uploads\/2025\/01\/PHOTO_2022_RET_MD_RGB.jpg 2126w, https:\/\/www.enabel.be\/app\/uploads\/2025\/01\/PHOTO_2022_RET_MD_RGB-300x200.jpg 300w, https:\/\/www.enabel.be\/app\/uploads\/2025\/01\/PHOTO_2022_RET_MD_RGB-1024x683.jpg 1024w, https:\/\/www.enabel.be\/app\/uploads\/2025\/01\/PHOTO_2022_RET_MD_RGB-768x512.jpg 768w, https:\/\/www.enabel.be\/app\/uploads\/2025\/01\/PHOTO_2022_RET_MD_RGB-1536x1024.jpg 1536w, https:\/\/www.enabel.be\/app\/uploads\/2025\/01\/PHOTO_2022_RET_MD_RGB-2048x1365.jpg 2048w\" sizes=\"(max-width: 2126px) 100vw, 2126px\" \/>\n\t\t\t\t<\/div>\n\n\t\t\t\n\t\t\t\t<svg class=\"right absolute h-full w-auto md:top-0 bottom-0 md:bottom-[inherit] right-0 z-10\" width=\"1367\" height=\"948\" viewBox=\"0 0 1367 948\" fill=\"none\" xmlns=\"http:\/\/www.w3.org\/2000\/svg\">\n\t\t\t\t\t<path fill-rule=\"evenodd\" clip-rule=\"evenodd\" d=\"M521.933 0H871H929.892H1367V948H929.892H871H0C170.219 948 363.79 747.968 401.652 445.232C429.574 221.971 493.473 55.3851 521.933 0Z\" fill=\"#0096BE\"\/>\n\t\t\t\t<\/svg>\t\t\t\t\t\t\t\n\t\n<\/section>\n\n<section class=\"section--infos-link mx-auto py-40 overflow-hidden md:overflow-visible bg-greylight\">\n\t<div class=\"container grid items-center grid-flow-row-dense grid-cols-12\">\n\t\t<div class=\"col-span-12 mb-6\">\n\t\t\t<h2>Autres d\u00e9fis mondiaux<\/h2>\n\n\t\t<\/div>\n\t\t<div class=\"grid flex-wrap grid-cols-12 col-span-12 gap-4 md:gap-10\">\n\t\t\t\t\t\t\t\t\t\t\t\t<a href=\"https:\/\/www.enabel.be\/fr\/nos-actions\/climat-environnement\/\" target=\"blank\" class=\"card--link has-cursor card--animation bg-white text-black p-6 no-underline font-normal col-span-12 sm:col-span-6 lg:col-span-3 shadow-cp min-h-[180px] md:min-h-[245px] flex flex-col justify-between rounded-lg\" data-aos=\"fade-up\" data-aos-delay=\"000\">\n\t\t\t\t\t\t<div>\n\t\t\t\t\t\t\t\t\t\t\t\t\t\t\t<h2 class=\"mb-0\">Climat et environnement<\/h2>\n\t\t\t\t\t\t\t\t\t\t\t\t\t\t\t\t\t\t\t\t<\/div>\n\t\t\t\t\t\t<i class=\"text-primary-500 text-3xl relative z-10 fa-regular fa-seedling\"><\/i>\n\t\t\t\t\t<\/a>\n\t\t\t\t\t\t\t\t\t<a href=\"https:\/\/www.enabel.be\/fr\/nos-actions\/paix-stabilite-democratie\/\" target=\"blank\" class=\"card--link has-cursor card--animation bg-white text-black p-6 no-underline font-normal col-span-12 sm:col-span-6 lg:col-span-3 shadow-cp min-h-[180px] md:min-h-[245px] flex flex-col justify-between rounded-lg\" data-aos=\"fade-up\" data-aos-delay=\"100\">\n\t\t\t\t\t\t<div>\n\t\t\t\t\t\t\t\t\t\t\t\t\t\t\t<h2 class=\"mb-0\">Paix, stabilit\u00e9 et d\u00e9mocratie<\/h2>\n\t\t\t\t\t\t\t\t\t\t\t\t\t\t\t\t\t\t\t\t<\/div>\n\t\t\t\t\t\t<i class=\"text-primary-500 text-3xl relative z-10 fa-regular fa-scale-unbalanced-flip\"><\/i>\n\t\t\t\t\t<\/a>\n\t\t\t\t\t\t\t\t\t<a href=\"https:\/\/www.enabel.be\/fr\/nos-actions\/autonomisation-sociale-et-economique\/\" target=\"blank\" class=\"card--link has-cursor card--animation bg-white text-black p-6 no-underline font-normal col-span-12 sm:col-span-6 lg:col-span-3 shadow-cp min-h-[180px] md:min-h-[245px] flex flex-col justify-between rounded-lg\" data-aos=\"fade-up\" data-aos-delay=\"200\">\n\t\t\t\t\t\t<div>\n\t\t\t\t\t\t\t\t\t\t\t\t\t\t\t<h2 class=\"mb-0\">Autonomisation sociale &#038; \u00e9conomique<\/h2>\n\t\t\t\t\t\t\t\t\t\t\t\t\t\t\t\t\t\t\t\t<\/div>\n\t\t\t\t\t\t<i class=\"text-primary-500 text-3xl relative z-10 fa-regular fa-globe\"><\/i>\n\t\t\t\t\t<\/a>\n\t\t\t\t\t\t\t\t\t<\/div>\n\t<\/div>\n<\/section>\n","protected":false},"excerpt":{"rendered":"","protected":false},"author":10,"featured_media":16676,"parent":4588,"menu_order":30,"comment_status":"closed","ping_status":"closed","template":"","meta":{"_acf_changed":false,"inline_featured_image":false,"footnotes":""},"class_list":["post-3509","page","type-page","status-publish","has-post-thumbnail","hentry"],"yoast_head":"<!-- This site is optimized with the Yoast SEO plugin v25.9 - https:\/\/yoast.com\/wordpress\/plugins\/seo\/ -->\n<title>Tendances d\u00e9mographiques - Enabel - Agence belge de coop\u00e9ration internationale<\/title>\n<meta name=\"description\" content=\"Dans un monde caract\u00e9ris\u00e9 par des diff\u00e9rences dans le d\u00e9veloppement humain, la mobilit\u00e9 repr\u00e9sente une option importante pour am\u00e9liorer les conditions de vie de beaucoup d\u2019individus.\" \/>\n<meta name=\"robots\" content=\"index, follow, max-snippet:-1, max-image-preview:large, max-video-preview:-1\" \/>\n<link rel=\"canonical\" href=\"https:\/\/www.enabel.be\/fr\/nos-actions\/tendances-demographiques\/\" \/>\n<meta property=\"og:locale\" content=\"fr_FR\" \/>\n<meta property=\"og:type\" content=\"article\" \/>\n<meta property=\"og:title\" content=\"Tendances d\u00e9mographiques - Enabel - Agence belge de coop\u00e9ration internationale\" \/>\n<meta property=\"og:description\" content=\"Dans un monde caract\u00e9ris\u00e9 par des diff\u00e9rences dans le d\u00e9veloppement humain, la mobilit\u00e9 repr\u00e9sente une option importante pour am\u00e9liorer les conditions de vie de beaucoup d\u2019individus.\" \/>\n<meta property=\"og:url\" content=\"https:\/\/www.enabel.be\/fr\/nos-actions\/tendances-demographiques\/\" \/>\n<meta property=\"og:site_name\" content=\"Enabel - Agence belge de coop\u00e9ration internationale\" \/>\n<meta property=\"article:publisher\" content=\"https:\/\/www.facebook.com\/EnabelBelgium\/\" \/>\n<meta property=\"article:modified_time\" content=\"2026-01-15T14:30:01+00:00\" \/>\n<meta property=\"og:image\" content=\"https:\/\/www.enabel.be\/app\/uploads\/2022\/12\/Amuddu-Solange-2-scaled.jpg\" \/>\n\t<meta property=\"og:image:width\" content=\"2560\" \/>\n\t<meta property=\"og:image:height\" content=\"1707\" \/>\n\t<meta property=\"og:image:type\" content=\"image\/jpeg\" \/>\n<meta name=\"twitter:card\" content=\"summary_large_image\" \/>\n<meta name=\"twitter:site\" content=\"@Enabel_Belgium\" \/>\n<meta name=\"twitter:label1\" content=\"Est. reading time\" \/>\n\t<meta name=\"twitter:data1\" content=\"2 minutes\" \/>\n<script type=\"application\/ld+json\" class=\"yoast-schema-graph\">{\"@context\":\"https:\/\/schema.org\",\"@graph\":[{\"@type\":\"WebPage\",\"@id\":\"https:\/\/www.enabel.be\/fr\/nos-actions\/tendances-demographiques\/\",\"url\":\"https:\/\/www.enabel.be\/fr\/nos-actions\/tendances-demographiques\/\",\"name\":\"Tendances d\u00e9mographiques - Enabel - Agence belge de coop\u00e9ration internationale\",\"isPartOf\":{\"@id\":\"https:\/\/www.enabel.be\/fr\/#website\"},\"primaryImageOfPage\":{\"@id\":\"https:\/\/www.enabel.be\/fr\/nos-actions\/tendances-demographiques\/#primaryimage\"},\"image\":{\"@id\":\"https:\/\/www.enabel.be\/fr\/nos-actions\/tendances-demographiques\/#primaryimage\"},\"thumbnailUrl\":\"https:\/\/www.enabel.be\/app\/uploads\/2022\/12\/Amuddu-Solange-2-scaled.jpg\",\"datePublished\":\"2022-08-16T10:00:31+00:00\",\"dateModified\":\"2026-01-15T14:30:01+00:00\",\"description\":\"Dans un monde caract\u00e9ris\u00e9 par des diff\u00e9rences dans le d\u00e9veloppement humain, la mobilit\u00e9 repr\u00e9sente une option importante pour am\u00e9liorer les conditions de vie de beaucoup d\u2019individus.\",\"breadcrumb\":{\"@id\":\"https:\/\/www.enabel.be\/fr\/nos-actions\/tendances-demographiques\/#breadcrumb\"},\"inLanguage\":\"fr-FR\",\"potentialAction\":[{\"@type\":\"ReadAction\",\"target\":[\"https:\/\/www.enabel.be\/fr\/nos-actions\/tendances-demographiques\/\"]}]},{\"@type\":\"ImageObject\",\"inLanguage\":\"fr-FR\",\"@id\":\"https:\/\/www.enabel.be\/fr\/nos-actions\/tendances-demographiques\/#primaryimage\",\"url\":\"https:\/\/www.enabel.be\/app\/uploads\/2022\/12\/Amuddu-Solange-2-scaled.jpg\",\"contentUrl\":\"https:\/\/www.enabel.be\/app\/uploads\/2022\/12\/Amuddu-Solange-2-scaled.jpg\",\"width\":2560,\"height\":1707},{\"@type\":\"BreadcrumbList\",\"@id\":\"https:\/\/www.enabel.be\/fr\/nos-actions\/tendances-demographiques\/#breadcrumb\",\"itemListElement\":[{\"@type\":\"ListItem\",\"position\":1,\"name\":\"Home\",\"item\":\"https:\/\/www.enabel.be\/fr\/\"},{\"@type\":\"ListItem\",\"position\":2,\"name\":\"Nos actions\",\"item\":\"https:\/\/www.enabel.be\/fr\/nos-actions\/\"},{\"@type\":\"ListItem\",\"position\":3,\"name\":\"Tendances d\u00e9mographiques\"}]},{\"@type\":\"WebSite\",\"@id\":\"https:\/\/www.enabel.be\/fr\/#website\",\"url\":\"https:\/\/www.enabel.be\/fr\/\",\"name\":\"Enabel - Agence belge de coop\u00e9ration internationale\",\"description\":\"Enabling Change\",\"publisher\":{\"@id\":\"https:\/\/www.enabel.be\/fr\/#organization\"},\"potentialAction\":[{\"@type\":\"SearchAction\",\"target\":{\"@type\":\"EntryPoint\",\"urlTemplate\":\"https:\/\/www.enabel.be\/fr\/?s={search_term_string}\"},\"query-input\":{\"@type\":\"PropertyValueSpecification\",\"valueRequired\":true,\"valueName\":\"search_term_string\"}}],\"inLanguage\":\"fr-FR\"},{\"@type\":\"Organization\",\"@id\":\"https:\/\/www.enabel.be\/fr\/#organization\",\"name\":\"Enabel - Agence belge de coop\u00e9ration internationale\",\"url\":\"https:\/\/www.enabel.be\/fr\/\",\"logo\":{\"@type\":\"ImageObject\",\"inLanguage\":\"fr-FR\",\"@id\":\"https:\/\/www.enabel.be\/fr\/#\/schema\/logo\/image\/\",\"url\":\"https:\/\/www.enabel.be\/app\/uploads\/2022\/06\/enabel-logo-color.svg\",\"contentUrl\":\"https:\/\/www.enabel.be\/app\/uploads\/2022\/06\/enabel-logo-color.svg\",\"width\":103,\"height\":35,\"caption\":\"Enabel - Agence belge de coop\u00e9ration internationale\"},\"image\":{\"@id\":\"https:\/\/www.enabel.be\/fr\/#\/schema\/logo\/image\/\"},\"sameAs\":[\"https:\/\/www.facebook.com\/EnabelBelgium\/\",\"https:\/\/x.com\/Enabel_Belgium\",\"https:\/\/www.instagram.com\/enabel_be\/\",\"https:\/\/www.linkedin.com\/company\/enabel\/\",\"https:\/\/www.youtube.com\/channel\/UCHGr3iOQ9n2jORzgtkv5FyQ\"]}]}<\/script>\n<!-- \/ Yoast SEO plugin. -->","yoast_head_json":{"title":"Tendances d\u00e9mographiques - Enabel - Agence belge de coop\u00e9ration internationale","description":"Dans un monde caract\u00e9ris\u00e9 par des diff\u00e9rences dans le d\u00e9veloppement humain, la mobilit\u00e9 repr\u00e9sente une option importante pour am\u00e9liorer les conditions de vie de beaucoup d\u2019individus.","robots":{"index":"index","follow":"follow","max-snippet":"max-snippet:-1","max-image-preview":"max-image-preview:large","max-video-preview":"max-video-preview:-1"},"canonical":"https:\/\/www.enabel.be\/fr\/nos-actions\/tendances-demographiques\/","og_locale":"fr_FR","og_type":"article","og_title":"Tendances d\u00e9mographiques - Enabel - Agence belge de coop\u00e9ration internationale","og_description":"Dans un monde caract\u00e9ris\u00e9 par des diff\u00e9rences dans le d\u00e9veloppement humain, la mobilit\u00e9 repr\u00e9sente une option importante pour am\u00e9liorer les conditions de vie de beaucoup d\u2019individus.","og_url":"https:\/\/www.enabel.be\/fr\/nos-actions\/tendances-demographiques\/","og_site_name":"Enabel - Agence belge de coop\u00e9ration internationale","article_publisher":"https:\/\/www.facebook.com\/EnabelBelgium\/","article_modified_time":"2026-01-15T14:30:01+00:00","og_image":[{"width":2560,"height":1707,"url":"https:\/\/www.enabel.be\/app\/uploads\/2022\/12\/Amuddu-Solange-2-scaled.jpg","type":"image\/jpeg"}],"twitter_card":"summary_large_image","twitter_site":"@Enabel_Belgium","twitter_misc":{"Est. reading time":"2 minutes"},"schema":{"@context":"https:\/\/schema.org","@graph":[{"@type":"WebPage","@id":"https:\/\/www.enabel.be\/fr\/nos-actions\/tendances-demographiques\/","url":"https:\/\/www.enabel.be\/fr\/nos-actions\/tendances-demographiques\/","name":"Tendances d\u00e9mographiques - Enabel - Agence belge de coop\u00e9ration internationale","isPartOf":{"@id":"https:\/\/www.enabel.be\/fr\/#website"},"primaryImageOfPage":{"@id":"https:\/\/www.enabel.be\/fr\/nos-actions\/tendances-demographiques\/#primaryimage"},"image":{"@id":"https:\/\/www.enabel.be\/fr\/nos-actions\/tendances-demographiques\/#primaryimage"},"thumbnailUrl":"https:\/\/www.enabel.be\/app\/uploads\/2022\/12\/Amuddu-Solange-2-scaled.jpg","datePublished":"2022-08-16T10:00:31+00:00","dateModified":"2026-01-15T14:30:01+00:00","description":"Dans un monde caract\u00e9ris\u00e9 par des diff\u00e9rences dans le d\u00e9veloppement humain, la mobilit\u00e9 repr\u00e9sente une option importante pour am\u00e9liorer les conditions de vie de beaucoup d\u2019individus.","breadcrumb":{"@id":"https:\/\/www.enabel.be\/fr\/nos-actions\/tendances-demographiques\/#breadcrumb"},"inLanguage":"fr-FR","potentialAction":[{"@type":"ReadAction","target":["https:\/\/www.enabel.be\/fr\/nos-actions\/tendances-demographiques\/"]}]},{"@type":"ImageObject","inLanguage":"fr-FR","@id":"https:\/\/www.enabel.be\/fr\/nos-actions\/tendances-demographiques\/#primaryimage","url":"https:\/\/www.enabel.be\/app\/uploads\/2022\/12\/Amuddu-Solange-2-scaled.jpg","contentUrl":"https:\/\/www.enabel.be\/app\/uploads\/2022\/12\/Amuddu-Solange-2-scaled.jpg","width":2560,"height":1707},{"@type":"BreadcrumbList","@id":"https:\/\/www.enabel.be\/fr\/nos-actions\/tendances-demographiques\/#breadcrumb","itemListElement":[{"@type":"ListItem","position":1,"name":"Home","item":"https:\/\/www.enabel.be\/fr\/"},{"@type":"ListItem","position":2,"name":"Nos actions","item":"https:\/\/www.enabel.be\/fr\/nos-actions\/"},{"@type":"ListItem","position":3,"name":"Tendances d\u00e9mographiques"}]},{"@type":"WebSite","@id":"https:\/\/www.enabel.be\/fr\/#website","url":"https:\/\/www.enabel.be\/fr\/","name":"Enabel - Agence belge de coop\u00e9ration internationale","description":"Enabling Change","publisher":{"@id":"https:\/\/www.enabel.be\/fr\/#organization"},"potentialAction":[{"@type":"SearchAction","target":{"@type":"EntryPoint","urlTemplate":"https:\/\/www.enabel.be\/fr\/?s={search_term_string}"},"query-input":{"@type":"PropertyValueSpecification","valueRequired":true,"valueName":"search_term_string"}}],"inLanguage":"fr-FR"},{"@type":"Organization","@id":"https:\/\/www.enabel.be\/fr\/#organization","name":"Enabel - Agence belge de coop\u00e9ration internationale","url":"https:\/\/www.enabel.be\/fr\/","logo":{"@type":"ImageObject","inLanguage":"fr-FR","@id":"https:\/\/www.enabel.be\/fr\/#\/schema\/logo\/image\/","url":"https:\/\/www.enabel.be\/app\/uploads\/2022\/06\/enabel-logo-color.svg","contentUrl":"https:\/\/www.enabel.be\/app\/uploads\/2022\/06\/enabel-logo-color.svg","width":103,"height":35,"caption":"Enabel - Agence belge de coop\u00e9ration internationale"},"image":{"@id":"https:\/\/www.enabel.be\/fr\/#\/schema\/logo\/image\/"},"sameAs":["https:\/\/www.facebook.com\/EnabelBelgium\/","https:\/\/x.com\/Enabel_Belgium","https:\/\/www.instagram.com\/enabel_be\/","https:\/\/www.linkedin.com\/company\/enabel\/","https:\/\/www.youtube.com\/channel\/UCHGr3iOQ9n2jORzgtkv5FyQ"]}]}},"acf":[],"_links":{"self":[{"href":"https:\/\/www.enabel.be\/fr\/wp-json\/wp\/v2\/pages\/3509","targetHints":{"allow":["GET"]}}],"collection":[{"href":"https:\/\/www.enabel.be\/fr\/wp-json\/wp\/v2\/pages"}],"about":[{"href":"https:\/\/www.enabel.be\/fr\/wp-json\/wp\/v2\/types\/page"}],"author":[{"embeddable":true,"href":"https:\/\/www.enabel.be\/fr\/wp-json\/wp\/v2\/users\/10"}],"replies":[{"embeddable":true,"href":"https:\/\/www.enabel.be\/fr\/wp-json\/wp\/v2\/comments?post=3509"}],"version-history":[{"count":9,"href":"https:\/\/www.enabel.be\/fr\/wp-json\/wp\/v2\/pages\/3509\/revisions"}],"predecessor-version":[{"id":65208,"href":"https:\/\/www.enabel.be\/fr\/wp-json\/wp\/v2\/pages\/3509\/revisions\/65208"}],"up":[{"embeddable":true,"href":"https:\/\/www.enabel.be\/fr\/wp-json\/wp\/v2\/pages\/4588"}],"wp:featuredmedia":[{"embeddable":true,"href":"https:\/\/www.enabel.be\/fr\/wp-json\/wp\/v2\/media\/16676"}],"wp:attachment":[{"href":"https:\/\/www.enabel.be\/fr\/wp-json\/wp\/v2\/media?parent=3509"}],"curies":[{"name":"wp","href":"https:\/\/api.w.org\/{rel}","templated":true}]}}