{"id":4595,"date":"2022-06-21T15:03:26","date_gmt":"2022-06-21T15:03:26","guid":{"rendered":"https:\/\/www.enabel.be\/?page_id=4595"},"modified":"2022-09-27T10:06:02","modified_gmt":"2022-09-27T10:06:02","slug":"defis-mondiaux","status":"publish","type":"page","link":"https:\/\/www.enabel.be\/fr\/nos-actions\/defis-mondiaux\/","title":{"rendered":"Relever les d\u00e9fis mondiaux"},"content":{"rendered":"<header class=\"header--big relative flex align-center items-center min-h-screen\">\n\t<div class=\"z-20 container grid grid-cols-12\">\n\t\t<div class=\"z-30 relative col-span-12 md:col-span-8 col-start-1 md:col-start-3 text-center text-white\">\n\t\t\t\t\t\t\t<p class=\"h5\" data-aos=\"fade-down\">Nos actions<\/p>\n\t\t\t\t\t\t<h1 data-aos=\"fade-up mb-0\">Relever les d\u00e9fis mondiaux<\/h1>\n\t\t\t\t\t<\/div>\n\t<\/div>\n\t\t\t\t\t\t\t<img decoding=\"async\" width=\"2560\" height=\"1709\" src=\"https:\/\/www.enabel.be\/app\/uploads\/2022\/08\/Kisangani3-39-scaled.jpg\" class=\"z-0 absolute inset-0 w-full h-full object-cover object-top wp-post-image\" alt=\"Man looking at a river and a bridge that is build nearby in Thsopo, DRC.\" srcset=\"https:\/\/www.enabel.be\/app\/uploads\/2022\/08\/Kisangani3-39-scaled.jpg 2560w, https:\/\/www.enabel.be\/app\/uploads\/2022\/08\/Kisangani3-39-300x200.jpg 300w, https:\/\/www.enabel.be\/app\/uploads\/2022\/08\/Kisangani3-39-1024x683.jpg 1024w, https:\/\/www.enabel.be\/app\/uploads\/2022\/08\/Kisangani3-39-768x513.jpg 768w, https:\/\/www.enabel.be\/app\/uploads\/2022\/08\/Kisangani3-39-1536x1025.jpg 1536w, https:\/\/www.enabel.be\/app\/uploads\/2022\/08\/Kisangani3-39-2048x1367.jpg 2048w\" sizes=\"(max-width: 2560px) 100vw, 2560px\" \/>\n\t\t\t\t\t<div class=\"scroll rellax\" data-rellax-percentage=\"0.5\" data-rellax-speed=\"-1.5\">\n\t\t<p>\n\t\t\tScroll\n\t\t<\/p>\n\t<\/div>\n<\/header>\n\n<section class=\"section--action py-40 bg-greylight\">\n    <div class=\"container relative grid-cols-12 gap-8 md:grid\">\n        \n        <div class=\"relative z-10 flex flex-row flex-wrap content-between col-span-12 gap-10 md:col-span-10 md:col-start-2\">\n                            <a\n    href=\"https:\/\/www.enabel.be\/fr\/nos-actions\/climat-environnement\/\"\n    class=\"has-cursor card--action card--animation | overflow-hidden font-normal no-underline text-inherit w-full md:w-[46%] lg:w-[47%] \"\n    data-aos=\"fade-down\"\n    data-aos-delay=\"000\"\n    >\n    <div class=\"relative card--top h-[340px] flex items-center\">\n        <img decoding=\"async\" width=\"2560\" height=\"1513\" src=\"https:\/\/www.enabel.be\/app\/uploads\/2024\/05\/AdobeStock_225827783_RET_RGB_2560px.jpg\" class=\"absolute top-0 left-0 h-full w-full object-cover object-center wp-post-image\" alt=\"forest landscape\" srcset=\"https:\/\/www.enabel.be\/app\/uploads\/2024\/05\/AdobeStock_225827783_RET_RGB_2560px.jpg 2560w, https:\/\/www.enabel.be\/app\/uploads\/2024\/05\/AdobeStock_225827783_RET_RGB_2560px-300x177.jpg 300w, https:\/\/www.enabel.be\/app\/uploads\/2024\/05\/AdobeStock_225827783_RET_RGB_2560px-1024x605.jpg 1024w, https:\/\/www.enabel.be\/app\/uploads\/2024\/05\/AdobeStock_225827783_RET_RGB_2560px-768x454.jpg 768w, https:\/\/www.enabel.be\/app\/uploads\/2024\/05\/AdobeStock_225827783_RET_RGB_2560px-1536x908.jpg 1536w, https:\/\/www.enabel.be\/app\/uploads\/2024\/05\/AdobeStock_225827783_RET_RGB_2560px-2048x1210.jpg 2048w\" sizes=\"(max-width: 2560px) 100vw, 2560px\" \/>\n        <p class=\"px-[24px] z-10\">\n            Face \u00e0 l\u2019urgence climatique et \u00e0 l\u2019interd\u00e9pendance des d\u00e9fis mondiaux, Enabel \u0153uvre pour un d\u00e9veloppement durable et r\u00e9silient. En combinant la protection des \u00e9cosyst\u00e8mes, la promotion de l\u2019\u00e9conomie verte et le soutien \u00e0 des syst\u00e8mes alimentaires durables, Enabel vise \u00e0 renforcer la r\u00e9silience des communaut\u00e9s locales.\n        <\/p>\n    <\/div>\n    <h3 class=\"relative z-10 flex justify-between w-full p-6 mb-0\">\n        Climat et environnement\n        <svg width=\"17\" height=\"12\" viewBox=\"0 0 17 12\" fill=\"none\" xmlns=\"http:\/\/www.w3.org\/2000\/svg\" class=\"min-w-[43px]\">\n\t<path d=\"M0 6.00004L16.0319 6.00004M16.0319 6.00004L10.705 0.813232M16.0319 6.00004L10.705 11.1868\" stroke=\"#012D3A\"\/>\n<\/svg>\n    <\/h3>\n<\/a>\n                            <a\n    href=\"https:\/\/www.enabel.be\/fr\/nos-actions\/autonomisation-sociale-et-economique\/\"\n    class=\"has-cursor card--action card--animation | overflow-hidden font-normal no-underline text-inherit w-full md:w-[46%] lg:w-[47%] \"\n    data-aos=\"fade-down\"\n    data-aos-delay=\"100\"\n    >\n    <div class=\"relative card--top h-[340px] flex items-center\">\n        <img decoding=\"async\" width=\"1500\" height=\"1000\" src=\"https:\/\/www.enabel.be\/app\/uploads\/2022\/08\/Mali_Enabel_20_DSC06505_KristofVadino.jpg\" class=\"absolute top-0 left-0 h-full w-full object-cover object-center wp-post-image\" alt=\"shadow of a child on a fishing boat in Mali\" srcset=\"https:\/\/www.enabel.be\/app\/uploads\/2022\/08\/Mali_Enabel_20_DSC06505_KristofVadino.jpg 1500w, https:\/\/www.enabel.be\/app\/uploads\/2022\/08\/Mali_Enabel_20_DSC06505_KristofVadino-300x200.jpg 300w, https:\/\/www.enabel.be\/app\/uploads\/2022\/08\/Mali_Enabel_20_DSC06505_KristofVadino-1024x683.jpg 1024w, https:\/\/www.enabel.be\/app\/uploads\/2022\/08\/Mali_Enabel_20_DSC06505_KristofVadino-768x512.jpg 768w\" sizes=\"(max-width: 1500px) 100vw, 1500px\" \/>\n        <p class=\"px-[24px] z-10\">\n            Enabel s\u2019emploie \u00e0 garantir l\u2019\u00e9galit\u00e9 d\u2019acc\u00e8s \u00e0 des services de base de qualit\u00e9 et \u00e0 des m\u00e9canismes de protection sociale, \u00e0 offrir des opportunit\u00e9s commerciales durables et des emplois d\u00e9cents, et \u00e0 lutter contre les pratiques discriminatoires et les st\u00e9r\u00e9otypes de genre qui sont pr\u00e9judiciables \u00e0 l\u2019inclusion. En savoir plus sur nos actions tendant vers une plus grande \u00e9galit\u00e9 sociale et \u00e9conomique.  \n        <\/p>\n    <\/div>\n    <h3 class=\"relative z-10 flex justify-between w-full p-6 mb-0\">\n        Autonomisation sociale et \u00e9conomique\n        <svg width=\"17\" height=\"12\" viewBox=\"0 0 17 12\" fill=\"none\" xmlns=\"http:\/\/www.w3.org\/2000\/svg\" class=\"min-w-[43px]\">\n\t<path d=\"M0 6.00004L16.0319 6.00004M16.0319 6.00004L10.705 0.813232M16.0319 6.00004L10.705 11.1868\" stroke=\"#012D3A\"\/>\n<\/svg>\n    <\/h3>\n<\/a>\n                            <a\n    href=\"https:\/\/www.enabel.be\/fr\/nos-actions\/tendances-demographiques\/\"\n    class=\"has-cursor card--action card--animation | overflow-hidden font-normal no-underline text-inherit w-full md:w-[46%] lg:w-[47%] \"\n    data-aos=\"fade-down\"\n    data-aos-delay=\"200\"\n    >\n    <div class=\"relative card--top h-[340px] flex items-center\">\n        <img decoding=\"async\" width=\"2560\" height=\"1707\" src=\"https:\/\/www.enabel.be\/app\/uploads\/2022\/12\/Amuddu-Solange-2-scaled.jpg\" class=\"absolute top-0 left-0 h-full w-full object-cover object-center wp-post-image\" alt=\"\" srcset=\"https:\/\/www.enabel.be\/app\/uploads\/2022\/12\/Amuddu-Solange-2-scaled.jpg 2560w, https:\/\/www.enabel.be\/app\/uploads\/2022\/12\/Amuddu-Solange-2-300x200.jpg 300w, https:\/\/www.enabel.be\/app\/uploads\/2022\/12\/Amuddu-Solange-2-1024x683.jpg 1024w, https:\/\/www.enabel.be\/app\/uploads\/2022\/12\/Amuddu-Solange-2-768x512.jpg 768w, https:\/\/www.enabel.be\/app\/uploads\/2022\/12\/Amuddu-Solange-2-1536x1024.jpg 1536w\" sizes=\"(max-width: 2560px) 100vw, 2560px\" \/>\n        <p class=\"px-[24px] z-10\">\n            Dans un monde caract\u00e9ris\u00e9 par de grandes diff\u00e9rences dans le d\u00e9veloppement humain, la mobilit\u00e9 repr\u00e9sente une option importante pour am\u00e9liorer les conditions de vie de beaucoup d\u2019individus. Bien g\u00e9r\u00e9e, elle est un catalyseur d\u2019un d\u00e9veloppement \u00e9conomique et social inclusif, tant pour les personnes migrantes que pour les communaut\u00e9s et les pays de r\u00e9sidence et d\u2019origine. \n        <\/p>\n    <\/div>\n    <h3 class=\"relative z-10 flex justify-between w-full p-6 mb-0\">\n        Tendances d\u00e9mographiques\n        <svg width=\"17\" height=\"12\" viewBox=\"0 0 17 12\" fill=\"none\" xmlns=\"http:\/\/www.w3.org\/2000\/svg\" class=\"min-w-[43px]\">\n\t<path d=\"M0 6.00004L16.0319 6.00004M16.0319 6.00004L10.705 0.813232M16.0319 6.00004L10.705 11.1868\" stroke=\"#012D3A\"\/>\n<\/svg>\n    <\/h3>\n<\/a>\n                            <a\n    href=\"https:\/\/www.enabel.be\/fr\/nos-actions\/paix-stabilite-democratie\/\"\n    class=\"has-cursor card--action card--animation | overflow-hidden font-normal no-underline text-inherit w-full md:w-[46%] lg:w-[47%] \"\n    data-aos=\"fade-down\"\n    data-aos-delay=\"300\"\n    >\n    <div class=\"relative card--top h-[340px] flex items-center\">\n        <img decoding=\"async\" width=\"1900\" height=\"950\" src=\"https:\/\/www.enabel.be\/app\/uploads\/2022\/08\/1900X950px_Paix_Securite_06_2020.jpg\" class=\"absolute top-0 left-0 h-full w-full object-cover object-center wp-post-image\" alt=\"a woman discussing with a man in a corridor\" srcset=\"https:\/\/www.enabel.be\/app\/uploads\/2022\/08\/1900X950px_Paix_Securite_06_2020.jpg 1900w, https:\/\/www.enabel.be\/app\/uploads\/2022\/08\/1900X950px_Paix_Securite_06_2020-300x150.jpg 300w, https:\/\/www.enabel.be\/app\/uploads\/2022\/08\/1900X950px_Paix_Securite_06_2020-1024x512.jpg 1024w, https:\/\/www.enabel.be\/app\/uploads\/2022\/08\/1900X950px_Paix_Securite_06_2020-768x384.jpg 768w, https:\/\/www.enabel.be\/app\/uploads\/2022\/08\/1900X950px_Paix_Securite_06_2020-1536x768.jpg 1536w\" sizes=\"(max-width: 1900px) 100vw, 1900px\" \/>\n        <p class=\"px-[24px] z-10\">\n            La fragilit\u00e9, les conflits et la violence ont une incidence manifeste sur la pauvret\u00e9. L\u2019extr\u00eame pauvret\u00e9 ne cro\u00eet que dans les \u00c9tats fragiles. Le d\u00e9veloppement durable ne peut aboutir sans la paix et la s\u00e9curit\u00e9\u2009qui, inversement, sont menac\u00e9es sans le d\u00e9veloppement durable. En savoir plus sur notre travail dans ce domaine  \n        <\/p>\n    <\/div>\n    <h3 class=\"relative z-10 flex justify-between w-full p-6 mb-0\">\n        Paix, stabilit\u00e9 &amp; d\u00e9mocratie\n        <svg width=\"17\" height=\"12\" viewBox=\"0 0 17 12\" fill=\"none\" xmlns=\"http:\/\/www.w3.org\/2000\/svg\" class=\"min-w-[43px]\">\n\t<path d=\"M0 6.00004L16.0319 6.00004M16.0319 6.00004L10.705 0.813232M16.0319 6.00004L10.705 11.1868\" stroke=\"#012D3A\"\/>\n<\/svg>\n    <\/h3>\n<\/a>\n                            <a\n    href=\"https:\/\/www.enabel.be\/fr\/nos-actions\/defis-mondiaux\/urbanisation\/\"\n    class=\"has-cursor card--action card--animation | overflow-hidden font-normal no-underline text-inherit w-full md:w-[46%] lg:w-[47%] \"\n    data-aos=\"fade-down\"\n    data-aos-delay=\"400\"\n    >\n    <div class=\"relative card--top h-[340px] flex items-center\">\n        <img decoding=\"async\" width=\"1900\" height=\"950\" src=\"https:\/\/www.enabel.be\/app\/uploads\/2022\/08\/Untitled-design-2-1.jpg\" class=\"absolute top-0 left-0 h-full w-full object-cover object-center wp-post-image\" alt=\"a city view in Palestine\" srcset=\"https:\/\/www.enabel.be\/app\/uploads\/2022\/08\/Untitled-design-2-1.jpg 1900w, https:\/\/www.enabel.be\/app\/uploads\/2022\/08\/Untitled-design-2-1-300x150.jpg 300w, https:\/\/www.enabel.be\/app\/uploads\/2022\/08\/Untitled-design-2-1-1024x512.jpg 1024w, https:\/\/www.enabel.be\/app\/uploads\/2022\/08\/Untitled-design-2-1-768x384.jpg 768w, https:\/\/www.enabel.be\/app\/uploads\/2022\/08\/Untitled-design-2-1-1536x768.jpg 1536w\" sizes=\"(max-width: 1900px) 100vw, 1900px\" \/>\n        <p class=\"px-[24px] z-10\">\n            L\u2019urbanisation gagne toujours plus de terrain sur notre plan\u00e8te. D\u2019ici 2050, 70\u202f% de la population mondiale vivra en ville. Cette tendance mondiale concerne \u00e0 la fois l\u2019essor des m\u00e9galopoles et l\u2019expansion des petites et moyennes villes. En savoir plus sur nos actions en mati\u00e8re d\u2019urbanisation.  \n        <\/p>\n    <\/div>\n    <h3 class=\"relative z-10 flex justify-between w-full p-6 mb-0\">\n        Urbanisation\n        <svg width=\"17\" height=\"12\" viewBox=\"0 0 17 12\" fill=\"none\" xmlns=\"http:\/\/www.w3.org\/2000\/svg\" class=\"min-w-[43px]\">\n\t<path d=\"M0 6.00004L16.0319 6.00004M16.0319 6.00004L10.705 0.813232M16.0319 6.00004L10.705 11.1868\" stroke=\"#012D3A\"\/>\n<\/svg>\n    <\/h3>\n<\/a>\n                    <\/div>\n            <\/div>\n<\/section>\n","protected":false},"excerpt":{"rendered":"","protected":false},"author":3,"featured_media":3691,"parent":4588,"menu_order":0,"comment_status":"closed","ping_status":"closed","template":"","meta":{"_acf_changed":false,"inline_featured_image":false,"footnotes":""},"class_list":["post-4595","page","type-page","status-publish","has-post-thumbnail","hentry"],"yoast_head":"<!-- This site is optimized with the Yoast SEO plugin v25.9 - https:\/\/yoast.com\/wordpress\/plugins\/seo\/ -->\n<title>Relever les d\u00e9fis mondiaux - Enabel - Agence belge de coop\u00e9ration internationale<\/title>\n<meta name=\"description\" content=\"Le changement climatique, l\u2019urbanisation, la mobilit\u00e9 humaine, les in\u00e9galit\u00e9s sociales et \u00e9conomiques, la paix et la s\u00e9curit\u00e9 : en savoir plus sur les d\u00e9fis mondiaux\" \/>\n<meta name=\"robots\" content=\"index, follow, max-snippet:-1, max-image-preview:large, max-video-preview:-1\" \/>\n<link rel=\"canonical\" href=\"https:\/\/www.enabel.be\/fr\/nos-actions\/defis-mondiaux\/\" \/>\n<meta property=\"og:locale\" content=\"fr_FR\" \/>\n<meta property=\"og:type\" content=\"article\" \/>\n<meta property=\"og:title\" content=\"Relever les d\u00e9fis mondiaux - Enabel - Agence belge de coop\u00e9ration internationale\" \/>\n<meta property=\"og:description\" content=\"Le changement climatique, l\u2019urbanisation, la mobilit\u00e9 humaine, les in\u00e9galit\u00e9s sociales et \u00e9conomiques, la paix et la s\u00e9curit\u00e9 : en savoir plus sur les d\u00e9fis mondiaux\" \/>\n<meta property=\"og:url\" content=\"https:\/\/www.enabel.be\/fr\/nos-actions\/defis-mondiaux\/\" \/>\n<meta property=\"og:site_name\" content=\"Enabel - Agence belge de coop\u00e9ration internationale\" \/>\n<meta property=\"article:publisher\" content=\"https:\/\/www.facebook.com\/EnabelBelgium\/\" \/>\n<meta property=\"article:modified_time\" content=\"2022-09-27T10:06:02+00:00\" \/>\n<meta property=\"og:image\" content=\"https:\/\/www.enabel.be\/app\/uploads\/2022\/08\/Kisangani3-39-scaled.jpg\" \/>\n\t<meta property=\"og:image:width\" content=\"2560\" \/>\n\t<meta property=\"og:image:height\" content=\"1709\" \/>\n\t<meta property=\"og:image:type\" content=\"image\/jpeg\" \/>\n<meta name=\"twitter:card\" content=\"summary_large_image\" \/>\n<meta name=\"twitter:site\" content=\"@Enabel_Belgium\" \/>\n<script type=\"application\/ld+json\" class=\"yoast-schema-graph\">{\"@context\":\"https:\/\/schema.org\",\"@graph\":[{\"@type\":\"WebPage\",\"@id\":\"https:\/\/www.enabel.be\/fr\/nos-actions\/defis-mondiaux\/\",\"url\":\"https:\/\/www.enabel.be\/fr\/nos-actions\/defis-mondiaux\/\",\"name\":\"Relever les d\u00e9fis mondiaux - Enabel - Agence belge de coop\u00e9ration internationale\",\"isPartOf\":{\"@id\":\"https:\/\/www.enabel.be\/fr\/#website\"},\"primaryImageOfPage\":{\"@id\":\"https:\/\/www.enabel.be\/fr\/nos-actions\/defis-mondiaux\/#primaryimage\"},\"image\":{\"@id\":\"https:\/\/www.enabel.be\/fr\/nos-actions\/defis-mondiaux\/#primaryimage\"},\"thumbnailUrl\":\"https:\/\/www.enabel.be\/app\/uploads\/2022\/08\/Kisangani3-39-scaled.jpg\",\"datePublished\":\"2022-06-21T15:03:26+00:00\",\"dateModified\":\"2022-09-27T10:06:02+00:00\",\"description\":\"Le changement climatique, l\u2019urbanisation, la mobilit\u00e9 humaine, les in\u00e9galit\u00e9s sociales et \u00e9conomiques, la paix et la s\u00e9curit\u00e9 : en savoir plus sur les d\u00e9fis mondiaux\",\"breadcrumb\":{\"@id\":\"https:\/\/www.enabel.be\/fr\/nos-actions\/defis-mondiaux\/#breadcrumb\"},\"inLanguage\":\"fr-FR\",\"potentialAction\":[{\"@type\":\"ReadAction\",\"target\":[\"https:\/\/www.enabel.be\/fr\/nos-actions\/defis-mondiaux\/\"]}]},{\"@type\":\"ImageObject\",\"inLanguage\":\"fr-FR\",\"@id\":\"https:\/\/www.enabel.be\/fr\/nos-actions\/defis-mondiaux\/#primaryimage\",\"url\":\"https:\/\/www.enabel.be\/app\/uploads\/2022\/08\/Kisangani3-39-scaled.jpg\",\"contentUrl\":\"https:\/\/www.enabel.be\/app\/uploads\/2022\/08\/Kisangani3-39-scaled.jpg\",\"width\":2560,\"height\":1709,\"caption\":\"Vue sur le barrage de la thsopo.\"},{\"@type\":\"BreadcrumbList\",\"@id\":\"https:\/\/www.enabel.be\/fr\/nos-actions\/defis-mondiaux\/#breadcrumb\",\"itemListElement\":[{\"@type\":\"ListItem\",\"position\":1,\"name\":\"Home\",\"item\":\"https:\/\/www.enabel.be\/fr\/\"},{\"@type\":\"ListItem\",\"position\":2,\"name\":\"Nos actions\",\"item\":\"https:\/\/www.enabel.be\/fr\/nos-actions\/\"},{\"@type\":\"ListItem\",\"position\":3,\"name\":\"Relever les d\u00e9fis mondiaux\"}]},{\"@type\":\"WebSite\",\"@id\":\"https:\/\/www.enabel.be\/fr\/#website\",\"url\":\"https:\/\/www.enabel.be\/fr\/\",\"name\":\"Enabel - Agence belge de coop\u00e9ration internationale\",\"description\":\"Enabling Change\",\"publisher\":{\"@id\":\"https:\/\/www.enabel.be\/fr\/#organization\"},\"potentialAction\":[{\"@type\":\"SearchAction\",\"target\":{\"@type\":\"EntryPoint\",\"urlTemplate\":\"https:\/\/www.enabel.be\/fr\/?s={search_term_string}\"},\"query-input\":{\"@type\":\"PropertyValueSpecification\",\"valueRequired\":true,\"valueName\":\"search_term_string\"}}],\"inLanguage\":\"fr-FR\"},{\"@type\":\"Organization\",\"@id\":\"https:\/\/www.enabel.be\/fr\/#organization\",\"name\":\"Enabel - Agence belge de coop\u00e9ration internationale\",\"url\":\"https:\/\/www.enabel.be\/fr\/\",\"logo\":{\"@type\":\"ImageObject\",\"inLanguage\":\"fr-FR\",\"@id\":\"https:\/\/www.enabel.be\/fr\/#\/schema\/logo\/image\/\",\"url\":\"https:\/\/www.enabel.be\/app\/uploads\/2022\/06\/enabel-logo-color.svg\",\"contentUrl\":\"https:\/\/www.enabel.be\/app\/uploads\/2022\/06\/enabel-logo-color.svg\",\"width\":103,\"height\":35,\"caption\":\"Enabel - Agence belge de coop\u00e9ration internationale\"},\"image\":{\"@id\":\"https:\/\/www.enabel.be\/fr\/#\/schema\/logo\/image\/\"},\"sameAs\":[\"https:\/\/www.facebook.com\/EnabelBelgium\/\",\"https:\/\/x.com\/Enabel_Belgium\",\"https:\/\/www.instagram.com\/enabel_be\/\",\"https:\/\/www.linkedin.com\/company\/enabel\/\",\"https:\/\/www.youtube.com\/channel\/UCHGr3iOQ9n2jORzgtkv5FyQ\"]}]}<\/script>\n<!-- \/ Yoast SEO plugin. -->","yoast_head_json":{"title":"Relever les d\u00e9fis mondiaux - Enabel - Agence belge de coop\u00e9ration internationale","description":"Le changement climatique, l\u2019urbanisation, la mobilit\u00e9 humaine, les in\u00e9galit\u00e9s sociales et \u00e9conomiques, la paix et la s\u00e9curit\u00e9 : en savoir plus sur les d\u00e9fis mondiaux","robots":{"index":"index","follow":"follow","max-snippet":"max-snippet:-1","max-image-preview":"max-image-preview:large","max-video-preview":"max-video-preview:-1"},"canonical":"https:\/\/www.enabel.be\/fr\/nos-actions\/defis-mondiaux\/","og_locale":"fr_FR","og_type":"article","og_title":"Relever les d\u00e9fis mondiaux - Enabel - Agence belge de coop\u00e9ration internationale","og_description":"Le changement climatique, l\u2019urbanisation, la mobilit\u00e9 humaine, les in\u00e9galit\u00e9s sociales et \u00e9conomiques, la paix et la s\u00e9curit\u00e9 : en savoir plus sur les d\u00e9fis mondiaux","og_url":"https:\/\/www.enabel.be\/fr\/nos-actions\/defis-mondiaux\/","og_site_name":"Enabel - Agence belge de coop\u00e9ration internationale","article_publisher":"https:\/\/www.facebook.com\/EnabelBelgium\/","article_modified_time":"2022-09-27T10:06:02+00:00","og_image":[{"width":2560,"height":1709,"url":"https:\/\/www.enabel.be\/app\/uploads\/2022\/08\/Kisangani3-39-scaled.jpg","type":"image\/jpeg"}],"twitter_card":"summary_large_image","twitter_site":"@Enabel_Belgium","schema":{"@context":"https:\/\/schema.org","@graph":[{"@type":"WebPage","@id":"https:\/\/www.enabel.be\/fr\/nos-actions\/defis-mondiaux\/","url":"https:\/\/www.enabel.be\/fr\/nos-actions\/defis-mondiaux\/","name":"Relever les d\u00e9fis mondiaux - Enabel - Agence belge de coop\u00e9ration internationale","isPartOf":{"@id":"https:\/\/www.enabel.be\/fr\/#website"},"primaryImageOfPage":{"@id":"https:\/\/www.enabel.be\/fr\/nos-actions\/defis-mondiaux\/#primaryimage"},"image":{"@id":"https:\/\/www.enabel.be\/fr\/nos-actions\/defis-mondiaux\/#primaryimage"},"thumbnailUrl":"https:\/\/www.enabel.be\/app\/uploads\/2022\/08\/Kisangani3-39-scaled.jpg","datePublished":"2022-06-21T15:03:26+00:00","dateModified":"2022-09-27T10:06:02+00:00","description":"Le changement climatique, l\u2019urbanisation, la mobilit\u00e9 humaine, les in\u00e9galit\u00e9s sociales et \u00e9conomiques, la paix et la s\u00e9curit\u00e9 : en savoir plus sur les d\u00e9fis mondiaux","breadcrumb":{"@id":"https:\/\/www.enabel.be\/fr\/nos-actions\/defis-mondiaux\/#breadcrumb"},"inLanguage":"fr-FR","potentialAction":[{"@type":"ReadAction","target":["https:\/\/www.enabel.be\/fr\/nos-actions\/defis-mondiaux\/"]}]},{"@type":"ImageObject","inLanguage":"fr-FR","@id":"https:\/\/www.enabel.be\/fr\/nos-actions\/defis-mondiaux\/#primaryimage","url":"https:\/\/www.enabel.be\/app\/uploads\/2022\/08\/Kisangani3-39-scaled.jpg","contentUrl":"https:\/\/www.enabel.be\/app\/uploads\/2022\/08\/Kisangani3-39-scaled.jpg","width":2560,"height":1709,"caption":"Vue sur le barrage de la thsopo."},{"@type":"BreadcrumbList","@id":"https:\/\/www.enabel.be\/fr\/nos-actions\/defis-mondiaux\/#breadcrumb","itemListElement":[{"@type":"ListItem","position":1,"name":"Home","item":"https:\/\/www.enabel.be\/fr\/"},{"@type":"ListItem","position":2,"name":"Nos actions","item":"https:\/\/www.enabel.be\/fr\/nos-actions\/"},{"@type":"ListItem","position":3,"name":"Relever les d\u00e9fis mondiaux"}]},{"@type":"WebSite","@id":"https:\/\/www.enabel.be\/fr\/#website","url":"https:\/\/www.enabel.be\/fr\/","name":"Enabel - Agence belge de coop\u00e9ration internationale","description":"Enabling Change","publisher":{"@id":"https:\/\/www.enabel.be\/fr\/#organization"},"potentialAction":[{"@type":"SearchAction","target":{"@type":"EntryPoint","urlTemplate":"https:\/\/www.enabel.be\/fr\/?s={search_term_string}"},"query-input":{"@type":"PropertyValueSpecification","valueRequired":true,"valueName":"search_term_string"}}],"inLanguage":"fr-FR"},{"@type":"Organization","@id":"https:\/\/www.enabel.be\/fr\/#organization","name":"Enabel - Agence belge de coop\u00e9ration internationale","url":"https:\/\/www.enabel.be\/fr\/","logo":{"@type":"ImageObject","inLanguage":"fr-FR","@id":"https:\/\/www.enabel.be\/fr\/#\/schema\/logo\/image\/","url":"https:\/\/www.enabel.be\/app\/uploads\/2022\/06\/enabel-logo-color.svg","contentUrl":"https:\/\/www.enabel.be\/app\/uploads\/2022\/06\/enabel-logo-color.svg","width":103,"height":35,"caption":"Enabel - Agence belge de coop\u00e9ration internationale"},"image":{"@id":"https:\/\/www.enabel.be\/fr\/#\/schema\/logo\/image\/"},"sameAs":["https:\/\/www.facebook.com\/EnabelBelgium\/","https:\/\/x.com\/Enabel_Belgium","https:\/\/www.instagram.com\/enabel_be\/","https:\/\/www.linkedin.com\/company\/enabel\/","https:\/\/www.youtube.com\/channel\/UCHGr3iOQ9n2jORzgtkv5FyQ"]}]}},"acf":[],"_links":{"self":[{"href":"https:\/\/www.enabel.be\/fr\/wp-json\/wp\/v2\/pages\/4595","targetHints":{"allow":["GET"]}}],"collection":[{"href":"https:\/\/www.enabel.be\/fr\/wp-json\/wp\/v2\/pages"}],"about":[{"href":"https:\/\/www.enabel.be\/fr\/wp-json\/wp\/v2\/types\/page"}],"author":[{"embeddable":true,"href":"https:\/\/www.enabel.be\/fr\/wp-json\/wp\/v2\/users\/3"}],"replies":[{"embeddable":true,"href":"https:\/\/www.enabel.be\/fr\/wp-json\/wp\/v2\/comments?post=4595"}],"version-history":[{"count":0,"href":"https:\/\/www.enabel.be\/fr\/wp-json\/wp\/v2\/pages\/4595\/revisions"}],"up":[{"embeddable":true,"href":"https:\/\/www.enabel.be\/fr\/wp-json\/wp\/v2\/pages\/4588"}],"wp:featuredmedia":[{"embeddable":true,"href":"https:\/\/www.enabel.be\/fr\/wp-json\/wp\/v2\/media\/3691"}],"wp:attachment":[{"href":"https:\/\/www.enabel.be\/fr\/wp-json\/wp\/v2\/media?parent=4595"}],"curies":[{"name":"wp","href":"https:\/\/api.w.org\/{rel}","templated":true}]}}