{"id":50600,"date":"2025-02-07T12:44:11","date_gmt":"2025-02-07T12:44:11","guid":{"rendered":"https:\/\/www.enabel.be\/?page_id=50600"},"modified":"2025-02-12T11:07:08","modified_gmt":"2025-02-12T11:07:08","slug":"carte-pays","status":"publish","type":"page","link":"https:\/\/www.enabel.be\/fr\/carte-pays\/","title":{"rendered":"Carte pays"},"content":{"rendered":"<section\n    class=\"section-map-store-locator | flex lg:block flex-col relative w-full py-16 bg-primary-50\"\n   >\n   <store-locator filter-map=\"true\"><\/store-locator>\n    <div class=\"hidden\" id=\"pagemapid\">50600<\/div>\n    <div class=\"hidden\" id=\"pagemaptype\"><\/div>\n\n    \n        <div id=\"projects-labels\" class=\"hidden\">\n                                        <div id=\"button_filter_projects\">Filtrer projets<\/div>\n                            <div id=\"countries\">Pays<\/div>\n                            <div id=\"funded_by\">Financ\u00e9 par<\/div>\n                            <div id=\"supported_by\">Soutenu par<\/div>\n                            <div id=\"implemented_by\">Mis en oeuvre par<\/div>\n                            <div id=\"description\">Description<\/div>\n                            <div id=\"learn_more_link\">En savoir plus<\/div>\n                                <\/div>\n        <div id=\"projects-settings\" class=\"hidden\">\n                                        <div id=\"title\">Projets soutenus par le Innovation Hub<\/div>\n                            <div id=\"content\">Dans le cadre de Wehubit (2018-2023) ou \u00e0 travers l&rsquo;un de nos Appels \u00e0 Propositions, retrouvez ici les projets que nous soutenons dans leur parcours de changement d&rsquo;\u00e9chelle.<\/div>\n                            <div id=\"map_footnote\">Les fronti\u00e8res et les noms indiqu\u00e9s ainsi que les d\u00e9signations utilis\u00e9es sur les cartes n&rsquo;impliquent pas une approbation ou une acceptation officielle de la part d&rsquo;Enabel.<\/div>\n                                <\/div>\n        \n    <div class=\"hidden\" id=\"wpml-current-language\">fr<\/div>\n<\/section>\n","protected":false},"excerpt":{"rendered":"","protected":false},"author":3,"featured_media":0,"parent":0,"menu_order":0,"comment_status":"closed","ping_status":"closed","template":"","meta":{"_acf_changed":false,"inline_featured_image":false,"footnotes":""},"class_list":["post-50600","page","type-page","status-publish","hentry"],"yoast_head":"<!-- This site is optimized with the Yoast SEO plugin v25.9 - https:\/\/yoast.com\/wordpress\/plugins\/seo\/ -->\n<title>Carte pays - Enabel - Agence belge de coop\u00e9ration internationale<\/title>\n<meta name=\"robots\" content=\"index, follow, max-snippet:-1, max-image-preview:large, max-video-preview:-1\" \/>\n<link rel=\"canonical\" href=\"https:\/\/www.enabel.be\/fr\/carte-pays\/\" \/>\n<meta property=\"og:locale\" content=\"fr_FR\" \/>\n<meta property=\"og:type\" content=\"article\" \/>\n<meta property=\"og:title\" content=\"Carte pays - Enabel - Agence belge de coop\u00e9ration internationale\" \/>\n<meta property=\"og:url\" content=\"https:\/\/www.enabel.be\/fr\/carte-pays\/\" \/>\n<meta property=\"og:site_name\" content=\"Enabel - Agence belge de coop\u00e9ration internationale\" \/>\n<meta property=\"article:publisher\" content=\"https:\/\/www.facebook.com\/EnabelBelgium\/\" \/>\n<meta property=\"article:modified_time\" content=\"2025-02-12T11:07:08+00:00\" \/>\n<meta property=\"og:image\" content=\"https:\/\/www.enabel.be\/app\/uploads\/2022\/10\/OG-Enabel-e1666600479426.jpg\" \/>\n\t<meta property=\"og:image:width\" content=\"1500\" \/>\n\t<meta property=\"og:image:height\" content=\"707\" \/>\n\t<meta property=\"og:image:type\" content=\"image\/jpeg\" \/>\n<meta name=\"twitter:card\" content=\"summary_large_image\" \/>\n<meta name=\"twitter:site\" content=\"@Enabel_Belgium\" \/>\n<script type=\"application\/ld+json\" class=\"yoast-schema-graph\">{\"@context\":\"https:\/\/schema.org\",\"@graph\":[{\"@type\":\"WebPage\",\"@id\":\"https:\/\/www.enabel.be\/fr\/carte-pays\/\",\"url\":\"https:\/\/www.enabel.be\/fr\/carte-pays\/\",\"name\":\"Carte pays - Enabel - Agence belge de coop\u00e9ration internationale\",\"isPartOf\":{\"@id\":\"https:\/\/www.enabel.be\/fr\/#website\"},\"datePublished\":\"2025-02-07T12:44:11+00:00\",\"dateModified\":\"2025-02-12T11:07:08+00:00\",\"breadcrumb\":{\"@id\":\"https:\/\/www.enabel.be\/fr\/carte-pays\/#breadcrumb\"},\"inLanguage\":\"fr-FR\",\"potentialAction\":[{\"@type\":\"ReadAction\",\"target\":[\"https:\/\/www.enabel.be\/fr\/carte-pays\/\"]}]},{\"@type\":\"BreadcrumbList\",\"@id\":\"https:\/\/www.enabel.be\/fr\/carte-pays\/#breadcrumb\",\"itemListElement\":[{\"@type\":\"ListItem\",\"position\":1,\"name\":\"Home\",\"item\":\"https:\/\/www.enabel.be\/fr\/\"},{\"@type\":\"ListItem\",\"position\":2,\"name\":\"Carte pays\"}]},{\"@type\":\"WebSite\",\"@id\":\"https:\/\/www.enabel.be\/fr\/#website\",\"url\":\"https:\/\/www.enabel.be\/fr\/\",\"name\":\"Enabel - Agence belge de coop\u00e9ration internationale\",\"description\":\"Enabling Change\",\"publisher\":{\"@id\":\"https:\/\/www.enabel.be\/fr\/#organization\"},\"potentialAction\":[{\"@type\":\"SearchAction\",\"target\":{\"@type\":\"EntryPoint\",\"urlTemplate\":\"https:\/\/www.enabel.be\/fr\/?s={search_term_string}\"},\"query-input\":{\"@type\":\"PropertyValueSpecification\",\"valueRequired\":true,\"valueName\":\"search_term_string\"}}],\"inLanguage\":\"fr-FR\"},{\"@type\":\"Organization\",\"@id\":\"https:\/\/www.enabel.be\/fr\/#organization\",\"name\":\"Enabel - Agence belge de coop\u00e9ration internationale\",\"url\":\"https:\/\/www.enabel.be\/fr\/\",\"logo\":{\"@type\":\"ImageObject\",\"inLanguage\":\"fr-FR\",\"@id\":\"https:\/\/www.enabel.be\/fr\/#\/schema\/logo\/image\/\",\"url\":\"https:\/\/www.enabel.be\/app\/uploads\/2022\/06\/enabel-logo-color.svg\",\"contentUrl\":\"https:\/\/www.enabel.be\/app\/uploads\/2022\/06\/enabel-logo-color.svg\",\"width\":103,\"height\":35,\"caption\":\"Enabel - Agence belge de coop\u00e9ration internationale\"},\"image\":{\"@id\":\"https:\/\/www.enabel.be\/fr\/#\/schema\/logo\/image\/\"},\"sameAs\":[\"https:\/\/www.facebook.com\/EnabelBelgium\/\",\"https:\/\/x.com\/Enabel_Belgium\",\"https:\/\/www.instagram.com\/enabel_be\/\",\"https:\/\/www.linkedin.com\/company\/enabel\/\",\"https:\/\/www.youtube.com\/channel\/UCHGr3iOQ9n2jORzgtkv5FyQ\"]}]}<\/script>\n<!-- \/ Yoast SEO plugin. -->","yoast_head_json":{"title":"Carte pays - Enabel - Agence belge de coop\u00e9ration internationale","robots":{"index":"index","follow":"follow","max-snippet":"max-snippet:-1","max-image-preview":"max-image-preview:large","max-video-preview":"max-video-preview:-1"},"canonical":"https:\/\/www.enabel.be\/fr\/carte-pays\/","og_locale":"fr_FR","og_type":"article","og_title":"Carte pays - Enabel - Agence belge de coop\u00e9ration internationale","og_url":"https:\/\/www.enabel.be\/fr\/carte-pays\/","og_site_name":"Enabel - Agence belge de coop\u00e9ration internationale","article_publisher":"https:\/\/www.facebook.com\/EnabelBelgium\/","article_modified_time":"2025-02-12T11:07:08+00:00","og_image":[{"width":1500,"height":707,"url":"https:\/\/www.enabel.be\/app\/uploads\/2022\/10\/OG-Enabel-e1666600479426.jpg","type":"image\/jpeg"}],"twitter_card":"summary_large_image","twitter_site":"@Enabel_Belgium","schema":{"@context":"https:\/\/schema.org","@graph":[{"@type":"WebPage","@id":"https:\/\/www.enabel.be\/fr\/carte-pays\/","url":"https:\/\/www.enabel.be\/fr\/carte-pays\/","name":"Carte pays - Enabel - Agence belge de coop\u00e9ration internationale","isPartOf":{"@id":"https:\/\/www.enabel.be\/fr\/#website"},"datePublished":"2025-02-07T12:44:11+00:00","dateModified":"2025-02-12T11:07:08+00:00","breadcrumb":{"@id":"https:\/\/www.enabel.be\/fr\/carte-pays\/#breadcrumb"},"inLanguage":"fr-FR","potentialAction":[{"@type":"ReadAction","target":["https:\/\/www.enabel.be\/fr\/carte-pays\/"]}]},{"@type":"BreadcrumbList","@id":"https:\/\/www.enabel.be\/fr\/carte-pays\/#breadcrumb","itemListElement":[{"@type":"ListItem","position":1,"name":"Home","item":"https:\/\/www.enabel.be\/fr\/"},{"@type":"ListItem","position":2,"name":"Carte pays"}]},{"@type":"WebSite","@id":"https:\/\/www.enabel.be\/fr\/#website","url":"https:\/\/www.enabel.be\/fr\/","name":"Enabel - Agence belge de coop\u00e9ration internationale","description":"Enabling Change","publisher":{"@id":"https:\/\/www.enabel.be\/fr\/#organization"},"potentialAction":[{"@type":"SearchAction","target":{"@type":"EntryPoint","urlTemplate":"https:\/\/www.enabel.be\/fr\/?s={search_term_string}"},"query-input":{"@type":"PropertyValueSpecification","valueRequired":true,"valueName":"search_term_string"}}],"inLanguage":"fr-FR"},{"@type":"Organization","@id":"https:\/\/www.enabel.be\/fr\/#organization","name":"Enabel - Agence belge de coop\u00e9ration internationale","url":"https:\/\/www.enabel.be\/fr\/","logo":{"@type":"ImageObject","inLanguage":"fr-FR","@id":"https:\/\/www.enabel.be\/fr\/#\/schema\/logo\/image\/","url":"https:\/\/www.enabel.be\/app\/uploads\/2022\/06\/enabel-logo-color.svg","contentUrl":"https:\/\/www.enabel.be\/app\/uploads\/2022\/06\/enabel-logo-color.svg","width":103,"height":35,"caption":"Enabel - Agence belge de coop\u00e9ration internationale"},"image":{"@id":"https:\/\/www.enabel.be\/fr\/#\/schema\/logo\/image\/"},"sameAs":["https:\/\/www.facebook.com\/EnabelBelgium\/","https:\/\/x.com\/Enabel_Belgium","https:\/\/www.instagram.com\/enabel_be\/","https:\/\/www.linkedin.com\/company\/enabel\/","https:\/\/www.youtube.com\/channel\/UCHGr3iOQ9n2jORzgtkv5FyQ"]}]}},"acf":[],"_links":{"self":[{"href":"https:\/\/www.enabel.be\/fr\/wp-json\/wp\/v2\/pages\/50600","targetHints":{"allow":["GET"]}}],"collection":[{"href":"https:\/\/www.enabel.be\/fr\/wp-json\/wp\/v2\/pages"}],"about":[{"href":"https:\/\/www.enabel.be\/fr\/wp-json\/wp\/v2\/types\/page"}],"author":[{"embeddable":true,"href":"https:\/\/www.enabel.be\/fr\/wp-json\/wp\/v2\/users\/3"}],"replies":[{"embeddable":true,"href":"https:\/\/www.enabel.be\/fr\/wp-json\/wp\/v2\/comments?post=50600"}],"version-history":[{"count":1,"href":"https:\/\/www.enabel.be\/fr\/wp-json\/wp\/v2\/pages\/50600\/revisions"}],"predecessor-version":[{"id":50601,"href":"https:\/\/www.enabel.be\/fr\/wp-json\/wp\/v2\/pages\/50600\/revisions\/50601"}],"wp:attachment":[{"href":"https:\/\/www.enabel.be\/fr\/wp-json\/wp\/v2\/media?parent=50600"}],"curies":[{"name":"wp","href":"https:\/\/api.w.org\/{rel}","templated":true}]}}