{"id":61394,"date":"2025-10-15T13:20:30","date_gmt":"2025-10-15T13:20:30","guid":{"rendered":"https:\/\/www.enabel.be\/?page_id=61394"},"modified":"2025-10-23T14:54:29","modified_gmt":"2025-10-23T14:54:29","slug":"la-citoyennete-mondiale-a-travers-les-yeux-des-expert%c2%b7es-junior%c2%b7es","status":"publish","type":"page","link":"https:\/\/www.enabel.be\/fr\/la-citoyennete-mondiale-a-travers-les-yeux-des-expert%c2%b7es-junior%c2%b7es\/","title":{"rendered":"La citoyennet\u00e9 mondiale \u00e0 travers les yeux des Expert\u00b7es Junior\u00b7es"},"content":{"rendered":"<header class=\"header--big relative flex align-center items-center min-h-screen\">\n\t<div class=\"z-20 container grid grid-cols-12\">\n\t\t<div class=\"z-30 relative col-span-12 md:col-span-8 col-start-1 md:col-start-3 text-center text-white\">\n\t\t\t\t\t\t<h1 data-aos=\"fade-up mb-0\">La citoyennet\u00e9 mondiale \u00e0 travers les yeux des Expert\u00b7es Junior\u00b7es<\/h1>\n\t\t\t\t\t<\/div>\n\t<\/div>\n\t\t\t\t\t\t\t<img decoding=\"async\" width=\"4256\" height=\"2832\" src=\"https:\/\/www.enabel.be\/app\/uploads\/2025\/10\/Cover-picture-webpage.jpg\" class=\"z-0 absolute inset-0 w-full h-full object-cover object-top wp-post-image\" alt=\"A hand holding up a string of rope.\" srcset=\"https:\/\/www.enabel.be\/app\/uploads\/2025\/10\/Cover-picture-webpage.jpg 4256w, https:\/\/www.enabel.be\/app\/uploads\/2025\/10\/Cover-picture-webpage-300x200.jpg 300w, https:\/\/www.enabel.be\/app\/uploads\/2025\/10\/Cover-picture-webpage-1024x681.jpg 1024w, https:\/\/www.enabel.be\/app\/uploads\/2025\/10\/Cover-picture-webpage-768x511.jpg 768w, https:\/\/www.enabel.be\/app\/uploads\/2025\/10\/Cover-picture-webpage-1536x1022.jpg 1536w, https:\/\/www.enabel.be\/app\/uploads\/2025\/10\/Cover-picture-webpage-2048x1363.jpg 2048w\" sizes=\"(max-width: 4256px) 100vw, 4256px\" \/>\n\t\t\t\t\t<div class=\"scroll rellax\" data-rellax-percentage=\"0.5\" data-rellax-speed=\"-1.5\">\n\t\t<p>\n\t\t\tScroll\n\t\t<\/p>\n\t<\/div>\n<\/header>\n\n\n<div style=\"height:59px\" aria-hidden=\"true\" class=\"wp-block-spacer\"><\/div>\n\n\n<section class=\"section--article-content\">\n    <div class=\"container grid grid-cols-12\">\n        <div class=\"col-span-12 col-start-1 md:col-span-8 md:col-start-3\">\n            <h3><span class=\"text-primary-500\">Sur cette page, nous partageons le travail d\u2019Expert\u00b7es Junior\u00b7es qui se sont pench\u00e9\u00b7es sur la citoyennet\u00e9 mondiale, un aspect essentiel de leur parcours.<\/span><\/h3>\n<p>Leurs publications sont le fruit d\u2019<strong>un parcours d\u2019apprentissage accompagn\u00e9<\/strong> par BeGlobal et le programme Junior. Ces jeunes professionnel\u00b7les engag\u00e9\u00b7es explorent, chacun\u00b7e \u00e0 leur mani\u00e8re, des th\u00e9matiques mondiales complexes comme la d\u00e9forestation, la s\u00e9curit\u00e9 alimentaire, la mobilit\u00e9 ou encore la diversit\u00e9 culturelle. Nous leur donnons la parole car la citoyennet\u00e9 mondiale est un processus continu d\u2019apprentissage, de remise en question et de mise en relation.<\/p>\n<p><strong>Le contenu des projets refl\u00e8te les perceptions, exp\u00e9riences et la cr\u00e9ativit\u00e9 personnelles des participant\u00b7es.<\/strong> Leurs opinions, visions et id\u00e9es ne repr\u00e9sentent pas n\u00e9cessairement la position d\u2019Enabel. De m\u00eame, ces contributions ne visent pas non plus \u00e0 constituer des analyses scientifiques ni des propositions politiques.<\/p>\n<p>Loin d\u2019\u00eatre des aboutissements, ces contributions sont <strong>des points de d\u00e9part<\/strong> pour nourrir une r\u00e9flexion collective et <strong>un dialogue ouvert<\/strong>. \u00c0 travers ces partages, nous esp\u00e9rons inspirer d\u2019autres personnes \u00e0 r\u00e9fl\u00e9chir de mani\u00e8re critique \u00e0 leur r\u00f4le dans un monde qui \u00e9volue en continu.<\/p>\n\n        <\/div>\n    <\/div>\n<\/section>\n\n\n<section class=\"section--action py-40 bg-primary-50\">\n    <div class=\"container relative grid-cols-12 gap-8 md:grid\">\n        \n        <div class=\"relative z-10 flex flex-row flex-wrap content-between col-span-12 gap-10 md:col-span-10 md:col-start-2\">\n                            <a\n    href=\"https:\/\/www.enabel.be\/fr\/regarder-au-dela-des-representations\/\"\n    class=\"has-cursor card--action card--animation | overflow-hidden font-normal no-underline text-inherit w-full md:w-[46%] lg:w-[47%] \"\n    data-aos=\"fade-down\"\n    data-aos-delay=\"000\"\n    >\n    <div class=\"relative card--top h-[340px] flex items-center\">\n        <img decoding=\"async\" width=\"4624\" height=\"2604\" src=\"https:\/\/www.enabel.be\/app\/uploads\/2025\/04\/20241004_123734.jpg\" class=\"absolute top-0 left-0 h-full w-full object-cover object-center wp-post-image\" alt=\"An ordinary concrete road in Uganda.\" srcset=\"https:\/\/www.enabel.be\/app\/uploads\/2025\/04\/20241004_123734.jpg 4624w, https:\/\/www.enabel.be\/app\/uploads\/2025\/04\/20241004_123734-300x169.jpg 300w, https:\/\/www.enabel.be\/app\/uploads\/2025\/04\/20241004_123734-1024x577.jpg 1024w, https:\/\/www.enabel.be\/app\/uploads\/2025\/04\/20241004_123734-768x432.jpg 768w, https:\/\/www.enabel.be\/app\/uploads\/2025\/04\/20241004_123734-1536x865.jpg 1536w\" sizes=\"(max-width: 4624px) 100vw, 4624px\" \/>\n        <p class=\"px-[24px] z-10\">\n            Lorsque je parle de mon exp\u00e9rience en tant qu\u2019Expert Junior Enabel en Ouganda, je re\u00e7ois souvent des r\u00e9actions nourries de st\u00e9r\u00e9otypes. O\u00f9 est la flexibilit\u00e9 mentale pour regarder au-del\u00e0 de ces clich\u00e9s ? Un r\u00e9cit personnel de Philippe Van Gerwen, expert junior en Ouganda.\n        <\/p>\n    <\/div>\n    <h3 class=\"relative z-10 flex justify-between w-full p-6 mb-0\">\n        Regarder au-del\u00e0 des repr\u00e9sentations  : Un r\u00e9cit personnel de Philippe Van Gerwen\n        <svg width=\"17\" height=\"12\" viewBox=\"0 0 17 12\" fill=\"none\" xmlns=\"http:\/\/www.w3.org\/2000\/svg\" class=\"min-w-[43px]\">\n\t<path d=\"M0 6.00004L16.0319 6.00004M16.0319 6.00004L10.705 0.813232M16.0319 6.00004L10.705 11.1868\" stroke=\"#012D3A\"\/>\n<\/svg>\n    <\/h3>\n<\/a>\n                            <a\n    href=\"https:\/\/www.enabel.be\/fr\/racines-entrelacees-le-cas-des-forets-au-burundi-et-au-rwanda\/\"\n    class=\"has-cursor card--action card--animation | overflow-hidden font-normal no-underline text-inherit w-full md:w-[46%] lg:w-[47%] \"\n    data-aos=\"fade-down\"\n    data-aos-delay=\"100\"\n    >\n    <div class=\"relative card--top h-[340px] flex items-center\">\n        <img decoding=\"async\" width=\"5456\" height=\"3632\" src=\"https:\/\/www.enabel.be\/app\/uploads\/2025\/10\/DSC02160.jpg\" class=\"absolute top-0 left-0 h-full w-full object-cover object-center wp-post-image\" alt=\"Parc National du Nyungwe, Rwanda\" srcset=\"https:\/\/www.enabel.be\/app\/uploads\/2025\/10\/DSC02160.jpg 5456w, https:\/\/www.enabel.be\/app\/uploads\/2025\/10\/DSC02160-300x200.jpg 300w, https:\/\/www.enabel.be\/app\/uploads\/2025\/10\/DSC02160-1024x682.jpg 1024w, https:\/\/www.enabel.be\/app\/uploads\/2025\/10\/DSC02160-768x511.jpg 768w, https:\/\/www.enabel.be\/app\/uploads\/2025\/10\/DSC02160-1536x1022.jpg 1536w, https:\/\/www.enabel.be\/app\/uploads\/2025\/10\/DSC02160-2048x1363.jpg 2048w\" sizes=\"(max-width: 5456px) 100vw, 5456px\" \/>\n        <p class=\"px-[24px] z-10\">\n            Entre Rwanda et Burundi, Reine et Florent, deux Experts\u00b7es Junior d\u2019Enabel retracent l\u2019histoire et les racines sociales, culturelles et \u00e9cologiques des for\u00eats. Lisez leur essai.\n        <\/p>\n    <\/div>\n    <h3 class=\"relative z-10 flex justify-between w-full p-6 mb-0\">\n        Essai : racines entrelac\u00e9es : le cas des for\u00eats au Burundi et au Rwanda\n        <svg width=\"17\" height=\"12\" viewBox=\"0 0 17 12\" fill=\"none\" xmlns=\"http:\/\/www.w3.org\/2000\/svg\" class=\"min-w-[43px]\">\n\t<path d=\"M0 6.00004L16.0319 6.00004M16.0319 6.00004L10.705 0.813232M16.0319 6.00004L10.705 11.1868\" stroke=\"#012D3A\"\/>\n<\/svg>\n    <\/h3>\n<\/a>\n                            <a\n    href=\"https:\/\/www.enabel.be\/fr\/the-sankara-pan-african-library-un-cafe-des-livres-et-bien-plus\/\"\n    class=\"has-cursor card--action card--animation | overflow-hidden font-normal no-underline text-inherit w-full md:w-[46%] lg:w-[47%] \"\n    data-aos=\"fade-down\"\n    data-aos-delay=\"200\"\n    >\n    <div class=\"relative card--top h-[340px] flex items-center\">\n        <img decoding=\"async\" width=\"1288\" height=\"844\" src=\"https:\/\/www.enabel.be\/app\/uploads\/2024\/11\/Blog_Esther-1.jpg\" class=\"absolute top-0 left-0 h-full w-full object-cover object-center wp-post-image\" alt=\"Woman reading at a table, surrounded by books.\" srcset=\"https:\/\/www.enabel.be\/app\/uploads\/2024\/11\/Blog_Esther-1.jpg 1288w, https:\/\/www.enabel.be\/app\/uploads\/2024\/11\/Blog_Esther-1-300x197.jpg 300w, https:\/\/www.enabel.be\/app\/uploads\/2024\/11\/Blog_Esther-1-1024x671.jpg 1024w, https:\/\/www.enabel.be\/app\/uploads\/2024\/11\/Blog_Esther-1-768x503.jpg 768w\" sizes=\"(max-width: 1288px) 100vw, 1288px\" \/>\n        <p class=\"px-[24px] z-10\">\n            En tant que Junior Expert pour Rikolto en Ouganda, Esther Philippen a d\u00e9couvert l\u2019inspirante biblioth\u00e8que panafricaine Sankara. Lisez son blog. \n        <\/p>\n    <\/div>\n    <h3 class=\"relative z-10 flex justify-between w-full p-6 mb-0\">\n        Blog : The Sankara Pan-African Library : un caf\u00e9, des livres, et bien plus\n        <svg width=\"17\" height=\"12\" viewBox=\"0 0 17 12\" fill=\"none\" xmlns=\"http:\/\/www.w3.org\/2000\/svg\" class=\"min-w-[43px]\">\n\t<path d=\"M0 6.00004L16.0319 6.00004M16.0319 6.00004L10.705 0.813232M16.0319 6.00004L10.705 11.1868\" stroke=\"#012D3A\"\/>\n<\/svg>\n    <\/h3>\n<\/a>\n                            <a\n    href=\"https:\/\/www.enabel.be\/junior-experts-encourage-climate-awareness-initiatives-at-enabel\/\"\n    class=\"has-cursor card--action card--animation | overflow-hidden font-normal no-underline text-inherit w-full md:w-[46%] lg:w-[47%] \"\n    data-aos=\"fade-down\"\n    data-aos-delay=\"300\"\n    >\n    <div class=\"relative card--top h-[340px] flex items-center\">\n        <img decoding=\"async\" width=\"1600\" height=\"929\" src=\"https:\/\/www.enabel.be\/app\/uploads\/2025\/05\/WhatsApp-Image-2024-09-21-at-13.31.51.jpeg\" class=\"absolute top-0 left-0 h-full w-full object-cover object-center wp-post-image\" alt=\"People stand around a table and look at pictures.\" srcset=\"https:\/\/www.enabel.be\/app\/uploads\/2025\/05\/WhatsApp-Image-2024-09-21-at-13.31.51.jpeg 1600w, https:\/\/www.enabel.be\/app\/uploads\/2025\/05\/WhatsApp-Image-2024-09-21-at-13.31.51-300x174.jpeg 300w, https:\/\/www.enabel.be\/app\/uploads\/2025\/05\/WhatsApp-Image-2024-09-21-at-13.31.51-1024x595.jpeg 1024w, https:\/\/www.enabel.be\/app\/uploads\/2025\/05\/WhatsApp-Image-2024-09-21-at-13.31.51-768x446.jpeg 768w, https:\/\/www.enabel.be\/app\/uploads\/2025\/05\/WhatsApp-Image-2024-09-21-at-13.31.51-1536x892.jpeg 1536w\" sizes=\"(max-width: 1600px) 100vw, 1600px\" \/>\n        <p class=\"px-[24px] z-10\">\n            Cynthia, Thierry, Magali and St\u00e9phanie encouraged colleagues to become more climate-aware. Find out how they went about this in their personal reflection. \n        <\/p>\n    <\/div>\n    <h3 class=\"relative z-10 flex justify-between w-full p-6 mb-0\">\n        Encouraging climate awareness initiatives at Enabel\n        <svg width=\"17\" height=\"12\" viewBox=\"0 0 17 12\" fill=\"none\" xmlns=\"http:\/\/www.w3.org\/2000\/svg\" class=\"min-w-[43px]\">\n\t<path d=\"M0 6.00004L16.0319 6.00004M16.0319 6.00004L10.705 0.813232M16.0319 6.00004L10.705 11.1868\" stroke=\"#012D3A\"\/>\n<\/svg>\n    <\/h3>\n<\/a>\n                    <\/div>\n                    <svg class=\"absolute z-0 -top-[50px] h-[auto] -scale-x-100 -left-[21rem]\" width=\"740\" height=\"963\" viewBox=\"0 0 740 963\" fill=\"none\" xmlns=\"http:\/\/www.w3.org\/2000\/svg\">\n                <path d=\"M4.14789 68.4593C3.1875 69.1487 2.41949 69.7137 1.84961 70.1388C76.3121 111.451 123.489 182.456 157.038 257.094C179.798 307.73 196.335 360.169 210.846 406.188C217.84 428.365 224.363 449.05 230.886 467.325C271.09 579.963 339.187 745.177 505.856 848.48C587.479 898.959 669.539 935.365 737.675 961.067C699.384 878.987 678.698 787.83 659.961 690.18C656.287 671.03 652.687 651.63 649.045 631.999C633.94 550.589 618.095 465.196 593.102 377.102L593.102 377.102C525.842 139.304 368.325 -11.6487 190.243 1.83524C134.013 6.19004 86.5997 23.5014 53.2395 39.7296C36.561 47.8429 23.4007 55.6827 14.4139 61.4912C9.92078 64.3953 6.47144 66.7913 4.14789 68.4593Z\" stroke=\"url(#paint0_linear_19_3)\" stroke-width=\"2\"\/>\n                <defs>\n                    <linearGradient id=\"paint0_linear_19_3\" x1=\"739.412\" y1=\"481.434\" x2=\"-0.179538\" y2=\"481.434\" gradientUnits=\"userSpaceOnUse\">\n                        <stop stop-color=\"#F9B500\"\/>\n                        <stop offset=\"1\" stop-color=\"#FFDD00\"\/>\n                    <\/linearGradient>\n                <\/defs>\n            <\/svg>\n            <\/div>\n<\/section>\n","protected":false},"excerpt":{"rendered":"","protected":false},"author":264,"featured_media":61194,"parent":0,"menu_order":8,"comment_status":"closed","ping_status":"closed","template":"","meta":{"_acf_changed":false,"inline_featured_image":false,"footnotes":""},"class_list":["post-61394","page","type-page","status-publish","has-post-thumbnail","hentry"],"yoast_head":"<!-- This site is optimized with the Yoast SEO plugin v25.9 - https:\/\/yoast.com\/wordpress\/plugins\/seo\/ -->\n<title>La citoyennet\u00e9 mondiale \u00e0 travers les yeux des Expert\u00b7es Junior\u00b7es - Enabel - Agence belge de coop\u00e9ration internationale<\/title>\n<meta name=\"description\" content=\"D\u00e9couvrez le travail d\u2019Expert\u00b7es Junior\u00b7es engag\u00e9\u00b7es pour la citoyennet\u00e9 mondiale, un pilier cl\u00e9 de leur parcours.\" \/>\n<meta name=\"robots\" content=\"index, follow, max-snippet:-1, max-image-preview:large, max-video-preview:-1\" \/>\n<link rel=\"canonical\" href=\"https:\/\/www.enabel.be\/fr\/la-citoyennete-mondiale-a-travers-les-yeux-des-expert%c2%b7es-junior%c2%b7es\/\" \/>\n<meta property=\"og:locale\" content=\"fr_FR\" \/>\n<meta property=\"og:type\" content=\"article\" \/>\n<meta property=\"og:title\" content=\"La citoyennet\u00e9 mondiale \u00e0 travers les yeux des Expert\u00b7es Junior\u00b7es - Enabel - Agence belge de coop\u00e9ration internationale\" \/>\n<meta property=\"og:description\" content=\"D\u00e9couvrez le travail d\u2019Expert\u00b7es Junior\u00b7es engag\u00e9\u00b7es pour la citoyennet\u00e9 mondiale, un pilier cl\u00e9 de leur parcours.\" \/>\n<meta property=\"og:url\" content=\"https:\/\/www.enabel.be\/fr\/la-citoyennete-mondiale-a-travers-les-yeux-des-expert%c2%b7es-junior%c2%b7es\/\" \/>\n<meta property=\"og:site_name\" content=\"Enabel - Agence belge de coop\u00e9ration internationale\" \/>\n<meta property=\"article:publisher\" content=\"https:\/\/www.facebook.com\/EnabelBelgium\/\" \/>\n<meta property=\"article:modified_time\" content=\"2025-10-23T14:54:29+00:00\" \/>\n<meta property=\"og:image\" content=\"https:\/\/www.enabel.be\/app\/uploads\/2025\/10\/Cover-picture-webpage.jpg\" \/>\n\t<meta property=\"og:image:width\" content=\"4256\" \/>\n\t<meta property=\"og:image:height\" content=\"2832\" \/>\n\t<meta property=\"og:image:type\" content=\"image\/jpeg\" \/>\n<meta name=\"twitter:card\" content=\"summary_large_image\" \/>\n<meta name=\"twitter:site\" content=\"@Enabel_Belgium\" \/>\n<meta name=\"twitter:label1\" content=\"Est. reading time\" \/>\n\t<meta name=\"twitter:data1\" content=\"1 minute\" \/>\n<script type=\"application\/ld+json\" class=\"yoast-schema-graph\">{\"@context\":\"https:\/\/schema.org\",\"@graph\":[{\"@type\":\"WebPage\",\"@id\":\"https:\/\/www.enabel.be\/fr\/la-citoyennete-mondiale-a-travers-les-yeux-des-expert%c2%b7es-junior%c2%b7es\/\",\"url\":\"https:\/\/www.enabel.be\/fr\/la-citoyennete-mondiale-a-travers-les-yeux-des-expert%c2%b7es-junior%c2%b7es\/\",\"name\":\"La citoyennet\u00e9 mondiale \u00e0 travers les yeux des Expert\u00b7es Junior\u00b7es - Enabel - Agence belge de coop\u00e9ration internationale\",\"isPartOf\":{\"@id\":\"https:\/\/www.enabel.be\/fr\/#website\"},\"primaryImageOfPage\":{\"@id\":\"https:\/\/www.enabel.be\/fr\/la-citoyennete-mondiale-a-travers-les-yeux-des-expert%c2%b7es-junior%c2%b7es\/#primaryimage\"},\"image\":{\"@id\":\"https:\/\/www.enabel.be\/fr\/la-citoyennete-mondiale-a-travers-les-yeux-des-expert%c2%b7es-junior%c2%b7es\/#primaryimage\"},\"thumbnailUrl\":\"https:\/\/www.enabel.be\/app\/uploads\/2025\/10\/Cover-picture-webpage.jpg\",\"datePublished\":\"2025-10-15T13:20:30+00:00\",\"dateModified\":\"2025-10-23T14:54:29+00:00\",\"description\":\"D\u00e9couvrez le travail d\u2019Expert\u00b7es Junior\u00b7es engag\u00e9\u00b7es pour la citoyennet\u00e9 mondiale, un pilier cl\u00e9 de leur parcours.\",\"breadcrumb\":{\"@id\":\"https:\/\/www.enabel.be\/fr\/la-citoyennete-mondiale-a-travers-les-yeux-des-expert%c2%b7es-junior%c2%b7es\/#breadcrumb\"},\"inLanguage\":\"fr-FR\",\"potentialAction\":[{\"@type\":\"ReadAction\",\"target\":[\"https:\/\/www.enabel.be\/fr\/la-citoyennete-mondiale-a-travers-les-yeux-des-expert%c2%b7es-junior%c2%b7es\/\"]}]},{\"@type\":\"ImageObject\",\"inLanguage\":\"fr-FR\",\"@id\":\"https:\/\/www.enabel.be\/fr\/la-citoyennete-mondiale-a-travers-les-yeux-des-expert%c2%b7es-junior%c2%b7es\/#primaryimage\",\"url\":\"https:\/\/www.enabel.be\/app\/uploads\/2025\/10\/Cover-picture-webpage.jpg\",\"contentUrl\":\"https:\/\/www.enabel.be\/app\/uploads\/2025\/10\/Cover-picture-webpage.jpg\",\"width\":4256,\"height\":2832,\"caption\":\"A hand holding up a string of rope.\"},{\"@type\":\"BreadcrumbList\",\"@id\":\"https:\/\/www.enabel.be\/fr\/la-citoyennete-mondiale-a-travers-les-yeux-des-expert%c2%b7es-junior%c2%b7es\/#breadcrumb\",\"itemListElement\":[{\"@type\":\"ListItem\",\"position\":1,\"name\":\"Home\",\"item\":\"https:\/\/www.enabel.be\/fr\/\"},{\"@type\":\"ListItem\",\"position\":2,\"name\":\"La citoyennet\u00e9 mondiale \u00e0 travers les yeux des Expert\u00b7es Junior\u00b7es\"}]},{\"@type\":\"WebSite\",\"@id\":\"https:\/\/www.enabel.be\/fr\/#website\",\"url\":\"https:\/\/www.enabel.be\/fr\/\",\"name\":\"Enabel - Agence belge de coop\u00e9ration internationale\",\"description\":\"Enabling Change\",\"publisher\":{\"@id\":\"https:\/\/www.enabel.be\/fr\/#organization\"},\"potentialAction\":[{\"@type\":\"SearchAction\",\"target\":{\"@type\":\"EntryPoint\",\"urlTemplate\":\"https:\/\/www.enabel.be\/fr\/?s={search_term_string}\"},\"query-input\":{\"@type\":\"PropertyValueSpecification\",\"valueRequired\":true,\"valueName\":\"search_term_string\"}}],\"inLanguage\":\"fr-FR\"},{\"@type\":\"Organization\",\"@id\":\"https:\/\/www.enabel.be\/fr\/#organization\",\"name\":\"Enabel - Agence belge de coop\u00e9ration internationale\",\"url\":\"https:\/\/www.enabel.be\/fr\/\",\"logo\":{\"@type\":\"ImageObject\",\"inLanguage\":\"fr-FR\",\"@id\":\"https:\/\/www.enabel.be\/fr\/#\/schema\/logo\/image\/\",\"url\":\"https:\/\/www.enabel.be\/app\/uploads\/2022\/06\/enabel-logo-color.svg\",\"contentUrl\":\"https:\/\/www.enabel.be\/app\/uploads\/2022\/06\/enabel-logo-color.svg\",\"width\":103,\"height\":35,\"caption\":\"Enabel - Agence belge de coop\u00e9ration internationale\"},\"image\":{\"@id\":\"https:\/\/www.enabel.be\/fr\/#\/schema\/logo\/image\/\"},\"sameAs\":[\"https:\/\/www.facebook.com\/EnabelBelgium\/\",\"https:\/\/x.com\/Enabel_Belgium\",\"https:\/\/www.instagram.com\/enabel_be\/\",\"https:\/\/www.linkedin.com\/company\/enabel\/\",\"https:\/\/www.youtube.com\/channel\/UCHGr3iOQ9n2jORzgtkv5FyQ\"]}]}<\/script>\n<!-- \/ Yoast SEO plugin. -->","yoast_head_json":{"title":"La citoyennet\u00e9 mondiale \u00e0 travers les yeux des Expert\u00b7es Junior\u00b7es - Enabel - Agence belge de coop\u00e9ration internationale","description":"D\u00e9couvrez le travail d\u2019Expert\u00b7es Junior\u00b7es engag\u00e9\u00b7es pour la citoyennet\u00e9 mondiale, un pilier cl\u00e9 de leur parcours.","robots":{"index":"index","follow":"follow","max-snippet":"max-snippet:-1","max-image-preview":"max-image-preview:large","max-video-preview":"max-video-preview:-1"},"canonical":"https:\/\/www.enabel.be\/fr\/la-citoyennete-mondiale-a-travers-les-yeux-des-expert%c2%b7es-junior%c2%b7es\/","og_locale":"fr_FR","og_type":"article","og_title":"La citoyennet\u00e9 mondiale \u00e0 travers les yeux des Expert\u00b7es Junior\u00b7es - Enabel - Agence belge de coop\u00e9ration internationale","og_description":"D\u00e9couvrez le travail d\u2019Expert\u00b7es Junior\u00b7es engag\u00e9\u00b7es pour la citoyennet\u00e9 mondiale, un pilier cl\u00e9 de leur parcours.","og_url":"https:\/\/www.enabel.be\/fr\/la-citoyennete-mondiale-a-travers-les-yeux-des-expert%c2%b7es-junior%c2%b7es\/","og_site_name":"Enabel - Agence belge de coop\u00e9ration internationale","article_publisher":"https:\/\/www.facebook.com\/EnabelBelgium\/","article_modified_time":"2025-10-23T14:54:29+00:00","og_image":[{"width":4256,"height":2832,"url":"https:\/\/www.enabel.be\/app\/uploads\/2025\/10\/Cover-picture-webpage.jpg","type":"image\/jpeg"}],"twitter_card":"summary_large_image","twitter_site":"@Enabel_Belgium","twitter_misc":{"Est. reading time":"1 minute"},"schema":{"@context":"https:\/\/schema.org","@graph":[{"@type":"WebPage","@id":"https:\/\/www.enabel.be\/fr\/la-citoyennete-mondiale-a-travers-les-yeux-des-expert%c2%b7es-junior%c2%b7es\/","url":"https:\/\/www.enabel.be\/fr\/la-citoyennete-mondiale-a-travers-les-yeux-des-expert%c2%b7es-junior%c2%b7es\/","name":"La citoyennet\u00e9 mondiale \u00e0 travers les yeux des Expert\u00b7es Junior\u00b7es - Enabel - Agence belge de coop\u00e9ration internationale","isPartOf":{"@id":"https:\/\/www.enabel.be\/fr\/#website"},"primaryImageOfPage":{"@id":"https:\/\/www.enabel.be\/fr\/la-citoyennete-mondiale-a-travers-les-yeux-des-expert%c2%b7es-junior%c2%b7es\/#primaryimage"},"image":{"@id":"https:\/\/www.enabel.be\/fr\/la-citoyennete-mondiale-a-travers-les-yeux-des-expert%c2%b7es-junior%c2%b7es\/#primaryimage"},"thumbnailUrl":"https:\/\/www.enabel.be\/app\/uploads\/2025\/10\/Cover-picture-webpage.jpg","datePublished":"2025-10-15T13:20:30+00:00","dateModified":"2025-10-23T14:54:29+00:00","description":"D\u00e9couvrez le travail d\u2019Expert\u00b7es Junior\u00b7es engag\u00e9\u00b7es pour la citoyennet\u00e9 mondiale, un pilier cl\u00e9 de leur parcours.","breadcrumb":{"@id":"https:\/\/www.enabel.be\/fr\/la-citoyennete-mondiale-a-travers-les-yeux-des-expert%c2%b7es-junior%c2%b7es\/#breadcrumb"},"inLanguage":"fr-FR","potentialAction":[{"@type":"ReadAction","target":["https:\/\/www.enabel.be\/fr\/la-citoyennete-mondiale-a-travers-les-yeux-des-expert%c2%b7es-junior%c2%b7es\/"]}]},{"@type":"ImageObject","inLanguage":"fr-FR","@id":"https:\/\/www.enabel.be\/fr\/la-citoyennete-mondiale-a-travers-les-yeux-des-expert%c2%b7es-junior%c2%b7es\/#primaryimage","url":"https:\/\/www.enabel.be\/app\/uploads\/2025\/10\/Cover-picture-webpage.jpg","contentUrl":"https:\/\/www.enabel.be\/app\/uploads\/2025\/10\/Cover-picture-webpage.jpg","width":4256,"height":2832,"caption":"A hand holding up a string of rope."},{"@type":"BreadcrumbList","@id":"https:\/\/www.enabel.be\/fr\/la-citoyennete-mondiale-a-travers-les-yeux-des-expert%c2%b7es-junior%c2%b7es\/#breadcrumb","itemListElement":[{"@type":"ListItem","position":1,"name":"Home","item":"https:\/\/www.enabel.be\/fr\/"},{"@type":"ListItem","position":2,"name":"La citoyennet\u00e9 mondiale \u00e0 travers les yeux des Expert\u00b7es Junior\u00b7es"}]},{"@type":"WebSite","@id":"https:\/\/www.enabel.be\/fr\/#website","url":"https:\/\/www.enabel.be\/fr\/","name":"Enabel - Agence belge de coop\u00e9ration internationale","description":"Enabling Change","publisher":{"@id":"https:\/\/www.enabel.be\/fr\/#organization"},"potentialAction":[{"@type":"SearchAction","target":{"@type":"EntryPoint","urlTemplate":"https:\/\/www.enabel.be\/fr\/?s={search_term_string}"},"query-input":{"@type":"PropertyValueSpecification","valueRequired":true,"valueName":"search_term_string"}}],"inLanguage":"fr-FR"},{"@type":"Organization","@id":"https:\/\/www.enabel.be\/fr\/#organization","name":"Enabel - Agence belge de coop\u00e9ration internationale","url":"https:\/\/www.enabel.be\/fr\/","logo":{"@type":"ImageObject","inLanguage":"fr-FR","@id":"https:\/\/www.enabel.be\/fr\/#\/schema\/logo\/image\/","url":"https:\/\/www.enabel.be\/app\/uploads\/2022\/06\/enabel-logo-color.svg","contentUrl":"https:\/\/www.enabel.be\/app\/uploads\/2022\/06\/enabel-logo-color.svg","width":103,"height":35,"caption":"Enabel - Agence belge de coop\u00e9ration internationale"},"image":{"@id":"https:\/\/www.enabel.be\/fr\/#\/schema\/logo\/image\/"},"sameAs":["https:\/\/www.facebook.com\/EnabelBelgium\/","https:\/\/x.com\/Enabel_Belgium","https:\/\/www.instagram.com\/enabel_be\/","https:\/\/www.linkedin.com\/company\/enabel\/","https:\/\/www.youtube.com\/channel\/UCHGr3iOQ9n2jORzgtkv5FyQ"]}]}},"acf":[],"_links":{"self":[{"href":"https:\/\/www.enabel.be\/fr\/wp-json\/wp\/v2\/pages\/61394","targetHints":{"allow":["GET"]}}],"collection":[{"href":"https:\/\/www.enabel.be\/fr\/wp-json\/wp\/v2\/pages"}],"about":[{"href":"https:\/\/www.enabel.be\/fr\/wp-json\/wp\/v2\/types\/page"}],"author":[{"embeddable":true,"href":"https:\/\/www.enabel.be\/fr\/wp-json\/wp\/v2\/users\/264"}],"replies":[{"embeddable":true,"href":"https:\/\/www.enabel.be\/fr\/wp-json\/wp\/v2\/comments?post=61394"}],"version-history":[{"count":3,"href":"https:\/\/www.enabel.be\/fr\/wp-json\/wp\/v2\/pages\/61394\/revisions"}],"predecessor-version":[{"id":61981,"href":"https:\/\/www.enabel.be\/fr\/wp-json\/wp\/v2\/pages\/61394\/revisions\/61981"}],"wp:featuredmedia":[{"embeddable":true,"href":"https:\/\/www.enabel.be\/fr\/wp-json\/wp\/v2\/media\/61194"}],"wp:attachment":[{"href":"https:\/\/www.enabel.be\/fr\/wp-json\/wp\/v2\/media?parent=61394"}],"curies":[{"name":"wp","href":"https:\/\/api.w.org\/{rel}","templated":true}]}}