{"id":64784,"date":"2026-01-12T10:52:53","date_gmt":"2026-01-12T10:52:53","guid":{"rendered":"https:\/\/www.enabel.be\/?page_id=64784"},"modified":"2026-01-12T10:53:19","modified_gmt":"2026-01-12T10:53:19","slug":"themes-transversaux","status":"publish","type":"page","link":"https:\/\/www.enabel.be\/fr\/nos-actions\/themes-transversaux\/","title":{"rendered":"Th\u00e8mes transversaux"},"content":{"rendered":"<header class=\"header--big relative flex align-center items-center min-h-screen\">\n\t<div class=\"z-20 container grid grid-cols-12\">\n\t\t<div class=\"z-30 relative col-span-12 md:col-span-8 col-start-1 md:col-start-3 text-center text-white\">\n\t\t\t\t\t\t\t<p class=\"h5\" data-aos=\"fade-down\">Expertise<\/p>\n\t\t\t\t\t\t<h1 data-aos=\"fade-up mb-0\">Th\u00e8mes transversaux<\/h1>\n\t\t\t\t\t<\/div>\n\t<\/div>\n\t\t\t\t\t\t\t<img decoding=\"async\" width=\"2560\" height=\"1707\" src=\"https:\/\/www.enabel.be\/app\/uploads\/2023\/11\/211109moz_enabel684-2-1-scaled.jpg\" class=\"z-0 absolute inset-0 w-full h-full object-cover object-top wp-post-image\" alt=\"close up of hands\" srcset=\"https:\/\/www.enabel.be\/app\/uploads\/2023\/11\/211109moz_enabel684-2-1-scaled.jpg 2560w, https:\/\/www.enabel.be\/app\/uploads\/2023\/11\/211109moz_enabel684-2-1-300x200.jpg 300w, https:\/\/www.enabel.be\/app\/uploads\/2023\/11\/211109moz_enabel684-2-1-1024x683.jpg 1024w, https:\/\/www.enabel.be\/app\/uploads\/2023\/11\/211109moz_enabel684-2-1-768x512.jpg 768w, https:\/\/www.enabel.be\/app\/uploads\/2023\/11\/211109moz_enabel684-2-1-1536x1024.jpg 1536w, https:\/\/www.enabel.be\/app\/uploads\/2023\/11\/211109moz_enabel684-2-1-2048x1365.jpg 2048w\" sizes=\"(max-width: 2560px) 100vw, 2560px\" \/>\n\t\t\t\t\t<div class=\"scroll rellax\" data-rellax-percentage=\"0.5\" data-rellax-speed=\"-1.5\">\n\t\t<p>\n\t\t\tScroll\n\t\t<\/p>\n\t<\/div>\n<\/header>\n\n<section class=\"section--text-center mx-auto bg-white\">\n    <div class=\"container items-center grid-flow-row-dense grid-cols-12 lg:grid\">\n        <div class=\"relative text-center z-1 lg:col-start-2 lg:col-span-10\">\n            <h2>Pour r\u00e9pondre efficacement aux d\u00e9fis du d\u00e9veloppement durable, Enabel int\u00e8gre dans l\u2019ensemble de ses actions cinq th\u00e8mes transversaux essentiels.<\/h2>\n<h2>Ces priorit\u00e9s &#8211; <span class=\"text-primary-500\">genre et inclusion, travail d\u00e9cent, autonomisation de la jeunesse, transition num\u00e9rique et environnement<\/span> &#8211; renforcent l\u2019impact de nos actions dans tous les secteurs. Elles garantissent que chaque projet contribue \u00e0 une coop\u00e9ration internationale plus \u00e9quitable, durable et innovante, au b\u00e9n\u00e9fice des populations et des institutions partenaires.<\/h2>\n\n        <\/div>\n    <\/div>\n<\/section>\n\n\n<section class=\"section--action py-40 bg-greylight\">\n    <div class=\"container relative grid-cols-12 gap-8 md:grid\">\n        \n        <div class=\"relative z-10 flex flex-row flex-wrap content-between col-span-12 gap-10 md:col-span-10 md:col-start-2\">\n                            <a\n    href=\"https:\/\/www.enabel.be\/fr\/nos-actions\/offrir-une-expertise\/digitalisation\/\"\n    class=\"has-cursor card--action card--animation | overflow-hidden font-normal no-underline text-inherit w-full md:w-[46%] lg:w-[47%] \"\n    data-aos=\"fade-down\"\n    data-aos-delay=\"000\"\n    >\n    <div class=\"relative card--top h-[340px] flex items-center\">\n        <img decoding=\"async\" width=\"1216\" height=\"564\" src=\"https:\/\/www.enabel.be\/app\/uploads\/2022\/09\/Header-website-B-1.jpg\" class=\"absolute top-0 left-0 h-full w-full object-cover object-center wp-post-image\" alt=\"Girl sitting in a library in Uganda behind a computer, checking her smartphone.\" srcset=\"https:\/\/www.enabel.be\/app\/uploads\/2022\/09\/Header-website-B-1.jpg 1216w, https:\/\/www.enabel.be\/app\/uploads\/2022\/09\/Header-website-B-1-300x139.jpg 300w, https:\/\/www.enabel.be\/app\/uploads\/2022\/09\/Header-website-B-1-1024x475.jpg 1024w, https:\/\/www.enabel.be\/app\/uploads\/2022\/09\/Header-website-B-1-768x356.jpg 768w\" sizes=\"(max-width: 1216px) 100vw, 1216px\" \/>\n        <p class=\"px-[24px] z-10\">\n            Les technologies num\u00e9riques favorisent le d\u00e9veloppement, aident les populations les plus vuln\u00e9rables tout en garantissant une meilleure prestation de services publics. \n        <\/p>\n    <\/div>\n    <h3 class=\"relative z-10 flex justify-between w-full p-6 mb-0\">\n        Digitalisation\n        <svg width=\"17\" height=\"12\" viewBox=\"0 0 17 12\" fill=\"none\" xmlns=\"http:\/\/www.w3.org\/2000\/svg\" class=\"min-w-[43px]\">\n\t<path d=\"M0 6.00004L16.0319 6.00004M16.0319 6.00004L10.705 0.813232M16.0319 6.00004L10.705 11.1868\" stroke=\"#012D3A\"\/>\n<\/svg>\n    <\/h3>\n<\/a>\n                            <a\n    href=\"https:\/\/www.enabel.be\/fr\/nos-actions\/offrir-une-expertise\/egalite-des-genres\/\"\n    class=\"has-cursor card--action card--animation | overflow-hidden font-normal no-underline text-inherit w-full md:w-[46%] lg:w-[47%] \"\n    data-aos=\"fade-down\"\n    data-aos-delay=\"100\"\n    >\n    <div class=\"relative card--top h-[340px] flex items-center\">\n        <img decoding=\"async\" width=\"1358\" height=\"858\" src=\"https:\/\/www.enabel.be\/app\/uploads\/2022\/08\/Gender.jpg\" class=\"absolute top-0 left-0 h-full w-full object-cover object-center wp-post-image\" alt=\"\" srcset=\"https:\/\/www.enabel.be\/app\/uploads\/2022\/08\/Gender.jpg 1358w, https:\/\/www.enabel.be\/app\/uploads\/2022\/08\/Gender-300x190.jpg 300w, https:\/\/www.enabel.be\/app\/uploads\/2022\/08\/Gender-1024x647.jpg 1024w, https:\/\/www.enabel.be\/app\/uploads\/2022\/08\/Gender-768x485.jpg 768w\" sizes=\"(max-width: 1358px) 100vw, 1358px\" \/>\n        <p class=\"px-[24px] z-10\">\n            Nos efforts de d\u00e9veloppement ne porteront leurs fruits que si nous intensifions la lutte en faveur de l\u2019\u00e9galit\u00e9 entre femmes et hommes. \n        <\/p>\n    <\/div>\n    <h3 class=\"relative z-10 flex justify-between w-full p-6 mb-0\">\n        Egalit\u00e9 de genre et inclusion\n        <svg width=\"17\" height=\"12\" viewBox=\"0 0 17 12\" fill=\"none\" xmlns=\"http:\/\/www.w3.org\/2000\/svg\" class=\"min-w-[43px]\">\n\t<path d=\"M0 6.00004L16.0319 6.00004M16.0319 6.00004L10.705 0.813232M16.0319 6.00004L10.705 11.1868\" stroke=\"#012D3A\"\/>\n<\/svg>\n    <\/h3>\n<\/a>\n                            <a\n    href=\"https:\/\/www.enabel.be\/fr\/nos-actions\/promouvoir-la-citoyennete-mondiale\/education-a-la-citoyennete-mondiale\/\"\n    class=\"has-cursor card--action card--animation | overflow-hidden font-normal no-underline text-inherit w-full md:w-[46%] lg:w-[47%] \"\n    data-aos=\"fade-down\"\n    data-aos-delay=\"200\"\n    >\n    <div class=\"relative card--top h-[340px] flex items-center\">\n        <img decoding=\"async\" width=\"1920\" height=\"1280\" src=\"https:\/\/www.enabel.be\/app\/uploads\/2022\/09\/0079.jpg\" class=\"absolute top-0 left-0 h-full w-full object-cover object-center wp-post-image\" alt=\"\" srcset=\"https:\/\/www.enabel.be\/app\/uploads\/2022\/09\/0079.jpg 1920w, https:\/\/www.enabel.be\/app\/uploads\/2022\/09\/0079-300x200.jpg 300w, https:\/\/www.enabel.be\/app\/uploads\/2022\/09\/0079-1024x683.jpg 1024w, https:\/\/www.enabel.be\/app\/uploads\/2022\/09\/0079-768x512.jpg 768w, https:\/\/www.enabel.be\/app\/uploads\/2022\/09\/0079-1536x1024.jpg 1536w\" sizes=\"(max-width: 1920px) 100vw, 1920px\" \/>\n        <p class=\"px-[24px] z-10\">\n            Forte de son programme BeGlobal, Enabel poss\u00e8de plus de vingt ans d\u2019exp\u00e9rience dans l\u2019\u00e9ducation \u00e0 la citoyennet\u00e9 mondiale en Belgique. Les trois principaux axes d\u2019activit\u00e9, qui visent tous \u00e0 ancrer durablement l\u2019approche dans l\u2019enseignement en Belgique, sont : le dialogue politique, le renforcement et l\u2019innovation des pratiques p\u00e9dagogiques, et le d\u00e9ploiement d\u2019un centre d\u2019expertise visant la production, le partage et la diffusion des connaissances.\n        <\/p>\n    <\/div>\n    <h3 class=\"relative z-10 flex justify-between w-full p-6 mb-0\">\n        \u00c9ducation \u00e0 la citoyennet\u00e9 mondiale\n        <svg width=\"17\" height=\"12\" viewBox=\"0 0 17 12\" fill=\"none\" xmlns=\"http:\/\/www.w3.org\/2000\/svg\" class=\"min-w-[43px]\">\n\t<path d=\"M0 6.00004L16.0319 6.00004M16.0319 6.00004L10.705 0.813232M16.0319 6.00004L10.705 11.1868\" stroke=\"#012D3A\"\/>\n<\/svg>\n    <\/h3>\n<\/a>\n                    <\/div>\n            <\/div>\n<\/section>\n\n\n<section class=\"section--infos-link mx-auto py-40 overflow-hidden md:overflow-visible bg-white\">\n\t<div class=\"container grid items-center grid-flow-row-dense grid-cols-12\">\n\t\t<div class=\"col-span-12 mb-6\">\n\t\t\t<h2>D\u00e9couvrez notre offre th\u00e9matique<\/h2>\n\n\t\t<\/div>\n\t\t<div class=\"grid flex-wrap grid-cols-12 col-span-12 gap-4 md:gap-10\">\n\t\t\t\t\t\t\t\t\t\t\t\t<a href=\"https:\/\/www.enabel.be\/fr\/nos-actions\/defis-mondiaux\/climat-environnement\/\" target=\"blank\" class=\"card--link has-cursor card--animation bg-white text-black p-6 no-underline font-normal col-span-12 sm:col-span-6 lg:col-span-3 shadow-cp min-h-[180px] md:min-h-[245px] flex flex-col justify-between rounded-lg\" data-aos=\"fade-up\" data-aos-delay=\"000\">\n\t\t\t\t\t\t<div>\n\t\t\t\t\t\t\t\t\t\t\t\t\t\t\t<h2 class=\"mb-0\">Climate &#038; environnement<\/h2>\n\t\t\t\t\t\t\t\t\t\t\t\t\t\t\t\t\t\t\t\t<\/div>\n\t\t\t\t\t\t<i class=\"text-primary-500 text-3xl relative z-10 fa-regular fa-seedling\"><\/i>\n\t\t\t\t\t<\/a>\n\t\t\t\t\t\t\t\t\t<a href=\"https:\/\/www.enabel.be\/fr\/nos-actions\/defis-mondiaux\/autonomisation-sociale-et-economique\/\" target=\"blank\" class=\"card--link has-cursor card--animation bg-white text-black p-6 no-underline font-normal col-span-12 sm:col-span-6 lg:col-span-3 shadow-cp min-h-[180px] md:min-h-[245px] flex flex-col justify-between rounded-lg\" data-aos=\"fade-up\" data-aos-delay=\"100\">\n\t\t\t\t\t\t<div>\n\t\t\t\t\t\t\t\t\t\t\t\t\t\t\t<h2 class=\"mb-0\">Autonomisation sociale et \u00e9conomique<\/h2>\n\t\t\t\t\t\t\t\t\t\t\t\t\t\t\t\t\t\t\t\t<\/div>\n\t\t\t\t\t\t<i class=\"text-primary-500 text-3xl relative z-10 fa-regular fa-city\"><\/i>\n\t\t\t\t\t<\/a>\n\t\t\t\t\t\t\t\t\t<a href=\"https:\/\/www.enabel.be\/fr\/nos-actions\/defis-mondiaux\/tendances-demographiques\/\" target=\"blank\" class=\"card--link has-cursor card--animation bg-white text-black p-6 no-underline font-normal col-span-12 sm:col-span-6 lg:col-span-3 shadow-cp min-h-[180px] md:min-h-[245px] flex flex-col justify-between rounded-lg\" data-aos=\"fade-up\" data-aos-delay=\"200\">\n\t\t\t\t\t\t<div>\n\t\t\t\t\t\t\t\t\t\t\t\t\t\t\t<h2 class=\"mb-0\">Tendances d\u00e9mographiques<\/h2>\n\t\t\t\t\t\t\t\t\t\t\t\t\t\t\t\t\t\t\t\t<\/div>\n\t\t\t\t\t\t<i class=\"text-primary-500 text-3xl relative z-10 fa-regular fa-globe\"><\/i>\n\t\t\t\t\t<\/a>\n\t\t\t\t\t\t\t\t\t<a href=\"https:\/\/www.enabel.be\/fr\/nos-actions\/defis-mondiaux\/paix-stabilite-democratie\/\" target=\"blank\" class=\"card--link has-cursor card--animation bg-white text-black p-6 no-underline font-normal col-span-12 sm:col-span-6 lg:col-span-3 shadow-cp min-h-[180px] md:min-h-[245px] flex flex-col justify-between rounded-lg\" data-aos=\"fade-up\" data-aos-delay=\"300\">\n\t\t\t\t\t\t<div>\n\t\t\t\t\t\t\t\t\t\t\t\t\t\t\t<h2 class=\"mb-0\">Paix, stabilit\u00e9 et d\u00e9mocratie<\/h2>\n\t\t\t\t\t\t\t\t\t\t\t\t\t\t\t\t\t\t\t\t<\/div>\n\t\t\t\t\t\t<i class=\"text-primary-500 text-3xl relative z-10 fa-regular fa-dove\"><\/i>\n\t\t\t\t\t<\/a>\n\t\t\t\t\t\t\t\t\t<\/div>\n\t<\/div>\n<\/section>\n","protected":false},"excerpt":{"rendered":"","protected":false},"author":3,"featured_media":32866,"parent":4588,"menu_order":26,"comment_status":"closed","ping_status":"closed","template":"","meta":{"_acf_changed":false,"inline_featured_image":false,"footnotes":""},"class_list":["post-64784","page","type-page","status-publish","has-post-thumbnail","hentry"],"yoast_head":"<!-- This site is optimized with the Yoast SEO plugin v25.9 - https:\/\/yoast.com\/wordpress\/plugins\/seo\/ -->\n<title>Th\u00e8mes transversaux - Enabel - Agence belge de coop\u00e9ration internationale<\/title>\n<meta name=\"description\" content=\"Pour r\u00e9pondre efficacement aux d\u00e9fis du d\u00e9veloppement durable, Enabel int\u00e8gre dans l\u2019ensemble de ses actions cinq th\u00e8mes transversaux.\" \/>\n<meta name=\"robots\" content=\"index, follow, max-snippet:-1, max-image-preview:large, max-video-preview:-1\" \/>\n<link rel=\"canonical\" href=\"https:\/\/www.enabel.be\/fr\/nos-actions\/themes-transversaux\/\" \/>\n<meta property=\"og:locale\" content=\"fr_FR\" \/>\n<meta property=\"og:type\" content=\"article\" \/>\n<meta property=\"og:title\" content=\"Th\u00e8mes transversaux - Enabel - Agence belge de coop\u00e9ration internationale\" \/>\n<meta property=\"og:description\" content=\"Pour r\u00e9pondre efficacement aux d\u00e9fis du d\u00e9veloppement durable, Enabel int\u00e8gre dans l\u2019ensemble de ses actions cinq th\u00e8mes transversaux.\" \/>\n<meta property=\"og:url\" content=\"https:\/\/www.enabel.be\/fr\/nos-actions\/themes-transversaux\/\" \/>\n<meta property=\"og:site_name\" content=\"Enabel - Agence belge de coop\u00e9ration internationale\" \/>\n<meta property=\"article:publisher\" content=\"https:\/\/www.facebook.com\/EnabelBelgium\/\" \/>\n<meta property=\"article:modified_time\" content=\"2026-01-12T10:53:19+00:00\" \/>\n<meta property=\"og:image\" content=\"https:\/\/www.enabel.be\/app\/uploads\/2023\/11\/211109moz_enabel684-2-1-scaled.jpg\" \/>\n\t<meta property=\"og:image:width\" content=\"2560\" \/>\n\t<meta property=\"og:image:height\" content=\"1707\" \/>\n\t<meta property=\"og:image:type\" content=\"image\/jpeg\" \/>\n<meta name=\"twitter:card\" content=\"summary_large_image\" \/>\n<meta name=\"twitter:site\" content=\"@Enabel_Belgium\" \/>\n<meta name=\"twitter:label1\" content=\"Est. reading time\" \/>\n\t<meta name=\"twitter:data1\" content=\"1 minute\" \/>\n<script type=\"application\/ld+json\" class=\"yoast-schema-graph\">{\"@context\":\"https:\/\/schema.org\",\"@graph\":[{\"@type\":\"WebPage\",\"@id\":\"https:\/\/www.enabel.be\/fr\/nos-actions\/themes-transversaux\/\",\"url\":\"https:\/\/www.enabel.be\/fr\/nos-actions\/themes-transversaux\/\",\"name\":\"Th\u00e8mes transversaux - Enabel - Agence belge de coop\u00e9ration internationale\",\"isPartOf\":{\"@id\":\"https:\/\/www.enabel.be\/fr\/#website\"},\"primaryImageOfPage\":{\"@id\":\"https:\/\/www.enabel.be\/fr\/nos-actions\/themes-transversaux\/#primaryimage\"},\"image\":{\"@id\":\"https:\/\/www.enabel.be\/fr\/nos-actions\/themes-transversaux\/#primaryimage\"},\"thumbnailUrl\":\"https:\/\/www.enabel.be\/app\/uploads\/2023\/11\/211109moz_enabel684-2-1-scaled.jpg\",\"datePublished\":\"2026-01-12T10:52:53+00:00\",\"dateModified\":\"2026-01-12T10:53:19+00:00\",\"description\":\"Pour r\u00e9pondre efficacement aux d\u00e9fis du d\u00e9veloppement durable, Enabel int\u00e8gre dans l\u2019ensemble de ses actions cinq th\u00e8mes transversaux.\",\"breadcrumb\":{\"@id\":\"https:\/\/www.enabel.be\/fr\/nos-actions\/themes-transversaux\/#breadcrumb\"},\"inLanguage\":\"fr-FR\",\"potentialAction\":[{\"@type\":\"ReadAction\",\"target\":[\"https:\/\/www.enabel.be\/fr\/nos-actions\/themes-transversaux\/\"]}]},{\"@type\":\"ImageObject\",\"inLanguage\":\"fr-FR\",\"@id\":\"https:\/\/www.enabel.be\/fr\/nos-actions\/themes-transversaux\/#primaryimage\",\"url\":\"https:\/\/www.enabel.be\/app\/uploads\/2023\/11\/211109moz_enabel684-2-1-scaled.jpg\",\"contentUrl\":\"https:\/\/www.enabel.be\/app\/uploads\/2023\/11\/211109moz_enabel684-2-1-scaled.jpg\",\"width\":2560,\"height\":1707,\"caption\":\"close up of hands\"},{\"@type\":\"BreadcrumbList\",\"@id\":\"https:\/\/www.enabel.be\/fr\/nos-actions\/themes-transversaux\/#breadcrumb\",\"itemListElement\":[{\"@type\":\"ListItem\",\"position\":1,\"name\":\"Home\",\"item\":\"https:\/\/www.enabel.be\/fr\/\"},{\"@type\":\"ListItem\",\"position\":2,\"name\":\"Nos actions\",\"item\":\"https:\/\/www.enabel.be\/fr\/nos-actions\/\"},{\"@type\":\"ListItem\",\"position\":3,\"name\":\"Th\u00e8mes transversaux\"}]},{\"@type\":\"WebSite\",\"@id\":\"https:\/\/www.enabel.be\/fr\/#website\",\"url\":\"https:\/\/www.enabel.be\/fr\/\",\"name\":\"Enabel - Agence belge de coop\u00e9ration internationale\",\"description\":\"Enabling Change\",\"publisher\":{\"@id\":\"https:\/\/www.enabel.be\/fr\/#organization\"},\"potentialAction\":[{\"@type\":\"SearchAction\",\"target\":{\"@type\":\"EntryPoint\",\"urlTemplate\":\"https:\/\/www.enabel.be\/fr\/?s={search_term_string}\"},\"query-input\":{\"@type\":\"PropertyValueSpecification\",\"valueRequired\":true,\"valueName\":\"search_term_string\"}}],\"inLanguage\":\"fr-FR\"},{\"@type\":\"Organization\",\"@id\":\"https:\/\/www.enabel.be\/fr\/#organization\",\"name\":\"Enabel - Agence belge de coop\u00e9ration internationale\",\"url\":\"https:\/\/www.enabel.be\/fr\/\",\"logo\":{\"@type\":\"ImageObject\",\"inLanguage\":\"fr-FR\",\"@id\":\"https:\/\/www.enabel.be\/fr\/#\/schema\/logo\/image\/\",\"url\":\"https:\/\/www.enabel.be\/app\/uploads\/2022\/06\/enabel-logo-color.svg\",\"contentUrl\":\"https:\/\/www.enabel.be\/app\/uploads\/2022\/06\/enabel-logo-color.svg\",\"width\":103,\"height\":35,\"caption\":\"Enabel - Agence belge de coop\u00e9ration internationale\"},\"image\":{\"@id\":\"https:\/\/www.enabel.be\/fr\/#\/schema\/logo\/image\/\"},\"sameAs\":[\"https:\/\/www.facebook.com\/EnabelBelgium\/\",\"https:\/\/x.com\/Enabel_Belgium\",\"https:\/\/www.instagram.com\/enabel_be\/\",\"https:\/\/www.linkedin.com\/company\/enabel\/\",\"https:\/\/www.youtube.com\/channel\/UCHGr3iOQ9n2jORzgtkv5FyQ\"]}]}<\/script>\n<!-- \/ Yoast SEO plugin. -->","yoast_head_json":{"title":"Th\u00e8mes transversaux - Enabel - Agence belge de coop\u00e9ration internationale","description":"Pour r\u00e9pondre efficacement aux d\u00e9fis du d\u00e9veloppement durable, Enabel int\u00e8gre dans l\u2019ensemble de ses actions cinq th\u00e8mes transversaux.","robots":{"index":"index","follow":"follow","max-snippet":"max-snippet:-1","max-image-preview":"max-image-preview:large","max-video-preview":"max-video-preview:-1"},"canonical":"https:\/\/www.enabel.be\/fr\/nos-actions\/themes-transversaux\/","og_locale":"fr_FR","og_type":"article","og_title":"Th\u00e8mes transversaux - Enabel - Agence belge de coop\u00e9ration internationale","og_description":"Pour r\u00e9pondre efficacement aux d\u00e9fis du d\u00e9veloppement durable, Enabel int\u00e8gre dans l\u2019ensemble de ses actions cinq th\u00e8mes transversaux.","og_url":"https:\/\/www.enabel.be\/fr\/nos-actions\/themes-transversaux\/","og_site_name":"Enabel - Agence belge de coop\u00e9ration internationale","article_publisher":"https:\/\/www.facebook.com\/EnabelBelgium\/","article_modified_time":"2026-01-12T10:53:19+00:00","og_image":[{"width":2560,"height":1707,"url":"https:\/\/www.enabel.be\/app\/uploads\/2023\/11\/211109moz_enabel684-2-1-scaled.jpg","type":"image\/jpeg"}],"twitter_card":"summary_large_image","twitter_site":"@Enabel_Belgium","twitter_misc":{"Est. reading time":"1 minute"},"schema":{"@context":"https:\/\/schema.org","@graph":[{"@type":"WebPage","@id":"https:\/\/www.enabel.be\/fr\/nos-actions\/themes-transversaux\/","url":"https:\/\/www.enabel.be\/fr\/nos-actions\/themes-transversaux\/","name":"Th\u00e8mes transversaux - Enabel - Agence belge de coop\u00e9ration internationale","isPartOf":{"@id":"https:\/\/www.enabel.be\/fr\/#website"},"primaryImageOfPage":{"@id":"https:\/\/www.enabel.be\/fr\/nos-actions\/themes-transversaux\/#primaryimage"},"image":{"@id":"https:\/\/www.enabel.be\/fr\/nos-actions\/themes-transversaux\/#primaryimage"},"thumbnailUrl":"https:\/\/www.enabel.be\/app\/uploads\/2023\/11\/211109moz_enabel684-2-1-scaled.jpg","datePublished":"2026-01-12T10:52:53+00:00","dateModified":"2026-01-12T10:53:19+00:00","description":"Pour r\u00e9pondre efficacement aux d\u00e9fis du d\u00e9veloppement durable, Enabel int\u00e8gre dans l\u2019ensemble de ses actions cinq th\u00e8mes transversaux.","breadcrumb":{"@id":"https:\/\/www.enabel.be\/fr\/nos-actions\/themes-transversaux\/#breadcrumb"},"inLanguage":"fr-FR","potentialAction":[{"@type":"ReadAction","target":["https:\/\/www.enabel.be\/fr\/nos-actions\/themes-transversaux\/"]}]},{"@type":"ImageObject","inLanguage":"fr-FR","@id":"https:\/\/www.enabel.be\/fr\/nos-actions\/themes-transversaux\/#primaryimage","url":"https:\/\/www.enabel.be\/app\/uploads\/2023\/11\/211109moz_enabel684-2-1-scaled.jpg","contentUrl":"https:\/\/www.enabel.be\/app\/uploads\/2023\/11\/211109moz_enabel684-2-1-scaled.jpg","width":2560,"height":1707,"caption":"close up of hands"},{"@type":"BreadcrumbList","@id":"https:\/\/www.enabel.be\/fr\/nos-actions\/themes-transversaux\/#breadcrumb","itemListElement":[{"@type":"ListItem","position":1,"name":"Home","item":"https:\/\/www.enabel.be\/fr\/"},{"@type":"ListItem","position":2,"name":"Nos actions","item":"https:\/\/www.enabel.be\/fr\/nos-actions\/"},{"@type":"ListItem","position":3,"name":"Th\u00e8mes transversaux"}]},{"@type":"WebSite","@id":"https:\/\/www.enabel.be\/fr\/#website","url":"https:\/\/www.enabel.be\/fr\/","name":"Enabel - Agence belge de coop\u00e9ration internationale","description":"Enabling Change","publisher":{"@id":"https:\/\/www.enabel.be\/fr\/#organization"},"potentialAction":[{"@type":"SearchAction","target":{"@type":"EntryPoint","urlTemplate":"https:\/\/www.enabel.be\/fr\/?s={search_term_string}"},"query-input":{"@type":"PropertyValueSpecification","valueRequired":true,"valueName":"search_term_string"}}],"inLanguage":"fr-FR"},{"@type":"Organization","@id":"https:\/\/www.enabel.be\/fr\/#organization","name":"Enabel - Agence belge de coop\u00e9ration internationale","url":"https:\/\/www.enabel.be\/fr\/","logo":{"@type":"ImageObject","inLanguage":"fr-FR","@id":"https:\/\/www.enabel.be\/fr\/#\/schema\/logo\/image\/","url":"https:\/\/www.enabel.be\/app\/uploads\/2022\/06\/enabel-logo-color.svg","contentUrl":"https:\/\/www.enabel.be\/app\/uploads\/2022\/06\/enabel-logo-color.svg","width":103,"height":35,"caption":"Enabel - Agence belge de coop\u00e9ration internationale"},"image":{"@id":"https:\/\/www.enabel.be\/fr\/#\/schema\/logo\/image\/"},"sameAs":["https:\/\/www.facebook.com\/EnabelBelgium\/","https:\/\/x.com\/Enabel_Belgium","https:\/\/www.instagram.com\/enabel_be\/","https:\/\/www.linkedin.com\/company\/enabel\/","https:\/\/www.youtube.com\/channel\/UCHGr3iOQ9n2jORzgtkv5FyQ"]}]}},"acf":[],"_links":{"self":[{"href":"https:\/\/www.enabel.be\/fr\/wp-json\/wp\/v2\/pages\/64784","targetHints":{"allow":["GET"]}}],"collection":[{"href":"https:\/\/www.enabel.be\/fr\/wp-json\/wp\/v2\/pages"}],"about":[{"href":"https:\/\/www.enabel.be\/fr\/wp-json\/wp\/v2\/types\/page"}],"author":[{"embeddable":true,"href":"https:\/\/www.enabel.be\/fr\/wp-json\/wp\/v2\/users\/3"}],"replies":[{"embeddable":true,"href":"https:\/\/www.enabel.be\/fr\/wp-json\/wp\/v2\/comments?post=64784"}],"version-history":[{"count":2,"href":"https:\/\/www.enabel.be\/fr\/wp-json\/wp\/v2\/pages\/64784\/revisions"}],"predecessor-version":[{"id":64786,"href":"https:\/\/www.enabel.be\/fr\/wp-json\/wp\/v2\/pages\/64784\/revisions\/64786"}],"up":[{"embeddable":true,"href":"https:\/\/www.enabel.be\/fr\/wp-json\/wp\/v2\/pages\/4588"}],"wp:featuredmedia":[{"embeddable":true,"href":"https:\/\/www.enabel.be\/fr\/wp-json\/wp\/v2\/media\/32866"}],"wp:attachment":[{"href":"https:\/\/www.enabel.be\/fr\/wp-json\/wp\/v2\/media?parent=64784"}],"curies":[{"name":"wp","href":"https:\/\/api.w.org\/{rel}","templated":true}]}}