{"id":9256,"date":"2022-10-17T08:49:22","date_gmt":"2022-10-17T08:49:22","guid":{"rendered":"https:\/\/www.enabel.be\/?page_id=9256"},"modified":"2025-06-18T11:58:35","modified_gmt":"2025-06-18T11:58:35","slug":"accessibilite-du-site","status":"publish","type":"page","link":"https:\/\/www.enabel.be\/fr\/accessibilite-du-site\/","title":{"rendered":"Accessibilit\u00e9 du site"},"content":{"rendered":"<header class=\"header--big relative flex align-center items-center min-h-[50vh] mt-[115px]\">\n\t<div class=\"z-20 container grid grid-cols-12\">\n\t\t<div class=\"z-30 relative col-span-12 md:col-span-8 col-start-1 md:col-start-3 text-center text-white\">\n\t\t\t\t\t\t<h1 data-aos=\"fade-up mb-0\">Accessibilit\u00e9 du site<\/h1>\n\t\t\t\t\t<\/div>\n\t<\/div>\n\t\t\t\t\t\t\t<img decoding=\"async\" width=\"1920\" height=\"1280\" src=\"https:\/\/www.enabel.be\/app\/uploads\/2022\/09\/0052.jpg\" class=\"z-0 absolute inset-0 w-full h-full object-cover object-top wp-post-image\" alt=\"\" srcset=\"https:\/\/www.enabel.be\/app\/uploads\/2022\/09\/0052.jpg 1920w, https:\/\/www.enabel.be\/app\/uploads\/2022\/09\/0052-300x200.jpg 300w, https:\/\/www.enabel.be\/app\/uploads\/2022\/09\/0052-1024x683.jpg 1024w, https:\/\/www.enabel.be\/app\/uploads\/2022\/09\/0052-768x512.jpg 768w, https:\/\/www.enabel.be\/app\/uploads\/2022\/09\/0052-1536x1024.jpg 1536w\" sizes=\"(max-width: 1920px) 100vw, 1920px\" \/>\n\t\t\t\t\t<div class=\"scroll rellax\" data-rellax-percentage=\"0.5\" data-rellax-speed=\"-1.5\">\n\t\t<p>\n\t\t\tScroll\n\t\t<\/p>\n\t<\/div>\n<\/header>\n\n<section class=\"section--article-content\">\n    <div class=\"container grid grid-cols-12\">\n        <div class=\"col-span-12 col-start-1 md:col-span-8 md:col-start-3\">\n            <p>&nbsp;<\/p>\n<p>Enabel s&rsquo;engage \u00e0 rendre ce site accessible, conform\u00e9ment \u00e0 la l\u00e9gislation suivante : Loi du 19 juillet 2018 relative \u00e0 l\u2019accessibilit\u00e9 des sites internet et des applications mobiles des organismes du secteur public.<\/p>\n<p>La pr\u00e9sente d\u00e9claration d&rsquo;accessibilit\u00e9 s&rsquo;applique \u00e0 : <a href=\"https:\/\/www.enabel.be\/\" target=\"_blank\" rel=\"noopener\">https:\/\/www.enabel.be\/<\/a><\/p>\n<h3><span class=\"text-primary-500\"><strong><br \/>\nNiveau de conformit\u00e9<\/strong><\/span><\/h3>\n<p>Ce site web est partiellement conforme. Les non-conformit\u00e9s et les exemptions sont \u00e9num\u00e9r\u00e9es ci-dessous.<\/p>\n<p>&nbsp;<\/p>\n<h3><span class=\"text-primary-500\"><strong>Pr\u00e9paration de votre d\u00e9claration<\/strong><\/span><\/h3>\n<p>Un audit externe de l&rsquo;accessibilit\u00e9 a \u00e9t\u00e9 effectu\u00e9. Cet audit consistait en une analyse simplifi\u00e9e. Vous pouvez consulter le rapport ici : <a href=\"https:\/\/reports.accessibility.belgium.be\/ac\/2025\/bosa\/simplified\/www.enabel.be-4a1b3e71\/2025-06-11.fr.html\" target=\"_blank\" rel=\"noopener\">https:\/\/reports.accessibility.belgium.be\/ac\/2025\/bosa\/simplified\/www.enabel.be-4a1b3e71\/2025-06-11.fr.html<\/a><\/p>\n<h3><span class=\"text-primary-500\"><strong><br \/>\nContenu non accessible<\/strong><\/span><\/h3>\n<ul style=\"list-style-type: disc;\">\n<li>Certains \u00e9l\u00e9ments n\u2019ont pas un contraste de couleurs suffisant.<\/li>\n<li>Les attributs et r\u00f4les ARIA ne sont pas conformes aux noms et valeurs valides.<\/li>\n<li>Certaines images et vid\u00e9os n\u2019ont pas d\u2019alternative textuelle correcte.<\/li>\n<li>La structure html doit \u00eatre am\u00e9lior\u00e9e pour le contenu certaines pages (par exemple, hi\u00e9rarchie des balises de titres et sous-titres). Ceci vaut \u00e9galement pour certains tableaux (utilisation des en-t\u00eates et certains attributs ou \u00e9l\u00e9ments manquants).<\/li>\n<li>Certains liens ne sont pas clairs ou n&rsquo;ont pas un texte perceptible.<\/li>\n<li>Certains documents Word, Excel ou PDF ne sont pas compl\u00e8tement accessibles.<\/li>\n<li>Le s\u00e9lecteur de langue et le menu de navigation ne sont pas accessibles via clavier.<\/li>\n<li>Le champs \u201crecherche\u201d n\u2019a pas de label.<\/li>\n<li>Un focus\/cadre n\u2019est pas visible sur les \u00e9l\u00e9ments cliquables.<\/li>\n<li>Certains blocs d\u00e9roulants ne peuvent pas \u00eatre ouverts \u00e0 l&rsquo;aide du clavier.<\/li>\n<\/ul>\n<p>&nbsp;<\/p>\n<h3><span class=\"text-primary-500\"><strong>Alternatives propos\u00e9es<\/strong><\/span><\/h3>\n<p>Une partie des contenus non accessibles n\u2019ont pour le moment pas d\u2019alternatives.<\/p>\n<p>Si vous souhaitez obtenir certains documents (Word, Excel, PDF) non accessibles, n\u2019h\u00e9sitez pas \u00e0 nous contacter via les coordonn\u00e9es de contact disponibles ci-dessous. Nous appuierons votre demande dans les plus brefs d\u00e9lais.<\/p>\n<p>&nbsp;<\/p>\n<h3><span class=\"text-primary-500\"><strong>Coordonn\u00e9es de contact<\/strong><\/span><\/h3>\n<p>En cas de question ou r\u00e9flexion sur l&rsquo;accessibilit\u00e9 de notre site\/application, vous pouvez contacter :<br \/>\nEnabel, l\u2019agence belge de coop\u00e9ration internationale<br \/>\nRue Haute, 147, 1000 Bruxelles<br \/>\nEmail : communication@enabel.be<\/p>\n<p>En cas de non r\u00e9ponse ou de r\u00e9ponse non satisfaisante, vous pouvez contacter notre service de plaintes : <a href=\"https:\/\/www.enabel.be\/fr\/soumettre-une-plainte\/\" target=\"_blank\" rel=\"noopener\">https:\/\/www.enabel.be\/fr\/soumettre-une-plainte\/<\/a><\/p>\n<p>Si le service ci-dessus ne r\u00e9pond pas, vous pouvez contacter le m\u00e9diateur suivant :<br \/>\nM\u00e9diateur f\u00e9d\u00e9ral<br \/>\nRue de Louvain 48 \u2013 1000 Bruxelles<br \/>\nE-mail contact@mediateurfederal.be<br \/>\nSite web : <a href=\"http:\/\/www.federaalombudsman.be\/fr\" target=\"_blank\" rel=\"noopener\">http:\/\/www.federaalombudsman.be\/fr<\/a><\/p>\n<p>&nbsp;<\/p>\n<h3><span class=\"text-primary-500\"><strong>Plan d&rsquo;am\u00e9lioration<\/strong><\/span><\/h3>\n<p>Nous travaillons avec l&rsquo;\u00e9quipe de d\u00e9veloppement pour d\u00e9terminer les am\u00e9liorations prioritaires, notamment en ce qui concerne un contraste de couleurs suffisant. Cette liste sera mise \u00e0 jour r\u00e9guli\u00e8rement.<br \/>\nLe site web est am\u00e9lior\u00e9 de mani\u00e8re constante pour une utilisation optimale par tous les utilisateurs, y compris les personnes vivant avec un handicap.<\/p>\n<p>Cette d\u00e9claration a \u00e9t\u00e9 pr\u00e9par\u00e9e le 18\/06\/2025.<br \/>\nLe dernier examen de la d\u00e9claration a eu lieu le 11\/06\/2025.<\/p>\n\n        <\/div>\n    <\/div>\n<\/section>\n","protected":false},"excerpt":{"rendered":"","protected":false},"author":3,"featured_media":6050,"parent":0,"menu_order":10,"comment_status":"closed","ping_status":"closed","template":"","meta":{"_acf_changed":false,"inline_featured_image":false,"footnotes":""},"class_list":["post-9256","page","type-page","status-publish","has-post-thumbnail","hentry"],"yoast_head":"<!-- This site is optimized with the Yoast SEO plugin v25.9 - https:\/\/yoast.com\/wordpress\/plugins\/seo\/ -->\n<title>Accessibilit\u00e9 du site - Enabel - Agence belge de coop\u00e9ration internationale<\/title>\n<meta name=\"robots\" content=\"index, follow, max-snippet:-1, max-image-preview:large, max-video-preview:-1\" \/>\n<link rel=\"canonical\" href=\"https:\/\/www.enabel.be\/fr\/accessibilite-du-site\/\" \/>\n<meta property=\"og:locale\" content=\"fr_FR\" \/>\n<meta property=\"og:type\" content=\"article\" \/>\n<meta property=\"og:title\" content=\"Accessibilit\u00e9 du site - Enabel - Agence belge de coop\u00e9ration internationale\" \/>\n<meta property=\"og:url\" content=\"https:\/\/www.enabel.be\/fr\/accessibilite-du-site\/\" \/>\n<meta property=\"og:site_name\" content=\"Enabel - Agence belge de coop\u00e9ration internationale\" \/>\n<meta property=\"article:publisher\" content=\"https:\/\/www.facebook.com\/EnabelBelgium\/\" \/>\n<meta property=\"article:modified_time\" content=\"2025-06-18T11:58:35+00:00\" \/>\n<meta property=\"og:image\" content=\"https:\/\/www.enabel.be\/app\/uploads\/2022\/09\/0052.jpg\" \/>\n\t<meta property=\"og:image:width\" content=\"1920\" \/>\n\t<meta property=\"og:image:height\" content=\"1280\" \/>\n\t<meta property=\"og:image:type\" content=\"image\/jpeg\" \/>\n<meta name=\"twitter:card\" content=\"summary_large_image\" \/>\n<meta name=\"twitter:site\" content=\"@Enabel_Belgium\" \/>\n<meta name=\"twitter:label1\" content=\"Est. reading time\" \/>\n\t<meta name=\"twitter:data1\" content=\"3 minutes\" \/>\n<script type=\"application\/ld+json\" class=\"yoast-schema-graph\">{\"@context\":\"https:\/\/schema.org\",\"@graph\":[{\"@type\":\"WebPage\",\"@id\":\"https:\/\/www.enabel.be\/fr\/accessibilite-du-site\/\",\"url\":\"https:\/\/www.enabel.be\/fr\/accessibilite-du-site\/\",\"name\":\"Accessibilit\u00e9 du site - Enabel - Agence belge de coop\u00e9ration internationale\",\"isPartOf\":{\"@id\":\"https:\/\/www.enabel.be\/fr\/#website\"},\"primaryImageOfPage\":{\"@id\":\"https:\/\/www.enabel.be\/fr\/accessibilite-du-site\/#primaryimage\"},\"image\":{\"@id\":\"https:\/\/www.enabel.be\/fr\/accessibilite-du-site\/#primaryimage\"},\"thumbnailUrl\":\"https:\/\/www.enabel.be\/app\/uploads\/2022\/09\/0052.jpg\",\"datePublished\":\"2022-10-17T08:49:22+00:00\",\"dateModified\":\"2025-06-18T11:58:35+00:00\",\"breadcrumb\":{\"@id\":\"https:\/\/www.enabel.be\/fr\/accessibilite-du-site\/#breadcrumb\"},\"inLanguage\":\"fr-FR\",\"potentialAction\":[{\"@type\":\"ReadAction\",\"target\":[\"https:\/\/www.enabel.be\/fr\/accessibilite-du-site\/\"]}]},{\"@type\":\"ImageObject\",\"inLanguage\":\"fr-FR\",\"@id\":\"https:\/\/www.enabel.be\/fr\/accessibilite-du-site\/#primaryimage\",\"url\":\"https:\/\/www.enabel.be\/app\/uploads\/2022\/09\/0052.jpg\",\"contentUrl\":\"https:\/\/www.enabel.be\/app\/uploads\/2022\/09\/0052.jpg\",\"width\":1920,\"height\":1280},{\"@type\":\"BreadcrumbList\",\"@id\":\"https:\/\/www.enabel.be\/fr\/accessibilite-du-site\/#breadcrumb\",\"itemListElement\":[{\"@type\":\"ListItem\",\"position\":1,\"name\":\"Home\",\"item\":\"https:\/\/www.enabel.be\/fr\/\"},{\"@type\":\"ListItem\",\"position\":2,\"name\":\"Accessibilit\u00e9 du site\"}]},{\"@type\":\"WebSite\",\"@id\":\"https:\/\/www.enabel.be\/fr\/#website\",\"url\":\"https:\/\/www.enabel.be\/fr\/\",\"name\":\"Enabel - Agence belge de coop\u00e9ration internationale\",\"description\":\"Enabling Change\",\"publisher\":{\"@id\":\"https:\/\/www.enabel.be\/fr\/#organization\"},\"potentialAction\":[{\"@type\":\"SearchAction\",\"target\":{\"@type\":\"EntryPoint\",\"urlTemplate\":\"https:\/\/www.enabel.be\/fr\/?s={search_term_string}\"},\"query-input\":{\"@type\":\"PropertyValueSpecification\",\"valueRequired\":true,\"valueName\":\"search_term_string\"}}],\"inLanguage\":\"fr-FR\"},{\"@type\":\"Organization\",\"@id\":\"https:\/\/www.enabel.be\/fr\/#organization\",\"name\":\"Enabel - Agence belge de coop\u00e9ration internationale\",\"url\":\"https:\/\/www.enabel.be\/fr\/\",\"logo\":{\"@type\":\"ImageObject\",\"inLanguage\":\"fr-FR\",\"@id\":\"https:\/\/www.enabel.be\/fr\/#\/schema\/logo\/image\/\",\"url\":\"https:\/\/www.enabel.be\/app\/uploads\/2022\/06\/enabel-logo-color.svg\",\"contentUrl\":\"https:\/\/www.enabel.be\/app\/uploads\/2022\/06\/enabel-logo-color.svg\",\"width\":103,\"height\":35,\"caption\":\"Enabel - Agence belge de coop\u00e9ration internationale\"},\"image\":{\"@id\":\"https:\/\/www.enabel.be\/fr\/#\/schema\/logo\/image\/\"},\"sameAs\":[\"https:\/\/www.facebook.com\/EnabelBelgium\/\",\"https:\/\/x.com\/Enabel_Belgium\",\"https:\/\/www.instagram.com\/enabel_be\/\",\"https:\/\/www.linkedin.com\/company\/enabel\/\",\"https:\/\/www.youtube.com\/channel\/UCHGr3iOQ9n2jORzgtkv5FyQ\"]}]}<\/script>\n<!-- \/ Yoast SEO plugin. -->","yoast_head_json":{"title":"Accessibilit\u00e9 du site - Enabel - Agence belge de coop\u00e9ration internationale","robots":{"index":"index","follow":"follow","max-snippet":"max-snippet:-1","max-image-preview":"max-image-preview:large","max-video-preview":"max-video-preview:-1"},"canonical":"https:\/\/www.enabel.be\/fr\/accessibilite-du-site\/","og_locale":"fr_FR","og_type":"article","og_title":"Accessibilit\u00e9 du site - Enabel - Agence belge de coop\u00e9ration internationale","og_url":"https:\/\/www.enabel.be\/fr\/accessibilite-du-site\/","og_site_name":"Enabel - Agence belge de coop\u00e9ration internationale","article_publisher":"https:\/\/www.facebook.com\/EnabelBelgium\/","article_modified_time":"2025-06-18T11:58:35+00:00","og_image":[{"width":1920,"height":1280,"url":"https:\/\/www.enabel.be\/app\/uploads\/2022\/09\/0052.jpg","type":"image\/jpeg"}],"twitter_card":"summary_large_image","twitter_site":"@Enabel_Belgium","twitter_misc":{"Est. reading time":"3 minutes"},"schema":{"@context":"https:\/\/schema.org","@graph":[{"@type":"WebPage","@id":"https:\/\/www.enabel.be\/fr\/accessibilite-du-site\/","url":"https:\/\/www.enabel.be\/fr\/accessibilite-du-site\/","name":"Accessibilit\u00e9 du site - Enabel - Agence belge de coop\u00e9ration internationale","isPartOf":{"@id":"https:\/\/www.enabel.be\/fr\/#website"},"primaryImageOfPage":{"@id":"https:\/\/www.enabel.be\/fr\/accessibilite-du-site\/#primaryimage"},"image":{"@id":"https:\/\/www.enabel.be\/fr\/accessibilite-du-site\/#primaryimage"},"thumbnailUrl":"https:\/\/www.enabel.be\/app\/uploads\/2022\/09\/0052.jpg","datePublished":"2022-10-17T08:49:22+00:00","dateModified":"2025-06-18T11:58:35+00:00","breadcrumb":{"@id":"https:\/\/www.enabel.be\/fr\/accessibilite-du-site\/#breadcrumb"},"inLanguage":"fr-FR","potentialAction":[{"@type":"ReadAction","target":["https:\/\/www.enabel.be\/fr\/accessibilite-du-site\/"]}]},{"@type":"ImageObject","inLanguage":"fr-FR","@id":"https:\/\/www.enabel.be\/fr\/accessibilite-du-site\/#primaryimage","url":"https:\/\/www.enabel.be\/app\/uploads\/2022\/09\/0052.jpg","contentUrl":"https:\/\/www.enabel.be\/app\/uploads\/2022\/09\/0052.jpg","width":1920,"height":1280},{"@type":"BreadcrumbList","@id":"https:\/\/www.enabel.be\/fr\/accessibilite-du-site\/#breadcrumb","itemListElement":[{"@type":"ListItem","position":1,"name":"Home","item":"https:\/\/www.enabel.be\/fr\/"},{"@type":"ListItem","position":2,"name":"Accessibilit\u00e9 du site"}]},{"@type":"WebSite","@id":"https:\/\/www.enabel.be\/fr\/#website","url":"https:\/\/www.enabel.be\/fr\/","name":"Enabel - Agence belge de coop\u00e9ration internationale","description":"Enabling Change","publisher":{"@id":"https:\/\/www.enabel.be\/fr\/#organization"},"potentialAction":[{"@type":"SearchAction","target":{"@type":"EntryPoint","urlTemplate":"https:\/\/www.enabel.be\/fr\/?s={search_term_string}"},"query-input":{"@type":"PropertyValueSpecification","valueRequired":true,"valueName":"search_term_string"}}],"inLanguage":"fr-FR"},{"@type":"Organization","@id":"https:\/\/www.enabel.be\/fr\/#organization","name":"Enabel - Agence belge de coop\u00e9ration internationale","url":"https:\/\/www.enabel.be\/fr\/","logo":{"@type":"ImageObject","inLanguage":"fr-FR","@id":"https:\/\/www.enabel.be\/fr\/#\/schema\/logo\/image\/","url":"https:\/\/www.enabel.be\/app\/uploads\/2022\/06\/enabel-logo-color.svg","contentUrl":"https:\/\/www.enabel.be\/app\/uploads\/2022\/06\/enabel-logo-color.svg","width":103,"height":35,"caption":"Enabel - Agence belge de coop\u00e9ration internationale"},"image":{"@id":"https:\/\/www.enabel.be\/fr\/#\/schema\/logo\/image\/"},"sameAs":["https:\/\/www.facebook.com\/EnabelBelgium\/","https:\/\/x.com\/Enabel_Belgium","https:\/\/www.instagram.com\/enabel_be\/","https:\/\/www.linkedin.com\/company\/enabel\/","https:\/\/www.youtube.com\/channel\/UCHGr3iOQ9n2jORzgtkv5FyQ"]}]}},"acf":[],"_links":{"self":[{"href":"https:\/\/www.enabel.be\/fr\/wp-json\/wp\/v2\/pages\/9256","targetHints":{"allow":["GET"]}}],"collection":[{"href":"https:\/\/www.enabel.be\/fr\/wp-json\/wp\/v2\/pages"}],"about":[{"href":"https:\/\/www.enabel.be\/fr\/wp-json\/wp\/v2\/types\/page"}],"author":[{"embeddable":true,"href":"https:\/\/www.enabel.be\/fr\/wp-json\/wp\/v2\/users\/3"}],"replies":[{"embeddable":true,"href":"https:\/\/www.enabel.be\/fr\/wp-json\/wp\/v2\/comments?post=9256"}],"version-history":[{"count":13,"href":"https:\/\/www.enabel.be\/fr\/wp-json\/wp\/v2\/pages\/9256\/revisions"}],"predecessor-version":[{"id":55709,"href":"https:\/\/www.enabel.be\/fr\/wp-json\/wp\/v2\/pages\/9256\/revisions\/55709"}],"wp:featuredmedia":[{"embeddable":true,"href":"https:\/\/www.enabel.be\/fr\/wp-json\/wp\/v2\/media\/6050"}],"wp:attachment":[{"href":"https:\/\/www.enabel.be\/fr\/wp-json\/wp\/v2\/media?parent=9256"}],"curies":[{"name":"wp","href":"https:\/\/api.w.org\/{rel}","templated":true}]}}